{"id":3186,"date":"2026-01-28T15:19:36","date_gmt":"2026-01-28T15:19:36","guid":{"rendered":"https:\/\/atelierbyedificam.com\/aviso-legal\/"},"modified":"2026-05-12T12:56:57","modified_gmt":"2026-05-12T12:56:57","slug":"aviso-legal","status":"publish","type":"page","link":"https:\/\/atelierbyedificam.com\/es\/aviso-legal\/","title":{"rendered":"Aviso legal"},"content":{"rendered":"<p>[et_pb_section fb_built=\u00bb1&#8243; _builder_version=\u00bb4.27.5&#8243; _module_preset=\u00bbdefault\u00bb background_color=\u00bb#F1ECE6&#8243; custom_margin=\u00bb-170px||||false|false\u00bb custom_padding=\u00bb170px||||false|false\u00bb locked=\u00bboff\u00bb global_colors_info=\u00bb{}\u00bb][et_pb_row column_structure=\u00bb2_3,1_3&#8243; _builder_version=\u00bb4.27.6&#8243; _module_preset=\u00bbdefault\u00bb width=\u00bb95%\u00bb max_width=\u00bb95%\u00bb custom_padding=\u00bb3%||||false|false\u00bb hover_enabled=\u00bb0&#8243; locked=\u00bboff\u00bb global_colors_info=\u00bb{}\u00bb width_last_edited=\u00bbon|phone\u00bb sticky_enabled=\u00bb0&#8243; width_tablet=\u00bb90%\u00bb width_phone=\u00bb90%\u00bb max_width_last_edited=\u00bbon|desktop\u00bb max_width_phone=\u00bb90%\u00bb max_width_tablet=\u00bb90%\u00bb][et_pb_column type=\u00bb2_3&#8243; _builder_version=\u00bb4.27.5&#8243; _module_preset=\u00bbdefault\u00bb custom_padding=\u00bb|1%|||false|false\u00bb global_colors_info=\u00bb{}\u00bb][et_pb_text _builder_version=\u00bb4.27.6&#8243; _module_preset=\u00bbdefault\u00bb header_font=\u00bbRoboto Condensed|300||on|||||\u00bb header_text_color=\u00bb#626c5b\u00bb header_font_size=\u00bb20px\u00bb max_width=\u00bb700px\u00bb global_colors_info=\u00bb{}\u00bb]<\/p>\n<h1>Aviso legal<\/h1>\n<p>[\/et_pb_text][et_pb_text ul_type=\u00bbsquare\u00bb _builder_version=\u00bb4.27.6&#8243; _module_preset=\u00bbdefault\u00bb text_font=\u00bbRoboto Condensed||||||||\u00bb text_text_color=\u00bb#9DA79B\u00bb text_letter_spacing=\u00bb-0.5px\u00bb text_line_height=\u00bb1.3em\u00bb link_font=\u00bbRoboto Condensed||||||||\u00bb link_text_color=\u00bb#626C5B\u00bb ul_font=\u00bbRoboto Condensed||||||||\u00bb ul_text_color=\u00bb#9DA79B\u00bb header_font=\u00bbRoboto Condensed|||on|||||\u00bb header_font_size=\u00bb15px\u00bb header_2_font=\u00bbRoboto Condensed||||||||\u00bb header_2_text_color=\u00bb#626c5b\u00bb header_4_font=\u00bbRoboto Condensed|||on|||||\u00bb header_4_text_color=\u00bb#626c5b\u00bb header_4_font_size=\u00bb15px\u00bb global_colors_info=\u00bb{}\u00bb]<\/p>\n<p>EDIFICAM ILLES SL, responsable de este sitio web (en adelante, el RESPONSABLE), pone a disposici\u00f3n de los usuarios el presente documento para cumplir con sus obligaciones derivadas de la Ley 34\/2002, de 11 de julio, de Servicios de la Sociedad de la Informaci\u00f3n y de Comercio Electr\u00f3nico (LSSICE), publicada en el Bolet\u00edn Oficial n.\u00ba 166, y para informar a todos los usuarios del sitio web sobre los t\u00e9rminos y condiciones de uso.<\/p>\n<p><\/p>\n<p>Cualquier persona que acceda a este sitio web asume la condici\u00f3n de usuario y se compromete a observar y cumplir estrictamente las disposiciones aqu\u00ed establecidas, as\u00ed como la dem\u00e1s normativa legal aplicable.<\/p>\n<p><\/p>\n<p>EDIFICAM ILLES SL se reserva el derecho de modificar cualquier tipo de informaci\u00f3n que pueda aparecer en el sitio web sin obligaci\u00f3n de dar aviso previo ni de informar a los usuarios de dichas obligaciones, que se consideran suficientemente comunicadas mediante su publicaci\u00f3n en el sitio web de EDIFICAM ILLES SL.<\/p>\n<p><\/p>\n<h4>Datos de identificaci\u00f3n<\/h4>\n<p><\/p>\n<p>Nombre de dominio: <a href=\"http:\/\/www.edificam.com\" target=\"_blank\" rel=\"noopener\">www.edificam.com<\/a><br \/>Nombre comercial: EDIFICAM<br \/>Nombre de empresa: EDIFICAM ILLES SL<br \/>NIF: B57327124<br \/>Direcci\u00f3n de la empresa: Mar Mediterr\u00e1nea 16, Pol. Son Bugadelles, 07180, Calvi\u00e0, Mallorca, Illes Balears ESPA\u00d1A<br \/>Telefon: <a href=\"tel:+34971690680\">971690680<\/a><br \/>E-Mail:\u00a0<a href=\"mailto:edificam@edificam.com\">edificam@edificam.com<\/a><br \/>Inscrita en el Registro Mercantil de Palma de Mallorca. T 2116, F 50, H PM 4989090<\/p>\n<p><\/p>\n<h4>Derechos de propiedad intelectual e industrial<\/h4>\n<p><\/p>\n<p>El sitio web, incluyendo, entre otros, su programaci\u00f3n, edici\u00f3n, compilaci\u00f3n y dem\u00e1s elementos necesarios para su funcionamiento, dise\u00f1os, logotipos, textos y\/o gr\u00e1ficos, son propiedad del RESPONSABLE DEL TRATAMIENTO o, en su caso, est\u00e1n licenciados o expresamente autorizados por sus autores. Todo el contenido del sitio web est\u00e1 protegido por la normativa de propiedad intelectual e industrial y registrado en los registros p\u00fablicos correspondientes.<\/p>\n<p><\/p>\n<p>Independientemente de la finalidad prevista, cualquier reproducci\u00f3n, uso, explotaci\u00f3n, distribuci\u00f3n o comercializaci\u00f3n, total o parcial, requiere el consentimiento previo por escrito del RESPONSABLE DEL TRATAMIENTO. Cualquier uso no autorizado se considera una infracci\u00f3n grave de los derechos de propiedad intelectual o industrial del autor.<\/p>\n<p><\/p>\n<p>Los dise\u00f1os, logotipos, textos y\/o gr\u00e1ficos que se encuentren fuera del control del RESPONSABLE DEL TRATAMIENTO y que puedan aparecer en el sitio web pertenecen a sus respectivos propietarios, quienes son los \u00fanicos responsables de cualquier controversia que pudiera surgir en relaci\u00f3n con ellos. El RESPONSABLE DEL TRATAMIENTO autoriza expresamente a terceros a enlazar directamente con el contenido espec\u00edfico del sitio web y, en cualquier caso, con la p\u00e1gina principal de www.edificam.com.<\/p>\n<p><\/p>\n<p>El RESPONSABLE del tratamiento reconoce los correspondientes derechos de propiedad intelectual e industrial en nombre de sus titulares y no implica, por la mera menci\u00f3n o aparici\u00f3n de estos derechos en el sitio web, la existencia de derecho o responsabilidad alguna sobre ellos, ni tampoco implica su respaldo, patrocinio o recomendaci\u00f3n.<\/p>\n<p><\/p>\n<p>Puede comunicar cualquier posible infracci\u00f3n de derechos de propiedad intelectual o industrial, as\u00ed como del contenido del sitio web, a <a href=\"mailto:rgpd@edificam.com\">rgpd@edificam.com<\/a>.<\/p>\n<p><\/p>\n<h4>Exclusi\u00f3n de responsabilidad<\/h4>\n<p><\/p>\n<p>El RESPONSABLE del tratamiento queda exento de cualquier tipo de responsabilidad derivada de la informaci\u00f3n publicada en su sitio web, en la medida en que dicha informaci\u00f3n haya sido manipulada o introducida por terceros.<\/p>\n<p><\/p>\n<h4>Uso de cookies<\/h4>\n<p><\/p>\n<p>Este sitio web puede utilizar cookies t\u00e9cnicas (peque\u00f1os archivos de informaci\u00f3n que el servidor env\u00eda al ordenador del usuario) para realizar ciertas funciones esenciales para el correcto funcionamiento y visualizaci\u00f3n del sitio. Las cookies utilizadas son temporales y est\u00e1n dise\u00f1adas para optimizar la navegaci\u00f3n. Desaparecen al finalizar la sesi\u00f3n del usuario. En ning\u00fan caso estas cookies proporcionar\u00e1n datos personales ni se utilizar\u00e1n para recopilarlos.<\/p>\n<p><\/p>\n<p>Mediante el uso de cookies, el servidor que aloja el sitio web tambi\u00e9n puede reconocer el navegador del usuario para simplificar la navegaci\u00f3n. Por ejemplo, esto permite a los usuarios previamente registrados acceder a \u00e1reas, servicios, promociones o concursos exclusivos sin tener que registrarse de nuevo en cada visita. Tambi\u00e9n se pueden utilizar para medir el alcance de la audiencia, los par\u00e1metros de tr\u00e1fico, el progreso y el n\u00famero de entradas, entre otras cosas. En estos casos, las cookies son t\u00e9cnicamente innecesarias, pero beneficiosas para el usuario. Este sitio web no instala cookies no esenciales sin el consentimiento previo del usuario.<\/p>\n<p><\/p>\n<p>Los usuarios pueden configurar su navegador para que les notifique cuando se reciban cookies y evitar su instalaci\u00f3n. Consulte las instrucciones de su navegador para obtener m\u00e1s informaci\u00f3n.<\/p>\n<p><\/p>\n<ul>\n<li>Desde este sitio web, es posible que se le redirija a contenido de terceros. Dado que el RESPONSABLE DEL TRATAMIENTO no siempre puede controlar el contenido proporcionado por terceros en sus respectivos sitios web, no asume ninguna responsabilidad por dicho contenido. En cualquier caso, el RESPONSABLE DEL TRATAMIENTO eliminar\u00e1 de inmediato cualquier contenido que infrinja la legislaci\u00f3n nacional o internacional, las buenas costumbres o el orden p\u00fablico, y eliminar\u00e1 inmediatamente el enlace al sitio web y notificar\u00e1 a las autoridades competentes sobre el contenido en cuesti\u00f3n.<\/li>\n<\/ul>\n<p><\/p>\n<p>El RESPONSABLE del Tratamiento no se responsabiliza de la informaci\u00f3n y el contenido almacenados, por ejemplo, en foros, chats, blogs, comentarios, redes sociales o mediante otros medios que permitan a terceros publicar contenido de forma independiente en su sitio web. No obstante, de conformidad con lo dispuesto en los art\u00edculos 11 y 16 de la LSSICE (Ley de Servicios de la Sociedad de la Informaci\u00f3n y de Comercio Electr\u00f3nico), esta informaci\u00f3n se pone a disposici\u00f3n de todos los usuarios, autoridades y fuerzas de seguridad que participen activamente en la retirada o, en su caso, el bloqueo de cualquier contenido que pueda infringir o vulnerar la legislaci\u00f3n nacional o internacional, los derechos de terceros o la moral y el orden p\u00fablicos. Si un usuario considera que existe contenido en el sitio web que pudiera estar sujeto a esta clasificaci\u00f3n, deber\u00e1 notificarlo inmediatamente al administrador del sitio web.<\/p>\n<p><\/p>\n<p>Este sitio web ha sido revisado y probado para garantizar su correcto funcionamiento. En principio, se garantiza su funcionamiento ininterrumpido las 24 horas del d\u00eda, los 365 d\u00edas del a\u00f1o. El RESPONSABLE del Tratamiento no descarta la posibilidad de que se produzcan ciertos errores de programaci\u00f3n o fuerza mayor, cat\u00e1strofes naturales, huelgas o circunstancias similares que imposibiliten el acceso al sitio web.<\/p>\n<p><\/p>\n<h4>Direcciones IP<\/h4>\n<p><\/p>\n<p>Los servidores web pueden detectar autom\u00e1ticamente la direcci\u00f3n IP y el nombre de dominio que utiliza el usuario. Una direcci\u00f3n IP es un n\u00famero que se asigna autom\u00e1ticamente a un ordenador cuando se conecta a internet. Toda esta informaci\u00f3n se registra en un registro de actividad del servidor debidamente registrado, lo que permite procesar los datos posteriormente para obtener mediciones estad\u00edsticas. Estas mediciones nos permiten determinar el n\u00famero de p\u00e1ginas vistas, el n\u00famero de visitas a los servidores web, la secuencia de visitas, el punto de acceso, etc.<\/p>\n<p><\/p>\n<h4>Ley aplicable y jurisdicci\u00f3n<\/h4>\n<p><\/p>\n<p>Para la resoluci\u00f3n de cualquier disputa o problema relacionado con este sitio web o las actividades desarrolladas en el mismo, ser\u00e1 de aplicaci\u00f3n la ley espa\u00f1ola, a la que las partes se someten expresamente, y los juzgados y tribunales cercanos a Santa Ponsa tendr\u00e1n jurisdicci\u00f3n para la resoluci\u00f3n de cualquier disputa que surja en relaci\u00f3n con su uso.<\/p>\n<p>[\/et_pb_text][\/et_pb_column][et_pb_column type=\u00bb1_3&#8243; disabled_on=\u00bbon|on|off\u00bb _builder_version=\u00bb4.27.6&#8243; _module_preset=\u00bbdefault\u00bb positioning=\u00bbabsolute\u00bb position_origin_a=\u00bbbottom_right\u00bb custom_padding=\u00bb|1%|5%||false|false\u00bb sticky_position=\u00bbtop\u00bb sticky_offset_top=\u00bb20px\u00bb sticky_limit_bottom=\u00bbsection\u00bb sticky_transition=\u00bboff\u00bb motion_trigger_start=\u00bbbottom\u00bb global_colors_info=\u00bb{}\u00bb][et_pb_image src=\u00bbhttps:\/\/atelierbyedificam.com\/wp-content\/uploads\/2026\/03\/Logo_Edificam_Gris_Web.png\u00bb url=\u00bbhttps:\/\/www.edificam.com\/\u00bb url_new_window=\u00bbon\u00bb _builder_version=\u00bb4.27.6&#8243; _module_preset=\u00bbdefault\u00bb max_width=\u00bb30%\u00bb custom_margin=\u00bb||4%||false|false\u00bb locked=\u00bboff\u00bb global_colors_info=\u00bb{}\u00bb][\/et_pb_image][et_pb_text disabled_on=\u00bboff|off|off\u00bb _builder_version=\u00bb4.27.6&#8243; _module_preset=\u00bbdefault\u00bb text_font=\u00bbRoboto||||||||\u00bb text_text_color=\u00bb#F1ECE6&#8243; text_font_size=\u00bb18px\u00bb header_4_font=\u00bbRoboto Condensed|||on|||||\u00bb header_4_text_color=\u00bb#626c5b\u00bb header_4_font_size=\u00bb15px\u00bb header_4_letter_spacing=\u00bb0.5px\u00bb custom_margin=\u00bb||0.5%||false|false\u00bb custom_padding=\u00bb|||5.3%|false|false\u00bb locked=\u00bboff\u00bb global_colors_info=\u00bb{}\u00bb]<\/p>\n<h4>Kontakt<\/h4>\n<p>[\/et_pb_text][et_pb_text disabled_on=\u00bboff|off|off\u00bb _builder_version=\u00bb4.27.6&#8243; _module_preset=\u00bbdefault\u00bb text_font=\u00bbRoboto Condensed||||||||\u00bb text_text_color=\u00bb#9DA79B\u00bb text_letter_spacing=\u00bb-0.5px\u00bb text_line_height=\u00bb1.3em\u00bb header_4_font=\u00bbRoboto Condensed||||||||\u00bb header_4_text_color=\u00bb#F1ECE6&#8243; custom_margin=\u00bb||4%|5%|false|false\u00bb custom_padding=\u00bb||||false|false\u00bb locked=\u00bboff\u00bb global_colors_info=\u00bb{}\u00bb]<\/p>\n<p>Cr. de la Mar Mediterr\u00e1nea 16<br \/>Pol. Son Bugadelles, 07180, Calvi\u00e0<br \/>Mallorca, Illes Balears, ESPA\u00d1A<\/p>\n<p>[\/et_pb_text][et_pb_text disabled_on=\u00bboff|off|off\u00bb _builder_version=\u00bb4.27.6&#8243; _module_preset=\u00bbdefault\u00bb text_font=\u00bbunivers||||||||\u00bb text_text_color=\u00bb#F1ECE6&#8243; text_line_height=\u00bb1.2em\u00bb link_font=\u00bbRoboto Condensed||||||||\u00bb link_text_color=\u00bb#626c5b\u00bb link_line_height=\u00bb1.2em\u00bb header_4_font=\u00bbRoboto Condensed||||||||\u00bb header_4_text_color=\u00bb#F1ECE6&#8243; max_width=\u00bb200px\u00bb custom_margin=\u00bb||0px|5%|false|false\u00bb custom_padding=\u00bb||0px||false|false\u00bb locked=\u00bboff\u00bb global_colors_info=\u00bb{}\u00bb link_text_color__hover_enabled=\u00bbon|hover\u00bb link_text_color__hover=\u00bb#9DA79B\u00bb]<\/p>\n<p><a href=\"mailto:info@edificam.com\">info@edificam.com<\/a><br \/><a href=\"https:\/\/www.instagram.com\/atelierbyedificam\/\" target=\"_blank\" rel=\"noopener\">@atelierbyedificam<\/a><\/p>\n<p>[\/et_pb_text][\/et_pb_column][\/et_pb_row][\/et_pb_section]<\/p>\n","protected":false},"excerpt":{"rendered":"<p>Aviso legalEDIFICAM ILLES SL, responsable de este sitio web (en adelante, el RESPONSABLE), pone a disposici\u00f3n de los usuarios el presente documento para cumplir con sus obligaciones derivadas de la Ley 34\/2002, de 11 de julio, de Servicios de la Sociedad de la Informaci\u00f3n y de Comercio Electr\u00f3nico (LSSICE), publicada en el Bolet\u00edn Oficial n.\u00ba [&hellip;]<\/p>\n","protected":false},"author":1,"featured_media":0,"parent":0,"menu_order":0,"comment_status":"closed","ping_status":"closed","template":"","meta":{"_et_pb_use_builder":"on","_et_pb_old_content":"","_et_gb_content_width":"","footnotes":""},"class_list":["post-3186","page","type-page","status-publish","hentry"],"yoast_head":"<!-- This site is optimized with the Yoast SEO plugin v27.6 - https:\/\/yoast.com\/product\/yoast-seo-wordpress\/ -->\n<title>Aviso legal - Atelier by Edificam<\/title>\n<meta name=\"robots\" content=\"index, follow, max-snippet:-1, max-image-preview:large, max-video-preview:-1\" \/>\n<link rel=\"canonical\" href=\"https:\/\/atelierbyedificam.com\/es\/aviso-legal\/\" \/>\n<meta property=\"og:locale\" content=\"es_ES\" \/>\n<meta property=\"og:type\" content=\"article\" \/>\n<meta property=\"og:title\" content=\"Aviso legal - Atelier by Edificam\" \/>\n<meta property=\"og:description\" content=\"Aviso legalEDIFICAM ILLES SL, responsable de este sitio web (en adelante, el RESPONSABLE), pone a disposici\u00f3n de los usuarios el presente documento para cumplir con sus obligaciones derivadas de la Ley 34\/2002, de 11 de julio, de Servicios de la Sociedad de la Informaci\u00f3n y de Comercio Electr\u00f3nico (LSSICE), publicada en el Bolet\u00edn Oficial n.\u00ba [&hellip;]\" \/>\n<meta property=\"og:url\" content=\"https:\/\/atelierbyedificam.com\/es\/aviso-legal\/\" \/>\n<meta property=\"og:site_name\" content=\"Atelier by Edificam\" \/>\n<meta property=\"article:modified_time\" content=\"2026-05-12T12:56:57+00:00\" \/>\n<meta name=\"twitter:card\" content=\"summary_large_image\" \/>\n<meta name=\"twitter:label1\" content=\"Tiempo de lectura\" \/>\n\t<meta name=\"twitter:data1\" content=\"9 minutos\" \/>\n<script type=\"application\/ld+json\" class=\"yoast-schema-graph\">{\"@context\":\"https:\\\/\\\/schema.org\",\"@graph\":[{\"@type\":\"WebPage\",\"@id\":\"https:\\\/\\\/atelierbyedificam.com\\\/es\\\/aviso-legal\\\/\",\"url\":\"https:\\\/\\\/atelierbyedificam.com\\\/es\\\/aviso-legal\\\/\",\"name\":\"Aviso legal - Atelier by Edificam\",\"isPartOf\":{\"@id\":\"https:\\\/\\\/atelierbyedificam.com\\\/es\\\/#website\"},\"datePublished\":\"2026-01-28T15:19:36+00:00\",\"dateModified\":\"2026-05-12T12:56:57+00:00\",\"breadcrumb\":{\"@id\":\"https:\\\/\\\/atelierbyedificam.com\\\/es\\\/aviso-legal\\\/#breadcrumb\"},\"inLanguage\":\"es\",\"potentialAction\":[{\"@type\":\"ReadAction\",\"target\":[\"https:\\\/\\\/atelierbyedificam.com\\\/es\\\/aviso-legal\\\/\"]}]},{\"@type\":\"BreadcrumbList\",\"@id\":\"https:\\\/\\\/atelierbyedificam.com\\\/es\\\/aviso-legal\\\/#breadcrumb\",\"itemListElement\":[{\"@type\":\"ListItem\",\"position\":1,\"name\":\"Startseite\",\"item\":\"https:\\\/\\\/atelierbyedificam.com\\\/es\\\/\"},{\"@type\":\"ListItem\",\"position\":2,\"name\":\"Aviso legal\"}]},{\"@type\":\"WebSite\",\"@id\":\"https:\\\/\\\/atelierbyedificam.com\\\/es\\\/#website\",\"url\":\"https:\\\/\\\/atelierbyedificam.com\\\/es\\\/\",\"name\":\"Atelier by Edificam\",\"description\":\"Interior design\",\"potentialAction\":[{\"@type\":\"SearchAction\",\"target\":{\"@type\":\"EntryPoint\",\"urlTemplate\":\"https:\\\/\\\/atelierbyedificam.com\\\/es\\\/?s={search_term_string}\"},\"query-input\":{\"@type\":\"PropertyValueSpecification\",\"valueRequired\":true,\"valueName\":\"search_term_string\"}}],\"inLanguage\":\"es\"}]}<\/script>\n<!-- \/ Yoast SEO plugin. -->","yoast_head_json":{"title":"Aviso legal - Atelier by Edificam","robots":{"index":"index","follow":"follow","max-snippet":"max-snippet:-1","max-image-preview":"max-image-preview:large","max-video-preview":"max-video-preview:-1"},"canonical":"https:\/\/atelierbyedificam.com\/es\/aviso-legal\/","og_locale":"es_ES","og_type":"article","og_title":"Aviso legal - Atelier by Edificam","og_description":"Aviso legalEDIFICAM ILLES SL, responsable de este sitio web (en adelante, el RESPONSABLE), pone a disposici\u00f3n de los usuarios el presente documento para cumplir con sus obligaciones derivadas de la Ley 34\/2002, de 11 de julio, de Servicios de la Sociedad de la Informaci\u00f3n y de Comercio Electr\u00f3nico (LSSICE), publicada en el Bolet\u00edn Oficial n.\u00ba [&hellip;]","og_url":"https:\/\/atelierbyedificam.com\/es\/aviso-legal\/","og_site_name":"Atelier by Edificam","article_modified_time":"2026-05-12T12:56:57+00:00","twitter_card":"summary_large_image","twitter_misc":{"Tiempo de lectura":"9 minutos"},"schema":{"@context":"https:\/\/schema.org","@graph":[{"@type":"WebPage","@id":"https:\/\/atelierbyedificam.com\/es\/aviso-legal\/","url":"https:\/\/atelierbyedificam.com\/es\/aviso-legal\/","name":"Aviso legal - Atelier by Edificam","isPartOf":{"@id":"https:\/\/atelierbyedificam.com\/es\/#website"},"datePublished":"2026-01-28T15:19:36+00:00","dateModified":"2026-05-12T12:56:57+00:00","breadcrumb":{"@id":"https:\/\/atelierbyedificam.com\/es\/aviso-legal\/#breadcrumb"},"inLanguage":"es","potentialAction":[{"@type":"ReadAction","target":["https:\/\/atelierbyedificam.com\/es\/aviso-legal\/"]}]},{"@type":"BreadcrumbList","@id":"https:\/\/atelierbyedificam.com\/es\/aviso-legal\/#breadcrumb","itemListElement":[{"@type":"ListItem","position":1,"name":"Startseite","item":"https:\/\/atelierbyedificam.com\/es\/"},{"@type":"ListItem","position":2,"name":"Aviso legal"}]},{"@type":"WebSite","@id":"https:\/\/atelierbyedificam.com\/es\/#website","url":"https:\/\/atelierbyedificam.com\/es\/","name":"Atelier by Edificam","description":"Interior design","potentialAction":[{"@type":"SearchAction","target":{"@type":"EntryPoint","urlTemplate":"https:\/\/atelierbyedificam.com\/es\/?s={search_term_string}"},"query-input":{"@type":"PropertyValueSpecification","valueRequired":true,"valueName":"search_term_string"}}],"inLanguage":"es"}]}},"_links":{"self":[{"href":"https:\/\/atelierbyedificam.com\/es\/wp-json\/wp\/v2\/pages\/3186","targetHints":{"allow":["GET"]}}],"collection":[{"href":"https:\/\/atelierbyedificam.com\/es\/wp-json\/wp\/v2\/pages"}],"about":[{"href":"https:\/\/atelierbyedificam.com\/es\/wp-json\/wp\/v2\/types\/page"}],"author":[{"embeddable":true,"href":"https:\/\/atelierbyedificam.com\/es\/wp-json\/wp\/v2\/users\/1"}],"replies":[{"embeddable":true,"href":"https:\/\/atelierbyedificam.com\/es\/wp-json\/wp\/v2\/comments?post=3186"}],"version-history":[{"count":2,"href":"https:\/\/atelierbyedificam.com\/es\/wp-json\/wp\/v2\/pages\/3186\/revisions"}],"predecessor-version":[{"id":3188,"href":"https:\/\/atelierbyedificam.com\/es\/wp-json\/wp\/v2\/pages\/3186\/revisions\/3188"}],"wp:attachment":[{"href":"https:\/\/atelierbyedificam.com\/es\/wp-json\/wp\/v2\/media?parent=3186"}],"curies":[{"name":"wp","href":"https:\/\/api.w.org\/{rel}","templated":true}]}}