{"id":3172,"date":"2026-04-17T09:42:16","date_gmt":"2026-04-17T09:42:16","guid":{"rendered":"https:\/\/atelierbyedificam.com\/materiales\/"},"modified":"2026-05-12T12:45:50","modified_gmt":"2026-05-12T12:45:50","slug":"materiales","status":"publish","type":"page","link":"https:\/\/atelierbyedificam.com\/es\/materiales\/","title":{"rendered":"Materiales"},"content":{"rendered":"<p>[et_pb_section fb_built=\u00bb1&#8243; _builder_version=\u00bb4.27.6&#8243; _module_preset=\u00bbdefault\u00bb background_color=\u00bb#F1ECE6&#8243; custom_margin=\u00bb-170px||||false|false\u00bb custom_padding=\u00bb170px||2px||false|false\u00bb global_colors_info=\u00bb{}\u00bb][et_pb_row use_custom_gutter=\u00bbon\u00bb _builder_version=\u00bb4.27.6&#8243; _module_preset=\u00bbdefault\u00bb background_color=\u00bb#F1ECE6&#8243; width=\u00bb100%\u00bb max_width=\u00bb2560px\u00bb global_colors_info=\u00bb{}\u00bb][et_pb_column type=\u00bb4_4&#8243; _builder_version=\u00bb4.27.6&#8243; _module_preset=\u00bbdefault\u00bb global_colors_info=\u00bb{}\u00bb][et_pb_text _builder_version=\u00bb4.27.6&#8243; _module_preset=\u00bbdefault\u00bb ol_font=\u00bbunivers||||||||\u00bb ol_text_color=\u00bb#626c5b\u00bb ol_font_size=\u00bb15px\u00bb ol_line_height=\u00bb1.4em\u00bb header_font=\u00bbRoboto Condensed|||on|||||\u00bb header_text_color=\u00bb#626c5b\u00bb header_2_font=\u00bbRoboto Condensed|||on|||||\u00bb header_2_text_color=\u00bb#9da79b\u00bb header_2_font_size=\u00bb18px\u00bb max_width=\u00bb540px\u00bb custom_margin=\u00bb|||5%|false|false\u00bb global_colors_info=\u00bb{}\u00bb]<\/p>\n<h1>Atelier<\/h1>\n<p><\/p>\n<h2>Del fr [a-te-li\u00e9]<\/h2>\n<p><\/p>\n<p>&nbsp;<\/p>\n<p><\/p>\n<ol>\n<li>(s) Un taller art\u00edstico o de dise\u00f1o, entendido como un espacio artesanal donde la destreza y el proceso creativo dan forma a cada pieza individual.<\/li>\n<\/ol>\n<p>[\/et_pb_text][et_pb_code module_class=\u00bbpagina-galeria-materiales\u00bb _builder_version=\u00bb4.27.6&#8243; _module_preset=\u00bbdefault\u00bb width=\u00bb100%\u00bb custom_margin=\u00bb||||false|false\u00bb custom_padding=\u00bb|0px||0px|false|false\u00bb hover_enabled=\u00bb0&#8243; global_colors_info=\u00bb{}\u00bb sticky_enabled=\u00bb0&#8243;]<\/p>\n<style><!-- [et_pb_line_break_holder] -->.contenedor-galeria { <!-- [et_pb_line_break_holder] -->    position: relative; <!-- [et_pb_line_break_holder] -->    width: 100vw; <!-- [et_pb_line_break_holder] -->    left: 50%;<!-- [et_pb_line_break_holder] -->    transform: translateX(-50%);<!-- [et_pb_line_break_holder] -->    overflow: hidden;<!-- [et_pb_line_break_holder] -->    background: #f1ece6;<!-- [et_pb_line_break_holder] -->}<!-- [et_pb_line_break_holder] --><!-- [et_pb_line_break_holder] -->.wrapper-scroll {<!-- [et_pb_line_break_holder] -->    display: flex;<!-- [et_pb_line_break_holder] -->    overflow-x: auto; <!-- [et_pb_line_break_holder] -->    scroll-behavior: smooth;<!-- [et_pb_line_break_holder] -->    padding: 80px 8vw;<!-- [et_pb_line_break_holder] -->    gap: 3vw;          <!-- [et_pb_line_break_holder] -->    scroll-snap-type: x mandatory;<!-- [et_pb_line_break_holder] -->    scroll-padding-left: 3vw; <!-- [et_pb_line_break_holder] -->    scrollbar-width: none;<!-- [et_pb_line_break_holder] -->}<!-- [et_pb_line_break_holder] --><!-- [et_pb_line_break_holder] -->.wrapper-scroll::-webkit-scrollbar { display: none; }<!-- [et_pb_line_break_holder] --><!-- [et_pb_line_break_holder] -->.columna-material {<!-- [et_pb_line_break_holder] -->    flex: 0 0 18.75vw; <!-- [et_pb_line_break_holder] -->    min-width: 18.75vw;<!-- [et_pb_line_break_holder] -->    display: flex;<!-- [et_pb_line_break_holder] -->    flex-direction: column;<!-- [et_pb_line_break_holder] -->    scroll-snap-align: start;<!-- [et_pb_line_break_holder] -->    box-sizing: border-box;<!-- [et_pb_line_break_holder] -->}<!-- [et_pb_line_break_holder] --><!-- [et_pb_line_break_holder] -->.columna-material h3 {<!-- [et_pb_line_break_holder] -->    font-family: 'Roboto Condensed', sans-serif !important;<!-- [et_pb_line_break_holder] -->    font-weight: 500;<!-- [et_pb_line_break_holder] -->    letter-spacing: 0.5px; <!-- [et_pb_line_break_holder] -->    font-size: 14px;<!-- [et_pb_line_break_holder] -->    margin-bottom: -20px;<!-- [et_pb_line_break_holder] -->    text-align: center;<!-- [et_pb_line_break_holder] -->    color: #575f52;<!-- [et_pb_line_break_holder] -->    text-transform: uppercase;<!-- [et_pb_line_break_holder] -->}<!-- [et_pb_line_break_holder] --><!-- [et_pb_line_break_holder] -->.foto-item {<!-- [et_pb_line_break_holder] -->    transition: transform 0.7s cubic-bezier(0.15, 1, 0.3, 1), filter 0.6s ease, opacity 0.6s ease;<!-- [et_pb_line_break_holder] -->    cursor: pointer;<!-- [et_pb_line_break_holder] -->    margin-bottom: -20px;<!-- [et_pb_line_break_holder] -->    position: relative;<!-- [et_pb_line_break_holder] -->    z-index: 1;<!-- [et_pb_line_break_holder] -->}<!-- [et_pb_line_break_holder] --><!-- [et_pb_line_break_holder] -->.foto-item img {<!-- [et_pb_line_break_holder] -->    width: 100%;<!-- [et_pb_line_break_holder] -->    height: auto;<!-- [et_pb_line_break_holder] -->    display: block;<!-- [et_pb_line_break_holder] -->    transition: clip-path 0.7s cubic-bezier(0.15, 1, 0.3, 1);<!-- [et_pb_line_break_holder] -->    clip-path: inset(10% 10% 10% 10%); <!-- [et_pb_line_break_holder] -->}<!-- [et_pb_line_break_holder] --><!-- [et_pb_line_break_holder] -->@media (min-width: 981px) {<!-- [et_pb_line_break_holder] -->    .foto-item:hover img {<!-- [et_pb_line_break_holder] -->        clip-path: inset(0 0 0% 0); <!-- [et_pb_line_break_holder] -->        z-index: 100;<!-- [et_pb_line_break_holder] -->    }<!-- [et_pb_line_break_holder] -->}<!-- [et_pb_line_break_holder] --><!-- [et_pb_line_break_holder] -->@media (min-width: 981px) {<!-- [et_pb_line_break_holder] -->    .contenedor-galeria::after {<!-- [et_pb_line_break_holder] -->        content: '';<!-- [et_pb_line_break_holder] -->        position: absolute;<!-- [et_pb_line_break_holder] -->        inset: 0;<!-- [et_pb_line_break_holder] -->      \tbackground: rgba(98, 108, 91, 0.9);<!-- [et_pb_line_break_holder] -->        opacity: 0;<!-- [et_pb_line_break_holder] -->        transition: opacity 0.6s ease;<!-- [et_pb_line_break_holder] -->        pointer-events: none;<!-- [et_pb_line_break_holder] -->        z-index: 50;<!-- [et_pb_line_break_holder] -->    }<!-- [et_pb_line_break_holder] --><!-- [et_pb_line_break_holder] -->    .contenedor-galeria:has(.foto-item:hover)::after {<!-- [et_pb_line_break_holder] -->        opacity: 1;<!-- [et_pb_line_break_holder] -->    }<!-- [et_pb_line_break_holder] --><!-- [et_pb_line_break_holder] -->    .foto-item:hover {<!-- [et_pb_line_break_holder] -->        z-index: 100;<!-- [et_pb_line_break_holder] -->    }<!-- [et_pb_line_break_holder] -->}<!-- [et_pb_line_break_holder] -->@media (max-width: 980px) {<!-- [et_pb_line_break_holder] -->    .wrapper-scroll {<!-- [et_pb_line_break_holder] -->        padding: 60px 15vw;<!-- [et_pb_line_break_holder] -->        gap: 5vw;<!-- [et_pb_line_break_holder] -->        scroll-padding-left: 15vw;<!-- [et_pb_line_break_holder] -->    }<!-- [et_pb_line_break_holder] -->    .columna-material { <!-- [et_pb_line_break_holder] -->        flex: 0 0 70vw;<!-- [et_pb_line_break_holder] -->        min-width: 70vw;<!-- [et_pb_line_break_holder] -->        scroll-snap-align: start;<!-- [et_pb_line_break_holder] -->    }<!-- [et_pb_line_break_holder] -->    .columna-material h3 { font-size: 18px; }<!-- [et_pb_line_break_holder] -->}<!-- [et_pb_line_break_holder] --><!-- [et_pb_line_break_holder] -->.nav-btn {<!-- [et_pb_line_break_holder] -->    position: fixed; <!-- [et_pb_line_break_holder] -->    top: 50%; <!-- [et_pb_line_break_holder] -->    transform: translateY(-50%);<!-- [et_pb_line_break_holder] -->    z-index: 150;<!-- [et_pb_line_break_holder] -->    background: #fff; <!-- [et_pb_line_break_holder] -->    border: none; <!-- [et_pb_line_break_holder] -->    width: 45px;<!-- [et_pb_line_break_holder] -->    height: 45px;<!-- [et_pb_line_break_holder] -->    border-radius: 50%;<!-- [et_pb_line_break_holder] -->    cursor: pointer;<!-- [et_pb_line_break_holder] -->    box-shadow: 0 2px 10px rgba(0,0,0,0.1);<!-- [et_pb_line_break_holder] -->    display: flex;<!-- [et_pb_line_break_holder] -->    align-items: center;<!-- [et_pb_line_break_holder] -->    justify-content: center;<!-- [et_pb_line_break_holder] -->    font-size: 25px;<!-- [et_pb_line_break_holder] -->    color: #888;<!-- [et_pb_line_break_holder] -->    transition: 0.3s;<!-- [et_pb_line_break_holder] -->  \tline-height: 1;<!-- [et_pb_line_break_holder] -->  \tpadding-bottom: 6px;<!-- [et_pb_line_break_holder] -->}<!-- [et_pb_line_break_holder] --><!-- [et_pb_line_break_holder] -->.nav-btn:hover { color: #000; background: #fafafa; }<!-- [et_pb_line_break_holder] -->.prev { left: 1.4vw; }<!-- [et_pb_line_break_holder] -->.next { right: 1.4vw; }<!-- [et_pb_line_break_holder] --><!-- [et_pb_line_break_holder] -->.overlay-oscuro { display: none; }<!-- [et_pb_line_break_holder] -->@media (max-width: 980px) {<!-- [et_pb_line_break_holder] -->    .foto-item.expandida { transform: scale(1.15); z-index: 1000; }<!-- [et_pb_line_break_holder] -->    .overlay-oscuro {<!-- [et_pb_line_break_holder] -->        display: block;<!-- [et_pb_line_break_holder] -->        position: fixed; top: 0; left: 0; width: 100%; height: 100%;<!-- [et_pb_line_break_holder] -->        background: rgba(98, 108, 91, 0.9); backdrop-filter: blur(8px); -webkit-backdrop-filter: blur(8px);<!-- [et_pb_line_break_holder] -->        opacity: 0; visibility: hidden; transition: opacity 0.5s; z-index: 900;<!-- [et_pb_line_break_holder] -->    }<!-- [et_pb_line_break_holder] -->    .overlay-oscuro.activo { opacity: 1; visibility: visible; }<!-- [et_pb_line_break_holder] -->}<!-- [et_pb_line_break_holder] --><\/style>\n<p><!-- [et_pb_line_break_holder] --><!-- [et_pb_line_break_holder] -->  <\/p>\n<div class=\"galeria-wrapper\"><!-- [et_pb_line_break_holder] -->    <button class=\"nav-btn prev\" onclick=\"scrollGaleria(-1)\">\u2039<\/button><!-- [et_pb_line_break_holder] -->    <button class=\"nav-btn next\" onclick=\"scrollGaleria(1)\">\u203a<\/button><!-- [et_pb_line_break_holder] --><!-- [et_pb_line_break_holder] -->    <\/p>\n<div class=\"contenedor-galeria\"><!-- [et_pb_line_break_holder] -->        &#8230;<!-- [et_pb_line_break_holder] -->    <\/div>\n<p><!-- [et_pb_line_break_holder] --><\/div>\n<p><!-- [et_pb_line_break_holder] --><!-- [et_pb_line_break_holder] --><\/p>\n<div class=\"contenedor-galeria\"><!-- [et_pb_line_break_holder] -->    <\/p>\n<div class=\"wrapper-scroll\" id=\"galeriaSlider\"><!-- [et_pb_line_break_holder] -->        <\/p>\n<div class=\"columna-material\"><!-- [et_pb_line_break_holder] -->            <\/p>\n<h3>Madera<\/h3>\n<p><!-- [et_pb_line_break_holder] -->            <\/p>\n<div class=\"foto-item\"><img decoding=\"async\" src=\"https:\/\/atelierbyedificam.com\/wp-content\/uploads\/2026\/05\/M-VALLDEMOSSA-47.jpg\"><\/div>\n<p><!-- [et_pb_line_break_holder] -->            <\/p>\n<div class=\"foto-item\"><img decoding=\"async\" src=\"https:\/\/atelierbyedificam.com\/wp-content\/uploads\/2026\/05\/M-NaFatima_AA2A8221R_MCLucat.jpg\"><\/div>\n<p><!-- [et_pb_line_break_holder] -->        <\/div>\n<p><!-- [et_pb_line_break_holder] -->        <\/p>\n<div class=\"columna-material\"><!-- [et_pb_line_break_holder] -->            <\/p>\n<h3>Piedra<\/h3>\n<p><!-- [et_pb_line_break_holder] -->            <\/p>\n<div class=\"foto-item\"><img decoding=\"async\" src=\"https:\/\/atelierbyedificam.com\/wp-content\/uploads\/2026\/05\/P-NaFatima_AA2A8590R_MCLucat.jpg\"><\/div>\n<p><!-- [et_pb_line_break_holder] -->            <\/p>\n<div class=\"foto-item\"><img decoding=\"async\" src=\"https:\/\/atelierbyedificam.com\/wp-content\/uploads\/2026\/05\/P-NaFatima_AA2A8474R_MCLucat.jpg\"><\/div>\n<p><!-- [et_pb_line_break_holder] -->            <\/p>\n<div class=\"foto-item\"><img decoding=\"async\" src=\"https:\/\/atelierbyedificam.com\/wp-content\/uploads\/2026\/05\/P-NaFatima_AA2A8438R_MCLucat.jpg\"><\/div>\n<p><!-- [et_pb_line_break_holder] -->        <\/div>\n<p><!-- [et_pb_line_break_holder] -->        <\/p>\n<div class=\"columna-material\"><!-- [et_pb_line_break_holder] -->            <\/p>\n<h3>Hierro<\/h3>\n<p><!-- [et_pb_line_break_holder] -->            <\/p>\n<div class=\"foto-item\"><img decoding=\"async\" src=\"https:\/\/atelierbyedificam.com\/wp-content\/uploads\/2026\/05\/H-VALLDEMOSSA-18.jpg\"><\/div>\n<p><!-- [et_pb_line_break_holder] -->          <\/p>\n<div class=\"foto-item\"><img decoding=\"async\" src=\"https:\/\/atelierbyedificam.com\/wp-content\/uploads\/2026\/05\/H-PXL_20260306_084317540.jpg\"><\/div>\n<p>        <!-- [et_pb_line_break_holder] -->        <\/div>\n<p><!-- [et_pb_line_break_holder] -->        <\/p>\n<div class=\"columna-material\"><!-- [et_pb_line_break_holder] -->            <\/p>\n<h3>Cristal<\/h3>\n<p><!-- [et_pb_line_break_holder] -->            <\/p>\n<div class=\"foto-item\"><img decoding=\"async\" src=\"https:\/\/atelierbyedificam.com\/wp-content\/uploads\/2026\/05\/c-Margo-Special-Assignment-11.jpg\"><\/div>\n<p><!-- [et_pb_line_break_holder] -->            <\/p>\n<div class=\"foto-item\"><img decoding=\"async\" src=\"https:\/\/atelierbyedificam.com\/wp-content\/uploads\/2026\/05\/C-bendinat_22_29.jpg\"><\/div>\n<p>        <!-- [et_pb_line_break_holder] -->        <\/div>\n<p><!-- [et_pb_line_break_holder] -->        <\/p>\n<div class=\"columna-material\"><!-- [et_pb_line_break_holder] -->            <\/p>\n<h3>TEXTIL<\/h3>\n<p><!-- [et_pb_line_break_holder] -->            <\/p>\n<div class=\"foto-item\"><img decoding=\"async\" src=\"https:\/\/atelierbyedificam.com\/wp-content\/uploads\/2026\/05\/T-NaFatima_AA2A8554R_MCLucat.jpg\"><\/div>\n<p><!-- [et_pb_line_break_holder] -->            <\/p>\n<div class=\"foto-item\"><img decoding=\"async\" src=\"https:\/\/atelierbyedificam.com\/wp-content\/uploads\/2026\/05\/T-NaFatima_AA2A8244R_MCLucat.jpg\"><\/div>\n<p>   <!-- [et_pb_line_break_holder] -->        <\/div>\n<p><!-- [et_pb_line_break_holder] -->    <\/div>\n<p><!-- [et_pb_line_break_holder] -->    <\/p>\n<div id=\"galeriaOverlay\" class=\"overlay-oscuro\"><\/div>\n<p><!-- [et_pb_line_break_holder] --><\/div>\n<p><!-- [et_pb_line_break_holder] --><!-- [et_pb_line_break_holder] --><script><!-- [et_pb_line_break_holder] -->function scrollGaleria(direccion) {<!-- [et_pb_line_break_holder] -->    const contenedor = document.getElementById('galeriaSlider');<!-- [et_pb_line_break_holder] -->    const columna = contenedor.querySelector('.columna-material');<!-- [et_pb_line_break_holder] -->    const estiloContenedor = window.getComputedStyle(contenedor);<!-- [et_pb_line_break_holder] -->    const gap = parseFloat(estiloContenedor.gap);<!-- [et_pb_line_break_holder] -->    const desplazamiento = columna.offsetWidth + gap; <!-- [et_pb_line_break_holder] -->    <!-- [et_pb_line_break_holder] -->    contenedor.scrollBy({ left: direccion * desplazamiento, behavior: 'smooth' });<!-- [et_pb_line_break_holder] -->}<!-- [et_pb_line_break_holder] --><!-- [et_pb_line_break_holder] -->if (window.innerWidth <= 980) {<!-- [et_pb_line_break_holder] -->    const items = document.querySelectorAll('.foto-item');<!-- [et_pb_line_break_holder] -->    const overlay = document.getElementById('galeriaOverlay');<!-- [et_pb_line_break_holder] -->    items.forEach(item => {<!-- [et_pb_line_break_holder] -->        item.addEventListener('click', function() {<!-- [et_pb_line_break_holder] -->            this.classList.toggle('expandida');<!-- [et_pb_line_break_holder] -->            document.getElementById('galeriaOverlay').classList.toggle('activo');<!-- [et_pb_line_break_holder] -->        });<!-- [et_pb_line_break_holder] -->    });<!-- [et_pb_line_break_holder] -->    overlay.addEventListener('click', function() {<!-- [et_pb_line_break_holder] -->        document.querySelector('.foto-item.expandida')?.classList.remove('expandida');<!-- [et_pb_line_break_holder] -->        this.classList.remove('activo');<!-- [et_pb_line_break_holder] -->    });<!-- [et_pb_line_break_holder] -->}<!-- [et_pb_line_break_holder] --><\/script>[\/et_pb_code][\/et_pb_column][\/et_pb_row][\/et_pb_section]<\/p>\n","protected":false},"excerpt":{"rendered":"<p>AtelierDel fr [a-te-li\u00e9]&nbsp; (s) Un taller art\u00edstico o de dise\u00f1o, entendido como un espacio artesanal donde la destreza y el proceso creativo dan forma a cada pieza individual.<\/p>\n","protected":false},"author":1,"featured_media":0,"parent":0,"menu_order":0,"comment_status":"closed","ping_status":"closed","template":"","meta":{"_et_pb_use_builder":"on","_et_pb_old_content":"","_et_gb_content_width":"","footnotes":""},"class_list":["post-3172","page","type-page","status-publish","hentry"],"yoast_head":"<!-- This site is optimized with the Yoast SEO plugin v27.6 - https:\/\/yoast.com\/product\/yoast-seo-wordpress\/ -->\n<title>Materiales - Atelier by Edificam<\/title>\n<meta name=\"robots\" content=\"index, follow, max-snippet:-1, max-image-preview:large, max-video-preview:-1\" \/>\n<link rel=\"canonical\" href=\"https:\/\/atelierbyedificam.com\/es\/materiales\/\" \/>\n<meta property=\"og:locale\" content=\"es_ES\" \/>\n<meta property=\"og:type\" content=\"article\" \/>\n<meta property=\"og:title\" content=\"Materiales - Atelier by Edificam\" \/>\n<meta property=\"og:description\" content=\"AtelierDel fr [a-te-li\u00e9]&nbsp; (s) Un taller art\u00edstico o de dise\u00f1o, entendido como un espacio artesanal donde la destreza y el proceso creativo dan forma a cada pieza individual.\" \/>\n<meta property=\"og:url\" content=\"https:\/\/atelierbyedificam.com\/es\/materiales\/\" \/>\n<meta property=\"og:site_name\" content=\"Atelier by Edificam\" \/>\n<meta property=\"article:modified_time\" content=\"2026-05-12T12:45:50+00:00\" \/>\n<meta property=\"og:image\" content=\"https:\/\/atelierbyedificam.com\/wp-content\/uploads\/2026\/05\/M-VALLDEMOSSA-47.jpg\" \/>\n<meta name=\"twitter:card\" content=\"summary_large_image\" \/>\n<meta name=\"twitter:label1\" content=\"Tiempo de lectura\" \/>\n\t<meta name=\"twitter:data1\" content=\"1 minuto\" \/>\n<script type=\"application\/ld+json\" class=\"yoast-schema-graph\">{\"@context\":\"https:\\\/\\\/schema.org\",\"@graph\":[{\"@type\":\"WebPage\",\"@id\":\"https:\\\/\\\/atelierbyedificam.com\\\/es\\\/materiales\\\/\",\"url\":\"https:\\\/\\\/atelierbyedificam.com\\\/es\\\/materiales\\\/\",\"name\":\"Materiales - Atelier by Edificam\",\"isPartOf\":{\"@id\":\"https:\\\/\\\/atelierbyedificam.com\\\/es\\\/#website\"},\"primaryImageOfPage\":{\"@id\":\"https:\\\/\\\/atelierbyedificam.com\\\/es\\\/materiales\\\/#primaryimage\"},\"image\":{\"@id\":\"https:\\\/\\\/atelierbyedificam.com\\\/es\\\/materiales\\\/#primaryimage\"},\"thumbnailUrl\":\"https:\\\/\\\/atelierbyedificam.com\\\/wp-content\\\/uploads\\\/2026\\\/05\\\/M-VALLDEMOSSA-47.jpg\",\"datePublished\":\"2026-04-17T09:42:16+00:00\",\"dateModified\":\"2026-05-12T12:45:50+00:00\",\"breadcrumb\":{\"@id\":\"https:\\\/\\\/atelierbyedificam.com\\\/es\\\/materiales\\\/#breadcrumb\"},\"inLanguage\":\"es\",\"potentialAction\":[{\"@type\":\"ReadAction\",\"target\":[\"https:\\\/\\\/atelierbyedificam.com\\\/es\\\/materiales\\\/\"]}]},{\"@type\":\"ImageObject\",\"inLanguage\":\"es\",\"@id\":\"https:\\\/\\\/atelierbyedificam.com\\\/es\\\/materiales\\\/#primaryimage\",\"url\":\"https:\\\/\\\/atelierbyedificam.com\\\/wp-content\\\/uploads\\\/2026\\\/05\\\/M-VALLDEMOSSA-47.jpg\",\"contentUrl\":\"https:\\\/\\\/atelierbyedificam.com\\\/wp-content\\\/uploads\\\/2026\\\/05\\\/M-VALLDEMOSSA-47.jpg\"},{\"@type\":\"BreadcrumbList\",\"@id\":\"https:\\\/\\\/atelierbyedificam.com\\\/es\\\/materiales\\\/#breadcrumb\",\"itemListElement\":[{\"@type\":\"ListItem\",\"position\":1,\"name\":\"Startseite\",\"item\":\"https:\\\/\\\/atelierbyedificam.com\\\/es\\\/\"},{\"@type\":\"ListItem\",\"position\":2,\"name\":\"Materiales\"}]},{\"@type\":\"WebSite\",\"@id\":\"https:\\\/\\\/atelierbyedificam.com\\\/es\\\/#website\",\"url\":\"https:\\\/\\\/atelierbyedificam.com\\\/es\\\/\",\"name\":\"Atelier by Edificam\",\"description\":\"Interior design\",\"potentialAction\":[{\"@type\":\"SearchAction\",\"target\":{\"@type\":\"EntryPoint\",\"urlTemplate\":\"https:\\\/\\\/atelierbyedificam.com\\\/es\\\/?s={search_term_string}\"},\"query-input\":{\"@type\":\"PropertyValueSpecification\",\"valueRequired\":true,\"valueName\":\"search_term_string\"}}],\"inLanguage\":\"es\"}]}<\/script>\n<!-- \/ Yoast SEO plugin. -->","yoast_head_json":{"title":"Materiales - Atelier by Edificam","robots":{"index":"index","follow":"follow","max-snippet":"max-snippet:-1","max-image-preview":"max-image-preview:large","max-video-preview":"max-video-preview:-1"},"canonical":"https:\/\/atelierbyedificam.com\/es\/materiales\/","og_locale":"es_ES","og_type":"article","og_title":"Materiales - Atelier by Edificam","og_description":"AtelierDel fr [a-te-li\u00e9]&nbsp; (s) Un taller art\u00edstico o de dise\u00f1o, entendido como un espacio artesanal donde la destreza y el proceso creativo dan forma a cada pieza individual.","og_url":"https:\/\/atelierbyedificam.com\/es\/materiales\/","og_site_name":"Atelier by Edificam","article_modified_time":"2026-05-12T12:45:50+00:00","og_image":[{"url":"https:\/\/atelierbyedificam.com\/wp-content\/uploads\/2026\/05\/M-VALLDEMOSSA-47.jpg","type":"","width":"","height":""}],"twitter_card":"summary_large_image","twitter_misc":{"Tiempo de lectura":"1 minuto"},"schema":{"@context":"https:\/\/schema.org","@graph":[{"@type":"WebPage","@id":"https:\/\/atelierbyedificam.com\/es\/materiales\/","url":"https:\/\/atelierbyedificam.com\/es\/materiales\/","name":"Materiales - Atelier by Edificam","isPartOf":{"@id":"https:\/\/atelierbyedificam.com\/es\/#website"},"primaryImageOfPage":{"@id":"https:\/\/atelierbyedificam.com\/es\/materiales\/#primaryimage"},"image":{"@id":"https:\/\/atelierbyedificam.com\/es\/materiales\/#primaryimage"},"thumbnailUrl":"https:\/\/atelierbyedificam.com\/wp-content\/uploads\/2026\/05\/M-VALLDEMOSSA-47.jpg","datePublished":"2026-04-17T09:42:16+00:00","dateModified":"2026-05-12T12:45:50+00:00","breadcrumb":{"@id":"https:\/\/atelierbyedificam.com\/es\/materiales\/#breadcrumb"},"inLanguage":"es","potentialAction":[{"@type":"ReadAction","target":["https:\/\/atelierbyedificam.com\/es\/materiales\/"]}]},{"@type":"ImageObject","inLanguage":"es","@id":"https:\/\/atelierbyedificam.com\/es\/materiales\/#primaryimage","url":"https:\/\/atelierbyedificam.com\/wp-content\/uploads\/2026\/05\/M-VALLDEMOSSA-47.jpg","contentUrl":"https:\/\/atelierbyedificam.com\/wp-content\/uploads\/2026\/05\/M-VALLDEMOSSA-47.jpg"},{"@type":"BreadcrumbList","@id":"https:\/\/atelierbyedificam.com\/es\/materiales\/#breadcrumb","itemListElement":[{"@type":"ListItem","position":1,"name":"Startseite","item":"https:\/\/atelierbyedificam.com\/es\/"},{"@type":"ListItem","position":2,"name":"Materiales"}]},{"@type":"WebSite","@id":"https:\/\/atelierbyedificam.com\/es\/#website","url":"https:\/\/atelierbyedificam.com\/es\/","name":"Atelier by Edificam","description":"Interior design","potentialAction":[{"@type":"SearchAction","target":{"@type":"EntryPoint","urlTemplate":"https:\/\/atelierbyedificam.com\/es\/?s={search_term_string}"},"query-input":{"@type":"PropertyValueSpecification","valueRequired":true,"valueName":"search_term_string"}}],"inLanguage":"es"}]}},"_links":{"self":[{"href":"https:\/\/atelierbyedificam.com\/es\/wp-json\/wp\/v2\/pages\/3172","targetHints":{"allow":["GET"]}}],"collection":[{"href":"https:\/\/atelierbyedificam.com\/es\/wp-json\/wp\/v2\/pages"}],"about":[{"href":"https:\/\/atelierbyedificam.com\/es\/wp-json\/wp\/v2\/types\/page"}],"author":[{"embeddable":true,"href":"https:\/\/atelierbyedificam.com\/es\/wp-json\/wp\/v2\/users\/1"}],"replies":[{"embeddable":true,"href":"https:\/\/atelierbyedificam.com\/es\/wp-json\/wp\/v2\/comments?post=3172"}],"version-history":[{"count":3,"href":"https:\/\/atelierbyedificam.com\/es\/wp-json\/wp\/v2\/pages\/3172\/revisions"}],"predecessor-version":[{"id":3179,"href":"https:\/\/atelierbyedificam.com\/es\/wp-json\/wp\/v2\/pages\/3172\/revisions\/3179"}],"wp:attachment":[{"href":"https:\/\/atelierbyedificam.com\/es\/wp-json\/wp\/v2\/media?parent=3172"}],"curies":[{"name":"wp","href":"https:\/\/api.w.org\/{rel}","templated":true}]}}