{"id":3107,"date":"2026-03-17T10:28:44","date_gmt":"2026-03-17T10:28:44","guid":{"rendered":"https:\/\/atelierbyedificam.com\/villa-ma\/"},"modified":"2026-05-12T12:20:28","modified_gmt":"2026-05-12T12:20:28","slug":"villa-ma","status":"publish","type":"page","link":"https:\/\/atelierbyedificam.com\/es\/villa-ma\/","title":{"rendered":"Villa Ma"},"content":{"rendered":"<p>[et_pb_section fb_built=\u00bb1&#8243; module_id=\u00bbGalerie\u00bb _builder_version=\u00bb4.27.6&#8243; _module_preset=\u00bbdefault\u00bb background_color=\u00bb#F1ECE6&#8243; custom_margin=\u00bb-170px||||false|false\u00bb custom_padding=\u00bb170px||0px||false|false\u00bb locked=\u00bboff\u00bb global_colors_info=\u00bb{}\u00bb][et_pb_row disabled_on=\u00bboff|off|on\u00bb _builder_version=\u00bb4.27.6&#8243; _module_preset=\u00bbdefault\u00bb width=\u00bb95%\u00bb width_tablet=\u00bb95%\u00bb width_phone=\u00bb90%\u00bb width_last_edited=\u00bbon|phone\u00bb max_width=\u00bb90%\u00bb custom_margin=\u00bb0px||||false|false\u00bb custom_padding=\u00bb10px||||false|false\u00bb global_colors_info=\u00bb{}\u00bb][et_pb_column type=\u00bb4_4&#8243; _builder_version=\u00bb4.27.5&#8243; _module_preset=\u00bbdefault\u00bb global_colors_info=\u00bb{}\u00bb][et_pb_image src=\u00bbhttps:\/\/atelierbyedificam.com\/wp-content\/uploads\/2026\/04\/0.COVER_.jpg\u00bb alt=\u00bbVilla Atalaia\u00bb title_text=\u00bbVilla Atalaia\u00bb align=\u00bbcenter\u00bb _builder_version=\u00bb4.27.6&#8243; _module_preset=\u00bbdefault\u00bb global_colors_info=\u00bb{}\u00bb][\/et_pb_image][et_pb_text disabled_on=\u00bboff|off|off\u00bb _builder_version=\u00bb4.27.6&#8243; _module_preset=\u00bbdefault\u00bb header_font=\u00bbRoboto Condensed|||on|||||\u00bb header_text_color=\u00bb#626c5b\u00bb header_letter_spacing=\u00bb0.5px\u00bb max_width=\u00bb700px\u00bb custom_margin=\u00bb||0px||false|false\u00bb custom_padding=\u00bb||0px||false|false\u00bb header_font_size_tablet=\u00bb26px\u00bb header_font_size_phone=\u00bb22px\u00bb header_font_size_last_edited=\u00bbon|phone\u00bb global_colors_info=\u00bb{}\u00bb]<\/p>\n<h1>VILLA MA<\/h1>\n<p>[\/et_pb_text][et_pb_text disabled_on=\u00bboff|off|off\u00bb _builder_version=\u00bb4.27.6&#8243; _module_preset=\u00bbdefault\u00bb text_font=\u00bbRoboto||||||||\u00bb text_text_color=\u00bb#F1ECE6&#8243; text_font_size=\u00bb18px\u00bb header_4_font=\u00bbRoboto Condensed|||on|||||\u00bb header_4_text_color=\u00bb#9DA79B\u00bb header_4_font_size=\u00bb14px\u00bb custom_margin=\u00bb0px||5%||false|false\u00bb custom_padding=\u00bb0px||||false|false\u00bb locked=\u00bboff\u00bb global_colors_info=\u00bb{}\u00bb]<\/p>\n<h4>Mallorca, Espa\u00f1a<\/h4>\n<p>[\/et_pb_text][et_pb_text disabled_on=\u00bboff|off|on\u00bb _builder_version=\u00bb4.27.6&#8243; _module_preset=\u00bbdefault\u00bb text_font=\u00bbunivers|300|||||||\u00bb text_text_color=\u00bb#626c5b\u00bb text_font_size=\u00bb13px\u00bb text_letter_spacing=\u00bb-0.5px\u00bb text_line_height=\u00bb1.4em\u00bb header_4_font=\u00bbRoboto Condensed||||||||\u00bb header_4_text_color=\u00bb#F1ECE6&#8243; text_orientation=\u00bbjustified\u00bb hover_enabled=\u00bb0&#8243; locked=\u00bboff\u00bb global_colors_info=\u00bb{}\u00bb sticky_enabled=\u00bb0&#8243;]<\/p>\n<p><span style=\"font-weight: 400;\">Hay proyectos que no comienzan con un simple boceto, sino con el prop\u00f3sito de cumplir una promesa. Es el caso de esta villa en el Golf de Bendinat, que naci\u00f3 como una reinvenci\u00f3n absoluta a partir de una estructura preexistente. La tratamos como un lienzo en blanco, permitiendo que la propia topograf\u00eda del terreno dictara el alma del proyecto<\/span><span style=\"font-weight: 400;\">.<\/span><\/p>\n<p><span style=\"font-weight: 400;\">El coraz\u00f3n de la casa es su hall de doble altura, un espacio que respira y juega con los desniveles, como Alvar Aalto lo hizo en la Villa Mairea donde la arquitectura no funciona como tel\u00f3n de fondo, sino que es una experiencia habitada.\u00a0<\/span><\/p>\n<p><span style=\"font-weight: 400;\">Los materiales cuentan la historia de su origen: piedra local trabajada a mano, madera en tonos c\u00e1lidos que recogen la tradici\u00f3n mallorquina sin renunciar a la contemporaneidad. Cada estancia conversa con la siguiente a trav\u00e9s de un lenguaje coherente, mediterr\u00e1neo en esencia, pero construido con la precisi\u00f3n de quien no deja nada al azar.<\/span><\/p>\n<p><span style=\"font-weight: 400;\">En la FASE CONCEPTUAL definimos la esencia de Villa Ma: el concepto, el estilo y los materiales que capturan su car\u00e1cter mediterr\u00e1neo y que guiar\u00edan cada decisi\u00f3n posterior. El trabajo que se llev\u00f3 a partir de la FASE DESARROLLO ha sido desafiante por el hecho de respetar la estructura existente, no obstante, pudimos implementar este recorrido org\u00e1nico a trav\u00e9s de espacios de doble altura, desniveles, celos\u00edas de madera y vegetaci\u00f3n interior. Mediante la FASE PROYECTO definimos los dibujos t\u00e9cnicos, los materiales y todos los componentes que la hacen tan mediterr\u00e1nea. <\/span><span style=\"font-weight: 400;\">Para finalizar, hemos estado haciendo visitas de obra, coordinaci\u00f3n con los arquitectos y todos los industriales implicados para que cada detalle quede exactamente como en nuestros dibujos<\/span><span style=\"font-weight: 400;\">.<\/span><\/p>\n<p>[\/et_pb_text][et_pb_text disabled_on=\u00bboff|off|on\u00bb _builder_version=\u00bb4.27.6&#8243; _module_preset=\u00bbdefault\u00bb text_font=\u00bbRoboto||||||||\u00bb text_text_color=\u00bb#F1ECE6&#8243; text_font_size=\u00bb18px\u00bb header_4_font=\u00bbRoboto Condensed|||on|||||\u00bb header_4_text_color=\u00bb#626c5b\u00bb header_4_font_size=\u00bb13px\u00bb header_4_letter_spacing=\u00bb1px\u00bb header_4_line_height=\u00bb1.4em\u00bb custom_margin=\u00bb0px||0.5%||false|false\u00bb custom_padding=\u00bb0px||||false|false\u00bb locked=\u00bboff\u00bb global_colors_info=\u00bb{}\u00bb]<\/p>\n<h4 class=\"p1\"><span class=\"s1\"><span style=\"color: #9da79b;\">Constructora<\/span>\u00a0\u00b7 <a href=\"https:\/\/www.edificam.com\/\" target=\"_blank\" rel=\"noopener\">Edificam Illes<\/a><br \/><\/span><span class=\"s1\"><span style=\"color: #9da79b;\">Arquitectura:<\/span>\u00a0\u00b7 <a href=\"https:\/\/www.manelavila.com\/es\" target=\"_blank\" rel=\"noopener\">Avila Projects<\/a><br \/><\/span><span class=\"s1\"><span style=\"color: #9da79b;\">Promotor<\/span>\u00a0\u00b7 Grupo Big Sixdificam<br \/><\/span><span class=\"s1\"><span style=\"color: #9da79b;\">Fot\u00f3grafo<\/span>\u00a0\u00b7 Ayala Terra<\/span><\/h4>\n<p>[\/et_pb_text][\/et_pb_column][\/et_pb_row][\/et_pb_section][et_pb_section fb_built=\u00bb1&#8243; _builder_version=\u00bb4.27.6&#8243; _module_preset=\u00bbdefault\u00bb background_color=\u00bb#F1ECE6&#8243; custom_padding=\u00bb0px||||false|false\u00bb custom_css_free_form=\u00bb.imagen-1 {||    width: 100% !important;||    clear: both !important;||    display: block !important;||    padding-top: 80px!important;||  \tmargin-left: 500px!important;||}||||.imagen-2 {||  padding-top: 20px!important;||  margin-left: 85px!important;||}||||.imagen-3 {||  margin-left: 30px!important;||  padding-top: 300px!important;||}||||.imagen-2, .imagen-3 {||    float: left !important;||    margin-bottom: 0 !important; ||}||||.imagen-4 {||    width: 100% !important;||    clear: both !important;||    display: block !important;||    padding-top: 80px!important;||  \tmargin-left: 100px!important;||}||||.imagen-5 {||    width: 100% !important;||    clear: both !important;||    display: block !important;||    padding-top: 80px!important;||  \tmargin-left: 720px!important;||}||||.imagen-6 {||  padding-top: 20px!important;||  margin-left: 170px!important;||}||||.imagen-7 {||  margin-left: 30px!important;||  padding-top: 90px!important;||}||||.imagen-6, .imagen-7 {||    float: left !important;||    margin-bottom: 0 !important; ||}||||.imagen-8 {||    width: 100% !important;||    clear: both !important;||    display: block !important;||    padding-top: 80px!important;||  \tmargin-left: 200px!important;||}||||.imagen-9 {||  margin-left: 30px!important;||  padding-top: 350px!important;||}||||.imagen-8, .imagen-9 {||    float: left !important;||    margin-bottom: 0 !important; ||}||||.imagen-10 {||    width: 100% !important;||    clear: both !important;||    display: block !important;||    padding-top: 80px!important;||  \tmargin-left: 300px!important;||}||||.imagen-11 {||    width: 100% !important;||    clear: both !important;||    display: block !important;||    padding-top: 80px!important;||  \tmargin-left: 200px!important;||}||||||||@media (max-width: 1600px) {||  .fila-proyecto.et_pb_row {||    display: flex !important;||    flex-direction: column !important;||    flex-wrap: nowrap !important;||  }||||  .fila-proyecto .et_pb_column {||    width: 100% !important;||    margin-left: 0 !important;||  }||||  .columna-sticky {||    order: 1 !important;||    position: relative !important;||    top: 0 !important;||    align-self: auto !important;||    max-width: 100% !important;||    padding: 40px 60px !important;||  }||||  .fila-proyecto .et_pb_column:not(.columna-sticky) {||    order: 2 !important;||    margin-top: 60px !important;||    padding: 60px !important;||  }||||  .imagen-1,||  .imagen-2,||  .imagen-3,||  .imagen-4,||  .imagen-5,||  .imagen-6,||  .imagen-7,||  .imagen-8,||  .imagen-9,||  .imagen-10,||  .imagen-11,||  .imagen-12||  {||    float: none !important;||    clear: both !important;||    display: block !important;||    width: 100% !important;||    height: auto !important;||    max-width: 95% !important;||    margin-left: auto !important;||    margin-right: auto !important;||    margin-bottom: 12px !important;||    padding-top: 8px !important;||    text-align: center !important;||  }||}||||@media (max-width: 768px) {||  .fila-proyecto.et_pb_row .et_pb_column:not(.columna-sticky) {||    margin-top: 10px !important;||  }||}\u00bb global_colors_info=\u00bb{}\u00bb][et_pb_row column_structure=\u00bb3_5,2_5&#8243; module_class=\u00bbfila-proyecto\u00bb _builder_version=\u00bb4.27.6&#8243; _module_preset=\u00bbdefault\u00bb width=\u00bb100%\u00bb max_width=\u00bb100%\u00bb custom_padding=\u00bb0px||||false|false\u00bb custom_css_free_form=\u00bb.columna-sticky {||  position: sticky;||  top: 150px!important;||  align-self: flex-start;||}\u00bb global_colors_info=\u00bb{}\u00bb][et_pb_column type=\u00bb3_5&#8243; _builder_version=\u00bb4.27.6&#8243; _module_preset=\u00bbdefault\u00bb global_colors_info=\u00bb{}\u00bb][et_pb_image src=\u00bbhttps:\/\/atelierbyedificam.com\/wp-content\/uploads\/2026\/04\/bendinat_22_03.jpg\u00bb module_class=\u00bbimagen-1&#8243; _builder_version=\u00bb4.27.6&#8243; _module_preset=\u00bbdefault\u00bb max_width=\u00bb50%\u00bb global_colors_info=\u00bb{}\u00bb][\/et_pb_image][et_pb_image src=\u00bbhttps:\/\/atelierbyedificam.com\/wp-content\/uploads\/2026\/04\/bendinat_22_04.jpg\u00bb module_class=\u00bbimagen-2&#8243; _builder_version=\u00bb4.27.6&#8243; _module_preset=\u00bbdefault\u00bb max_width=\u00bb50%\u00bb global_colors_info=\u00bb{}\u00bb][\/et_pb_image][et_pb_image src=\u00bbhttps:\/\/atelierbyedificam.com\/wp-content\/uploads\/2026\/04\/bendinat_22_06.jpg\u00bb module_class=\u00bbimagen-3&#8243; _builder_version=\u00bb4.27.6&#8243; _module_preset=\u00bbdefault\u00bb max_width=\u00bb35%\u00bb global_colors_info=\u00bb{}\u00bb][\/et_pb_image][et_pb_image src=\u00bbhttps:\/\/atelierbyedificam.com\/wp-content\/uploads\/2026\/04\/bendinat_22_11.jpg\u00bb module_class=\u00bbimagen-4&#8243; _builder_version=\u00bb4.27.6&#8243; _module_preset=\u00bbdefault\u00bb max_width=\u00bb65%\u00bb global_colors_info=\u00bb{}\u00bb][\/et_pb_image][et_pb_image src=\u00bbhttps:\/\/atelierbyedificam.com\/wp-content\/uploads\/2026\/04\/bendinat_22_09.jpg\u00bb module_class=\u00bbimagen-5&#8243; _builder_version=\u00bb4.27.6&#8243; _module_preset=\u00bbdefault\u00bb max_width=\u00bb30%\u00bb global_colors_info=\u00bb{}\u00bb][\/et_pb_image][et_pb_image src=\u00bbhttps:\/\/atelierbyedificam.com\/wp-content\/uploads\/2026\/04\/bendinat_22_32.jpg\u00bb module_class=\u00bbimagen-6&#8243; _builder_version=\u00bb4.27.6&#8243; _module_preset=\u00bbdefault\u00bb max_width=\u00bb38%\u00bb global_colors_info=\u00bb{}\u00bb][\/et_pb_image][et_pb_image src=\u00bbhttps:\/\/atelierbyedificam.com\/wp-content\/uploads\/2026\/04\/bendinat_22_27.jpg\u00bb module_class=\u00bbimagen-7&#8243; _builder_version=\u00bb4.27.6&#8243; _module_preset=\u00bbdefault\u00bb max_width=\u00bb28%\u00bb global_colors_info=\u00bb{}\u00bb][\/et_pb_image][et_pb_image src=\u00bbhttps:\/\/atelierbyedificam.com\/wp-content\/uploads\/2026\/04\/bendinat_22_35.jpg\u00bb module_class=\u00bbimagen-8&#8243; _builder_version=\u00bb4.27.6&#8243; _module_preset=\u00bbdefault\u00bb max_width=\u00bb35%\u00bb global_colors_info=\u00bb{}\u00bb][\/et_pb_image][et_pb_image src=\u00bbhttps:\/\/atelierbyedificam.com\/wp-content\/uploads\/2026\/04\/bendinat_22_30.jpg\u00bb module_class=\u00bbimagen-9&#8243; _builder_version=\u00bb4.27.6&#8243; _module_preset=\u00bbdefault\u00bb max_width=\u00bb34%\u00bb global_colors_info=\u00bb{}\u00bb][\/et_pb_image][et_pb_image src=\u00bbhttps:\/\/atelierbyedificam.com\/wp-content\/uploads\/2026\/04\/bendinat_22_34.jpg\u00bb module_class=\u00bbimagen-10&#8243; _builder_version=\u00bb4.27.6&#8243; _module_preset=\u00bbdefault\u00bb max_width=\u00bb45%\u00bb global_colors_info=\u00bb{}\u00bb][\/et_pb_image][et_pb_image src=\u00bbhttps:\/\/atelierbyedificam.com\/wp-content\/uploads\/2026\/04\/bendinat_22_23.jpg\u00bb title_text=\u00bbbendinat_22_23&#8243; module_class=\u00bbimagen-11&#8243; _builder_version=\u00bb4.27.6&#8243; _module_preset=\u00bbdefault\u00bb max_width=\u00bb60%\u00bb global_colors_info=\u00bb{}\u00bb][\/et_pb_image][\/et_pb_column][et_pb_column type=\u00bb2_5&#8243; module_class=\u00bbcolumna-sticky\u00bb _builder_version=\u00bb4.27.6&#8243; _module_preset=\u00bbdefault\u00bb global_colors_info=\u00bb{}\u00bb][et_pb_text disabled_on=\u00bbon|on|off\u00bb _builder_version=\u00bb4.27.6&#8243; _module_preset=\u00bbdefault\u00bb header_font=\u00bbRoboto Condensed|||on|||||\u00bb header_text_color=\u00bb#626c5b\u00bb header_letter_spacing=\u00bb0.5px\u00bb max_width=\u00bb700px\u00bb custom_margin=\u00bb||0px|-30px|false|false\u00bb custom_padding=\u00bb||0px||false|false\u00bb header_font_size_tablet=\u00bb26px\u00bb header_font_size_phone=\u00bb18px\u00bb header_font_size_last_edited=\u00bbon|phone\u00bb locked=\u00bboff\u00bb global_colors_info=\u00bb{}\u00bb]<\/p>\n<h1>VILLA MA<\/h1>\n<p>[\/et_pb_text][et_pb_text disabled_on=\u00bbon|on|off\u00bb _builder_version=\u00bb4.27.6&#8243; _module_preset=\u00bbdefault\u00bb text_font=\u00bbRoboto||||||||\u00bb text_text_color=\u00bb#F1ECE6&#8243; text_font_size=\u00bb18px\u00bb header_4_font=\u00bbRoboto Condensed|||on|||||\u00bb header_4_text_color=\u00bb#9DA79B\u00bb header_4_font_size=\u00bb14px\u00bb custom_margin=\u00bb0px||5%|-30px|false|false\u00bb custom_padding=\u00bb0px||||false|false\u00bb locked=\u00bboff\u00bb global_colors_info=\u00bb{}\u00bb]<\/p>\n<h4>Mallorca, Espa\u00f1a<\/h4>\n<p>[\/et_pb_text][et_pb_text disabled_on=\u00bbon|on|off\u00bb _builder_version=\u00bb4.27.6&#8243; _module_preset=\u00bbdefault\u00bb text_font=\u00bbunivers|300|||||||\u00bb text_text_color=\u00bb#626c5b\u00bb text_letter_spacing=\u00bb-0.5px\u00bb text_line_height=\u00bb1.4em\u00bb header_4_font=\u00bbRoboto Condensed||||||||\u00bb header_4_text_color=\u00bb#F1ECE6&#8243; text_orientation=\u00bbjustified\u00bb max_width=\u00bb95%\u00bb custom_margin=\u00bb|||-30px|false|false\u00bb hover_enabled=\u00bb0&#8243; locked=\u00bboff\u00bb global_colors_info=\u00bb{}\u00bb sticky_enabled=\u00bb0&#8243;]<\/p>\n<p><span style=\"font-weight: 400;\">Hay proyectos que no comienzan con un simple boceto, sino con el prop\u00f3sito de cumplir una promesa. Es el caso de esta villa en el Golf de Bendinat, que naci\u00f3 como una reinvenci\u00f3n absoluta a partir de una estructura preexistente. La tratamos como un lienzo en blanco, permitiendo que la propia topograf\u00eda del terreno dictara el alma del proyecto<\/span><span style=\"font-weight: 400;\">.<\/span><\/p>\n<p><span style=\"font-weight: 400;\">El coraz\u00f3n de la casa es su hall de doble altura, un espacio que respira y juega con los desniveles, como Alvar Aalto lo hizo en la Villa Mairea donde la arquitectura no funciona como tel\u00f3n de fondo, sino que es una experiencia habitada.\u00a0<\/span><\/p>\n<p><span style=\"font-weight: 400;\">Los materiales cuentan la historia de su origen: piedra local trabajada a mano, madera en tonos c\u00e1lidos que recogen la tradici\u00f3n mallorquina sin renunciar a la contemporaneidad. Cada estancia conversa con la siguiente a trav\u00e9s de un lenguaje coherente, mediterr\u00e1neo en esencia, pero construido con la precisi\u00f3n de quien no deja nada al azar.<\/span><\/p>\n<p><span style=\"font-weight: 400;\">En la FASE CONCEPTUAL definimos la esencia de Villa Ma: el concepto, el estilo y los materiales que capturan su car\u00e1cter mediterr\u00e1neo y que guiar\u00edan cada decisi\u00f3n posterior. El trabajo que se llev\u00f3 a partir de la FASE DESARROLLO ha sido desafiante por el hecho de respetar la estructura existente, no obstante, pudimos implementar este recorrido org\u00e1nico a trav\u00e9s de espacios de doble altura, desniveles, celos\u00edas de madera y vegetaci\u00f3n interior. Mediante la FASE PROYECTO definimos los dibujos t\u00e9cnicos, los materiales y todos los componentes que la hacen tan mediterr\u00e1nea. <\/span><span style=\"font-weight: 400;\">Para finalizar, hemos estado haciendo visitas de obra, coordinaci\u00f3n con los arquitectos y todos los industriales implicados para que cada detalle quede exactamente como en nuestros dibujos<\/span><span style=\"font-weight: 400;\">.<\/span><\/p>\n<p>[\/et_pb_text][et_pb_text disabled_on=\u00bbon|on|off\u00bb _builder_version=\u00bb4.27.6&#8243; _module_preset=\u00bbdefault\u00bb text_font=\u00bbRoboto||||||||\u00bb text_text_color=\u00bb#F1ECE6&#8243; text_font_size=\u00bb18px\u00bb header_4_font=\u00bbRoboto Condensed|||on|||||\u00bb header_4_text_color=\u00bb#626c5b\u00bb header_4_font_size=\u00bb13px\u00bb header_4_letter_spacing=\u00bb1px\u00bb header_4_line_height=\u00bb1.4em\u00bb custom_margin=\u00bb||0.5%|-30px|false|false\u00bb custom_padding=\u00bb||||false|false\u00bb locked=\u00bboff\u00bb global_colors_info=\u00bb{}\u00bb]<\/p>\n<h4 class=\"p1\"><span class=\"s1\"><span style=\"color: #9da79b;\">Constructora<\/span>\u00a0\u00b7 <a href=\"https:\/\/www.edificam.com\/\" target=\"_blank\" rel=\"noopener\">Edificam Illes<\/a><br \/><\/span><span class=\"s1\"><span style=\"color: #9da79b;\">Arquitectura:<\/span>\u00a0\u00b7 <a href=\"https:\/\/www.manelavila.com\/es\" target=\"_blank\" rel=\"noopener\">Avila Projects<\/a><br \/><\/span><span class=\"s1\"><span style=\"color: #9da79b;\">Promotor<\/span>\u00a0\u00b7 Grupo Big Sixdificam<br \/><\/span><span class=\"s1\"><span style=\"color: #9da79b;\">Fot\u00f3grafo<\/span>\u00a0\u00b7 Ayala Terra<\/span><\/h4>\n<p>[\/et_pb_text][\/et_pb_column][\/et_pb_row][\/et_pb_section]<\/p>\n","protected":false},"excerpt":{"rendered":"<p>VILLA MAMallorca, Espa\u00f1aHay proyectos que no comienzan con un simple boceto, sino con el prop\u00f3sito de cumplir una promesa. Es el caso de esta villa en el Golf de Bendinat, que naci\u00f3 como una reinvenci\u00f3n absoluta a partir de una estructura preexistente. La tratamos como un lienzo en blanco, permitiendo que la propia topograf\u00eda del [&hellip;]<\/p>\n","protected":false},"author":1,"featured_media":0,"parent":0,"menu_order":0,"comment_status":"closed","ping_status":"closed","template":"","meta":{"_et_pb_use_builder":"on","_et_pb_old_content":"","_et_gb_content_width":"","footnotes":""},"class_list":["post-3107","page","type-page","status-publish","hentry"],"yoast_head":"<!-- This site is optimized with the Yoast SEO plugin v27.6 - https:\/\/yoast.com\/product\/yoast-seo-wordpress\/ -->\n<title>Villa Ma - Atelier by Edificam<\/title>\n<meta name=\"robots\" content=\"index, follow, max-snippet:-1, max-image-preview:large, max-video-preview:-1\" \/>\n<link rel=\"canonical\" href=\"https:\/\/atelierbyedificam.com\/es\/villa-ma\/\" \/>\n<meta property=\"og:locale\" content=\"es_ES\" \/>\n<meta property=\"og:type\" content=\"article\" \/>\n<meta property=\"og:title\" content=\"Villa Ma - Atelier by Edificam\" \/>\n<meta property=\"og:description\" content=\"VILLA MAMallorca, Espa\u00f1aHay proyectos que no comienzan con un simple boceto, sino con el prop\u00f3sito de cumplir una promesa. Es el caso de esta villa en el Golf de Bendinat, que naci\u00f3 como una reinvenci\u00f3n absoluta a partir de una estructura preexistente. La tratamos como un lienzo en blanco, permitiendo que la propia topograf\u00eda del [&hellip;]\" \/>\n<meta property=\"og:url\" content=\"https:\/\/atelierbyedificam.com\/es\/villa-ma\/\" \/>\n<meta property=\"og:site_name\" content=\"Atelier by Edificam\" \/>\n<meta property=\"article:modified_time\" content=\"2026-05-12T12:20:28+00:00\" \/>\n<meta name=\"twitter:card\" content=\"summary_large_image\" \/>\n<meta name=\"twitter:label1\" content=\"Tiempo de lectura\" \/>\n\t<meta name=\"twitter:data1\" content=\"10 minutos\" \/>\n<script type=\"application\/ld+json\" class=\"yoast-schema-graph\">{\"@context\":\"https:\\\/\\\/schema.org\",\"@graph\":[{\"@type\":\"WebPage\",\"@id\":\"https:\\\/\\\/atelierbyedificam.com\\\/es\\\/villa-ma\\\/\",\"url\":\"https:\\\/\\\/atelierbyedificam.com\\\/es\\\/villa-ma\\\/\",\"name\":\"Villa Ma - Atelier by Edificam\",\"isPartOf\":{\"@id\":\"https:\\\/\\\/atelierbyedificam.com\\\/es\\\/#website\"},\"datePublished\":\"2026-03-17T10:28:44+00:00\",\"dateModified\":\"2026-05-12T12:20:28+00:00\",\"breadcrumb\":{\"@id\":\"https:\\\/\\\/atelierbyedificam.com\\\/es\\\/villa-ma\\\/#breadcrumb\"},\"inLanguage\":\"es\",\"potentialAction\":[{\"@type\":\"ReadAction\",\"target\":[\"https:\\\/\\\/atelierbyedificam.com\\\/es\\\/villa-ma\\\/\"]}]},{\"@type\":\"BreadcrumbList\",\"@id\":\"https:\\\/\\\/atelierbyedificam.com\\\/es\\\/villa-ma\\\/#breadcrumb\",\"itemListElement\":[{\"@type\":\"ListItem\",\"position\":1,\"name\":\"Startseite\",\"item\":\"https:\\\/\\\/atelierbyedificam.com\\\/es\\\/\"},{\"@type\":\"ListItem\",\"position\":2,\"name\":\"Villa Ma\"}]},{\"@type\":\"WebSite\",\"@id\":\"https:\\\/\\\/atelierbyedificam.com\\\/es\\\/#website\",\"url\":\"https:\\\/\\\/atelierbyedificam.com\\\/es\\\/\",\"name\":\"Atelier by Edificam\",\"description\":\"Interior design\",\"potentialAction\":[{\"@type\":\"SearchAction\",\"target\":{\"@type\":\"EntryPoint\",\"urlTemplate\":\"https:\\\/\\\/atelierbyedificam.com\\\/es\\\/?s={search_term_string}\"},\"query-input\":{\"@type\":\"PropertyValueSpecification\",\"valueRequired\":true,\"valueName\":\"search_term_string\"}}],\"inLanguage\":\"es\"}]}<\/script>\n<!-- \/ Yoast SEO plugin. -->","yoast_head_json":{"title":"Villa Ma - Atelier by Edificam","robots":{"index":"index","follow":"follow","max-snippet":"max-snippet:-1","max-image-preview":"max-image-preview:large","max-video-preview":"max-video-preview:-1"},"canonical":"https:\/\/atelierbyedificam.com\/es\/villa-ma\/","og_locale":"es_ES","og_type":"article","og_title":"Villa Ma - Atelier by Edificam","og_description":"VILLA MAMallorca, Espa\u00f1aHay proyectos que no comienzan con un simple boceto, sino con el prop\u00f3sito de cumplir una promesa. Es el caso de esta villa en el Golf de Bendinat, que naci\u00f3 como una reinvenci\u00f3n absoluta a partir de una estructura preexistente. La tratamos como un lienzo en blanco, permitiendo que la propia topograf\u00eda del [&hellip;]","og_url":"https:\/\/atelierbyedificam.com\/es\/villa-ma\/","og_site_name":"Atelier by Edificam","article_modified_time":"2026-05-12T12:20:28+00:00","twitter_card":"summary_large_image","twitter_misc":{"Tiempo de lectura":"10 minutos"},"schema":{"@context":"https:\/\/schema.org","@graph":[{"@type":"WebPage","@id":"https:\/\/atelierbyedificam.com\/es\/villa-ma\/","url":"https:\/\/atelierbyedificam.com\/es\/villa-ma\/","name":"Villa Ma - Atelier by Edificam","isPartOf":{"@id":"https:\/\/atelierbyedificam.com\/es\/#website"},"datePublished":"2026-03-17T10:28:44+00:00","dateModified":"2026-05-12T12:20:28+00:00","breadcrumb":{"@id":"https:\/\/atelierbyedificam.com\/es\/villa-ma\/#breadcrumb"},"inLanguage":"es","potentialAction":[{"@type":"ReadAction","target":["https:\/\/atelierbyedificam.com\/es\/villa-ma\/"]}]},{"@type":"BreadcrumbList","@id":"https:\/\/atelierbyedificam.com\/es\/villa-ma\/#breadcrumb","itemListElement":[{"@type":"ListItem","position":1,"name":"Startseite","item":"https:\/\/atelierbyedificam.com\/es\/"},{"@type":"ListItem","position":2,"name":"Villa Ma"}]},{"@type":"WebSite","@id":"https:\/\/atelierbyedificam.com\/es\/#website","url":"https:\/\/atelierbyedificam.com\/es\/","name":"Atelier by Edificam","description":"Interior design","potentialAction":[{"@type":"SearchAction","target":{"@type":"EntryPoint","urlTemplate":"https:\/\/atelierbyedificam.com\/es\/?s={search_term_string}"},"query-input":{"@type":"PropertyValueSpecification","valueRequired":true,"valueName":"search_term_string"}}],"inLanguage":"es"}]}},"_links":{"self":[{"href":"https:\/\/atelierbyedificam.com\/es\/wp-json\/wp\/v2\/pages\/3107","targetHints":{"allow":["GET"]}}],"collection":[{"href":"https:\/\/atelierbyedificam.com\/es\/wp-json\/wp\/v2\/pages"}],"about":[{"href":"https:\/\/atelierbyedificam.com\/es\/wp-json\/wp\/v2\/types\/page"}],"author":[{"embeddable":true,"href":"https:\/\/atelierbyedificam.com\/es\/wp-json\/wp\/v2\/users\/1"}],"replies":[{"embeddable":true,"href":"https:\/\/atelierbyedificam.com\/es\/wp-json\/wp\/v2\/comments?post=3107"}],"version-history":[{"count":3,"href":"https:\/\/atelierbyedificam.com\/es\/wp-json\/wp\/v2\/pages\/3107\/revisions"}],"predecessor-version":[{"id":3111,"href":"https:\/\/atelierbyedificam.com\/es\/wp-json\/wp\/v2\/pages\/3107\/revisions\/3111"}],"wp:attachment":[{"href":"https:\/\/atelierbyedificam.com\/es\/wp-json\/wp\/v2\/media?parent=3107"}],"curies":[{"name":"wp","href":"https:\/\/api.w.org\/{rel}","templated":true}]}}