{"id":2893,"date":"2026-03-17T10:29:13","date_gmt":"2026-03-17T10:29:13","guid":{"rendered":"https:\/\/atelierbyedificam.com\/mar-adalt\/"},"modified":"2026-05-12T11:37:09","modified_gmt":"2026-05-12T11:37:09","slug":"mar-adalt","status":"publish","type":"page","link":"https:\/\/atelierbyedificam.com\/es\/mar-adalt\/","title":{"rendered":"Mar Adalt"},"content":{"rendered":"<p>[et_pb_section fb_built=\u00bb1&#8243; module_id=\u00bbGalerie\u00bb _builder_version=\u00bb4.27.6&#8243; _module_preset=\u00bbdefault\u00bb background_color=\u00bb#F1ECE6&#8243; custom_margin=\u00bb-170px||||false|false\u00bb custom_padding=\u00bb170px||0px||false|false\u00bb locked=\u00bboff\u00bb global_colors_info=\u00bb{}\u00bb][et_pb_row disabled_on=\u00bboff|off|on\u00bb _builder_version=\u00bb4.27.6&#8243; _module_preset=\u00bbdefault\u00bb width=\u00bb95%\u00bb width_tablet=\u00bb95%\u00bb width_phone=\u00bb90%\u00bb width_last_edited=\u00bbon|phone\u00bb max_width=\u00bb90%\u00bb custom_margin=\u00bb0px||||false|false\u00bb custom_padding=\u00bb10px||||false|false\u00bb global_colors_info=\u00bb{}\u00bb][et_pb_column type=\u00bb4_4&#8243; _builder_version=\u00bb4.27.5&#8243; _module_preset=\u00bbdefault\u00bb global_colors_info=\u00bb{}\u00bb][et_pb_image src=\u00bbhttps:\/\/atelierbyedificam.com\/wp-content\/uploads\/2026\/04\/0.COVER_-2.jpg\u00bb alt=\u00bbVilla Atalaia\u00bb title_text=\u00bbVilla Atalaia\u00bb align=\u00bbcenter\u00bb _builder_version=\u00bb4.27.6&#8243; _module_preset=\u00bbdefault\u00bb global_colors_info=\u00bb{}\u00bb][\/et_pb_image][et_pb_text disabled_on=\u00bboff|off|off\u00bb _builder_version=\u00bb4.27.6&#8243; _module_preset=\u00bbdefault\u00bb header_font=\u00bbRoboto Condensed|||on|||||\u00bb header_text_color=\u00bb#626c5b\u00bb header_letter_spacing=\u00bb0.5px\u00bb max_width=\u00bb700px\u00bb custom_margin=\u00bb||0px||false|false\u00bb custom_padding=\u00bb||0px||false|false\u00bb header_font_size_tablet=\u00bb26px\u00bb header_font_size_phone=\u00bb22px\u00bb header_font_size_last_edited=\u00bbon|phone\u00bb global_colors_info=\u00bb{}\u00bb]<\/p>\n<h1>MAR ADALT<\/h1>\n<p>[\/et_pb_text][et_pb_text disabled_on=\u00bboff|off|off\u00bb _builder_version=\u00bb4.27.6&#8243; _module_preset=\u00bbdefault\u00bb text_font=\u00bbRoboto||||||||\u00bb text_text_color=\u00bb#F1ECE6&#8243; text_font_size=\u00bb18px\u00bb header_4_font=\u00bbRoboto Condensed|||on|||||\u00bb header_4_text_color=\u00bb#9DA79B\u00bb header_4_font_size=\u00bb14px\u00bb custom_margin=\u00bb0px||5%||false|false\u00bb custom_padding=\u00bb0px||||false|false\u00bb locked=\u00bboff\u00bb global_colors_info=\u00bb{}\u00bb]<\/p>\n<h4>Mallorca, Espa\u00f1a<\/h4>\n<p>[\/et_pb_text][et_pb_text disabled_on=\u00bboff|off|on\u00bb _builder_version=\u00bb4.27.6&#8243; _module_preset=\u00bbdefault\u00bb text_font=\u00bbunivers|300|||||||\u00bb text_text_color=\u00bb#626c5b\u00bb text_font_size=\u00bb13px\u00bb text_letter_spacing=\u00bb-0.5px\u00bb text_line_height=\u00bb1.4em\u00bb header_4_font=\u00bbRoboto Condensed||||||||\u00bb header_4_text_color=\u00bb#F1ECE6&#8243; text_orientation=\u00bbjustified\u00bb hover_enabled=\u00bb0&#8243; locked=\u00bboff\u00bb global_colors_info=\u00bb{}\u00bb sticky_enabled=\u00bb0&#8243;]<\/p>\n<p><span style=\"font-weight: 400;\">MAR ADALT naci\u00f3 con un prop\u00f3sito: que cada metro cuadrado tuviera sentido.<\/span><\/p>\n<p><span style=\"font-weight: 400;\">Esta sensaci\u00f3n se percibe observando c\u00f3mo la luz entra y recorre los espacios, c\u00f3mo cada rinc\u00f3n tiene un fin, pero tambi\u00e9n una calma. Dise\u00f1amos cada planta para que vivir en ella fuera f\u00e1cil, intuitivo, liberador.<\/span><\/p>\n<p><span style=\"font-weight: 400;\">Ubicado en el enclave de Marivent, un entorno marcado por el legado hist\u00f3rico y la distinci\u00f3n. Los materiales no se eligieron solo por su belleza, sino por lo que transmiten: calidez, quietud, y permanencia.<\/span><\/p>\n<p><span style=\"font-weight: 400;\">Y para quienes viven m\u00e1s cerca del cielo, los \u00e1ticos ofrecen algo m\u00e1s: el mar en el horizonte, la ciudad a los pies, y ese silencio particular que solo existe en las alturas.<\/span><\/p>\n<p><span style=\"font-weight: 400;\">Desde el departamento de interiorismo empezamos por la FASE CONCEPTUAL, definimos el hilo conductor que acompa\u00f1ar\u00eda toda la promoci\u00f3n: el estilo, los materiales y la atm\u00f3sfera que dar\u00edan coherencia a cada una de las 23 viviendas, junto a sus zonas comunes. <\/span><span style=\"font-weight: 400;\">En la FASE DESARROLLO, profundizamos en las distribuciones y construimos los espacios con intenci\u00f3n, con el reto a\u00f1adido de mantener la coherencia y la calidad a lo largo de todo el proyecto<\/span><span style=\"font-weight: 400;\">. En la FASE PROYECTO volcamos esa visi\u00f3n en los detalles t\u00e9cnicos y las decisiones de obra, logrando que el resultado final respondiera con exactitud a lo que hab\u00edamos imaginado.<\/span><\/p>\n<p><span style=\"font-weight: 400;\">Para el piso piloto, dimos un paso m\u00e1s: elegimos cada pieza de mobiliario y cada material pensando en quien habitar\u00eda la vivienda, buscando que el confort y la est\u00e9tica fueran inseparables. El proyecto decorativo y de atrezzo puso el punto final, cuidando cada objeto y cada textura para que el espacio transmitiera, desde el primer momento, todo lo que esta promoci\u00f3n representa.<\/span><\/p>\n<p>[\/et_pb_text][et_pb_text disabled_on=\u00bboff|off|on\u00bb _builder_version=\u00bb4.27.6&#8243; _module_preset=\u00bbdefault\u00bb text_font=\u00bbRoboto||||||||\u00bb text_text_color=\u00bb#F1ECE6&#8243; text_font_size=\u00bb18px\u00bb header_4_font=\u00bbRoboto Condensed|||on|||||\u00bb header_4_text_color=\u00bb#626c5b\u00bb header_4_font_size=\u00bb13px\u00bb header_4_letter_spacing=\u00bb1px\u00bb header_4_line_height=\u00bb1.4em\u00bb custom_margin=\u00bb0px||0.5%||false|false\u00bb custom_padding=\u00bb0px||||false|false\u00bb locked=\u00bboff\u00bb global_colors_info=\u00bb{}\u00bb]<\/p>\n<h4 class=\"p1\"><span class=\"s1\"><span style=\"color: #9da79b;\">Constructora<\/span>\u00a0\u00b7 <a href=\"https:\/\/www.edificam.com\/\" target=\"_blank\" rel=\"noopener\">Edificam<\/a><br \/><\/span><span class=\"s1\"><span style=\"color: #9da79b;\">Arquitectura<\/span>\u00a0\u00b7 <a href=\"https:\/\/www.manelavila.com\/es\" target=\"_blank\" rel=\"noopener\">Avila Projects<\/a><br \/><\/span><span class=\"s1\"><span style=\"color: #9da79b;\">Promotor<\/span>\u00a0\u00b7 <a href=\"https:\/\/www.pni-baleares.com\/en\" target=\"_blank\" rel=\"noopener\">PNI immobilien<\/a><br \/><\/span><span class=\"s1\"><span style=\"color: #9da79b;\">Fotos<\/span> \u00b7 <a href=\"https:\/\/www.marie-caroline-lucat.com\/es\/\" target=\"_blank\" rel=\"noopener\">Marie Caroline Lucat<\/a><\/span><\/h4>\n<p>[\/et_pb_text][\/et_pb_column][\/et_pb_row][\/et_pb_section][et_pb_section fb_built=\u00bb1&#8243; _builder_version=\u00bb4.27.6&#8243; _module_preset=\u00bbdefault\u00bb background_color=\u00bb#F1ECE6&#8243; custom_padding=\u00bb0px||||false|false\u00bb custom_css_free_form=\u00bb.imagen-1 {||    width: 100% !important;||    clear: both !important;||    display: block !important;||    padding-top: 80px!important;||  \tmargin-left: 200px!important;||}||.imagen-2 {||  padding-top: 50px!important;||  margin-left: 200px!important;||}||||.imagen-3 {||  margin-left: 40px!important;||  padding-top: 300px!important;||}||||.imagen-2, .imagen-3 {||    float: left !important;||    margin-bottom: 0 !important; ||}||||.imagen-4 {||    width: 100% !important;||    clear: both !important;||    display: block !important;||    padding-top: 80px!important;||  \tmargin-left: 250px!important;||}||||.imagen-5 {||  padding-top: 50px!important;||  margin-left: 200px!important;||}||||.imagen-6 {||  margin-left: 40px!important;||  padding-top: 380px!important;||}||||.imagen-5, .imagen-6 {||    float: left !important;||    margin-bottom: 0 !important; ||}||||.imagen-7 {||    width: 100% !important;||    clear: both !important;||    display: block !important;||    padding-top: 80px!important;||  \tmargin-left: 210px!important;||}||||.imagen-8 {||    width: 100% !important;||    clear: both !important;||    display: block !important;||    padding-top: 80px!important;||  \tmargin-left: 210px!important;||}||||@media (max-width: 1600px) {||  .fila-proyecto.et_pb_row {||    display: flex !important;||    flex-direction: column !important;||    flex-wrap: nowrap !important;||  }||||  .fila-proyecto .et_pb_column {||    width: 100% !important;||    margin-left: 0 !important;||  }||||  .columna-sticky {||    order: 1 !important;||    position: relative !important;||    top: 0 !important;||    align-self: auto !important;||    max-width: 100% !important;||    padding: 40px 60px !important;||  }||||  .fila-proyecto .et_pb_column:not(.columna-sticky) {||    order: 2 !important;||    margin-top: 60px !important;||    padding: 60px !important;||  }||||  .imagen-1,||  .imagen-2,||  .imagen-3,||  .imagen-4,||  .imagen-5,||  .imagen-6,||  .imagen-7,||  .imagen-8||  {||    float: none !important;||    clear: both !important;||    display: block !important;||    width: 100% !important;||    height: auto !important;||    max-width: 95% !important;||    margin-left: auto !important;||    margin-right: auto !important;||    margin-bottom: 12px !important;||    padding-top: 8px !important;||    text-align: center !important;||  }||}||||@media (max-width: 768px) {||  .fila-proyecto.et_pb_row .et_pb_column:not(.columna-sticky) {||    margin-top: 10px !important;||  }||}\u00bb global_colors_info=\u00bb{}\u00bb][et_pb_row column_structure=\u00bb3_5,2_5&#8243; module_class=\u00bbfila-proyecto\u00bb _builder_version=\u00bb4.27.6&#8243; _module_preset=\u00bbdefault\u00bb width=\u00bb100%\u00bb max_width=\u00bb100%\u00bb custom_padding=\u00bb0px||||false|false\u00bb custom_css_free_form=\u00bb.columna-sticky {||  position: sticky;||  top: 150px!important;||  align-self: flex-start;||}\u00bb global_colors_info=\u00bb{}\u00bb][et_pb_column type=\u00bb3_5&#8243; _builder_version=\u00bb4.27.6&#8243; _module_preset=\u00bbdefault\u00bb global_colors_info=\u00bb{}\u00bb][et_pb_image src=\u00bbhttps:\/\/atelierbyedificam.com\/wp-content\/uploads\/2026\/04\/AA2A4902R_MCLucat.jpg\u00bb title_text=\u00bbAA2A4902R_MCLucat\u00bb module_class=\u00bbimagen-1&#8243; _builder_version=\u00bb4.27.6&#8243; _module_preset=\u00bbdefault\u00bb max_width=\u00bb70%\u00bb global_colors_info=\u00bb{}\u00bb][\/et_pb_image][et_pb_image src=\u00bbhttps:\/\/atelierbyedificam.com\/wp-content\/uploads\/2026\/04\/AA2A4978R_MCLucat.jpg\u00bb title_text=\u00bbAA2A4978R_MCLucat\u00bb module_class=\u00bbimagen-2&#8243; _builder_version=\u00bb4.27.6&#8243; _module_preset=\u00bbdefault\u00bb max_width=\u00bb35%\u00bb global_colors_info=\u00bb{}\u00bb][\/et_pb_image][et_pb_image src=\u00bbhttps:\/\/atelierbyedificam.com\/wp-content\/uploads\/2026\/04\/AA2A4999R_MCLucat.jpg\u00bb title_text=\u00bbAA2A4999R_MCLucat\u00bb module_class=\u00bbimagen-3&#8243; _builder_version=\u00bb4.27.6&#8243; _module_preset=\u00bbdefault\u00bb max_width=\u00bb33%\u00bb global_colors_info=\u00bb{}\u00bb][\/et_pb_image][et_pb_image src=\u00bbhttps:\/\/atelierbyedificam.com\/wp-content\/uploads\/2026\/04\/AA2A4959R_MCLucat.jpg\u00bb title_text=\u00bbAA2A4959R_MCLucat\u00bb module_class=\u00bbimagen-4&#8243; _builder_version=\u00bb4.27.6&#8243; _module_preset=\u00bbdefault\u00bb max_width=\u00bb60%\u00bb global_colors_info=\u00bb{}\u00bb][\/et_pb_image][et_pb_image src=\u00bbhttps:\/\/atelierbyedificam.com\/wp-content\/uploads\/2026\/04\/AA2A4993R_MCLucat.jpg\u00bb title_text=\u00bbAA2A4993R_MCLucat\u00bb module_class=\u00bbimagen-5&#8243; _builder_version=\u00bb4.27.6&#8243; _module_preset=\u00bbdefault\u00bb max_width=\u00bb35%\u00bb global_colors_info=\u00bb{}\u00bb][\/et_pb_image][et_pb_image src=\u00bbhttps:\/\/atelierbyedificam.com\/wp-content\/uploads\/2026\/05\/AA2A4875R_MCLucat.jpg\u00bb title_text=\u00bbAA2A4875R_MCLucat\u00bb module_class=\u00bbimagen-6&#8243; _builder_version=\u00bb4.27.6&#8243; _module_preset=\u00bbdefault\u00bb max_width=\u00bb32%\u00bb global_colors_info=\u00bb{}\u00bb][\/et_pb_image][et_pb_image src=\u00bbhttps:\/\/atelierbyedificam.com\/wp-content\/uploads\/2026\/05\/AA2A4921R_MCLucat.jpg\u00bb title_text=\u00bbAA2A4921R_MCLucat\u00bb module_class=\u00bbimagen-7&#8243; _builder_version=\u00bb4.27.6&#8243; _module_preset=\u00bbdefault\u00bb max_width=\u00bb70%\u00bb global_colors_info=\u00bb{}\u00bb][\/et_pb_image][et_pb_image src=\u00bbhttps:\/\/atelierbyedificam.com\/wp-content\/uploads\/2026\/04\/AA2A4896R_MCLucat.jpg\u00bb title_text=\u00bbAA2A4896R_MCLucat\u00bb module_class=\u00bbimagen-8&#8243; _builder_version=\u00bb4.27.6&#8243; _module_preset=\u00bbdefault\u00bb max_width=\u00bb45%\u00bb global_colors_info=\u00bb{}\u00bb][\/et_pb_image][\/et_pb_column][et_pb_column type=\u00bb2_5&#8243; module_class=\u00bbcolumna-sticky\u00bb _builder_version=\u00bb4.27.6&#8243; _module_preset=\u00bbdefault\u00bb global_colors_info=\u00bb{}\u00bb][et_pb_text disabled_on=\u00bbon|on|off\u00bb _builder_version=\u00bb4.27.6&#8243; _module_preset=\u00bbdefault\u00bb header_font=\u00bbRoboto Condensed|||on|||||\u00bb header_text_color=\u00bb#626c5b\u00bb header_letter_spacing=\u00bb0.5px\u00bb max_width=\u00bb700px\u00bb custom_margin=\u00bb||0px|-30px|false|false\u00bb custom_padding=\u00bb||0px||false|false\u00bb header_font_size_tablet=\u00bb26px\u00bb header_font_size_phone=\u00bb18px\u00bb header_font_size_last_edited=\u00bbon|phone\u00bb locked=\u00bboff\u00bb global_colors_info=\u00bb{}\u00bb]<\/p>\n<h1>MAR ADALT<\/h1>\n<p>[\/et_pb_text][et_pb_text disabled_on=\u00bbon|on|off\u00bb _builder_version=\u00bb4.27.6&#8243; _module_preset=\u00bbdefault\u00bb text_font=\u00bbRoboto||||||||\u00bb text_text_color=\u00bb#F1ECE6&#8243; text_font_size=\u00bb18px\u00bb header_4_font=\u00bbRoboto Condensed|||on|||||\u00bb header_4_text_color=\u00bb#9DA79B\u00bb header_4_font_size=\u00bb14px\u00bb custom_margin=\u00bb0px||5%|-30px|false|false\u00bb custom_padding=\u00bb0px||||false|false\u00bb locked=\u00bboff\u00bb global_colors_info=\u00bb{}\u00bb]<\/p>\n<h4>Mallorca, Espa\u00f1a<\/h4>\n<p>[\/et_pb_text][et_pb_text disabled_on=\u00bbon|on|off\u00bb _builder_version=\u00bb4.27.6&#8243; _module_preset=\u00bbdefault\u00bb text_font=\u00bbunivers|300|||||||\u00bb text_text_color=\u00bb#626c5b\u00bb text_letter_spacing=\u00bb-0.5px\u00bb text_line_height=\u00bb1.4em\u00bb header_4_font=\u00bbRoboto Condensed||||||||\u00bb header_4_text_color=\u00bb#F1ECE6&#8243; text_orientation=\u00bbjustified\u00bb max_width=\u00bb95%\u00bb custom_margin=\u00bb|||-30px|false|false\u00bb hover_enabled=\u00bb0&#8243; locked=\u00bboff\u00bb global_colors_info=\u00bb{}\u00bb sticky_enabled=\u00bb0&#8243;]<\/p>\n<p><span style=\"font-weight: 400;\">MAR ADALT naci\u00f3 con un prop\u00f3sito: que cada metro cuadrado tuviera sentido.<\/span><\/p>\n<p><span style=\"font-weight: 400;\">Esta sensaci\u00f3n se percibe observando c\u00f3mo la luz entra y recorre los espacios, c\u00f3mo cada rinc\u00f3n tiene un fin, pero tambi\u00e9n una calma. Dise\u00f1amos cada planta para que vivir en ella fuera f\u00e1cil, intuitivo, liberador.<\/span><\/p>\n<p><span style=\"font-weight: 400;\">Ubicado en el enclave de Marivent, un entorno marcado por el legado hist\u00f3rico y la distinci\u00f3n. Los materiales no se eligieron solo por su belleza, sino por lo que transmiten: calidez, quietud, y permanencia.<\/span><\/p>\n<p><span style=\"font-weight: 400;\">Y para quienes viven m\u00e1s cerca del cielo, los \u00e1ticos ofrecen algo m\u00e1s: el mar en el horizonte, la ciudad a los pies, y ese silencio particular que solo existe en las alturas.<\/span><\/p>\n<p><span style=\"font-weight: 400;\">Desde el departamento de interiorismo empezamos por la FASE CONCEPTUAL, definimos el hilo conductor que acompa\u00f1ar\u00eda toda la promoci\u00f3n: el estilo, los materiales y la atm\u00f3sfera que dar\u00edan coherencia a cada una de las 23 viviendas, junto a sus zonas comunes. <\/span><span style=\"font-weight: 400;\">En la FASE DESARROLLO, profundizamos en las distribuciones y construimos los espacios con intenci\u00f3n, con el reto a\u00f1adido de mantener la coherencia y la calidad a lo largo de todo el proyecto<\/span><span style=\"font-weight: 400;\">. En la FASE PROYECTO volcamos esa visi\u00f3n en los detalles t\u00e9cnicos y las decisiones de obra, logrando que el resultado final respondiera con exactitud a lo que hab\u00edamos imaginado.<\/span><\/p>\n<p><span style=\"font-weight: 400;\">Para el piso piloto, dimos un paso m\u00e1s: elegimos cada pieza de mobiliario y cada material pensando en quien habitar\u00eda la vivienda, buscando que el confort y la est\u00e9tica fueran inseparables. El proyecto decorativo y de atrezzo puso el punto final, cuidando cada objeto y cada textura para que el espacio transmitiera, desde el primer momento, todo lo que esta promoci\u00f3n representa.<\/span><\/p>\n<p>[\/et_pb_text][et_pb_text disabled_on=\u00bbon|on|off\u00bb _builder_version=\u00bb4.27.6&#8243; _module_preset=\u00bbdefault\u00bb text_font=\u00bbRoboto||||||||\u00bb text_text_color=\u00bb#F1ECE6&#8243; text_font_size=\u00bb18px\u00bb header_4_font=\u00bbRoboto Condensed|||on|||||\u00bb header_4_text_color=\u00bb#626c5b\u00bb header_4_font_size=\u00bb13px\u00bb header_4_letter_spacing=\u00bb1px\u00bb header_4_line_height=\u00bb1.4em\u00bb custom_margin=\u00bb||0.5%|-30px|false|false\u00bb custom_padding=\u00bb||||false|false\u00bb locked=\u00bboff\u00bb global_colors_info=\u00bb{}\u00bb]<\/p>\n<h4 class=\"p1\"><span class=\"s1\"><span style=\"color: #9da79b;\">Constructora<\/span>\u00a0\u00b7 <a href=\"https:\/\/www.edificam.com\/\" target=\"_blank\" rel=\"noopener\">Edificam<\/a><br \/><\/span><span class=\"s1\"><span style=\"color: #9da79b;\">Arquitectura<\/span>\u00a0\u00b7 <a href=\"https:\/\/www.manelavila.com\/es\" target=\"_blank\" rel=\"noopener\">Avila Projects<\/a><br \/><\/span><span class=\"s1\"><span style=\"color: #9da79b;\">Promotor<\/span>\u00a0\u00b7 <a href=\"https:\/\/www.pni-baleares.com\/en\" target=\"_blank\" rel=\"noopener\">PNI immobilien<\/a><br \/><\/span><span class=\"s1\"><span style=\"color: #9da79b;\">Fotos<\/span> \u00b7 <a href=\"https:\/\/www.marie-caroline-lucat.com\/es\/\" target=\"_blank\" rel=\"noopener\">Marie Caroline Lucat<\/a><\/span><\/h4>\n<p>[\/et_pb_text][\/et_pb_column][\/et_pb_row][\/et_pb_section]<\/p>\n","protected":false},"excerpt":{"rendered":"<p>MAR ADALTMallorca, Espa\u00f1aMAR ADALT naci\u00f3 con un prop\u00f3sito: que cada metro cuadrado tuviera sentido. Esta sensaci\u00f3n se percibe observando c\u00f3mo la luz entra y recorre los espacios, c\u00f3mo cada rinc\u00f3n tiene un fin, pero tambi\u00e9n una calma. Dise\u00f1amos cada planta para que vivir en ella fuera f\u00e1cil, intuitivo, liberador. Ubicado en el enclave de Marivent, [&hellip;]<\/p>\n","protected":false},"author":1,"featured_media":0,"parent":0,"menu_order":0,"comment_status":"closed","ping_status":"closed","template":"","meta":{"_et_pb_use_builder":"on","_et_pb_old_content":"","_et_gb_content_width":"","footnotes":""},"class_list":["post-2893","page","type-page","status-publish","hentry"],"yoast_head":"<!-- This site is optimized with the Yoast SEO plugin v27.6 - https:\/\/yoast.com\/product\/yoast-seo-wordpress\/ -->\n<title>Mar Adalt - Atelier by Edificam<\/title>\n<meta name=\"robots\" content=\"index, follow, max-snippet:-1, max-image-preview:large, max-video-preview:-1\" \/>\n<link rel=\"canonical\" href=\"https:\/\/atelierbyedificam.com\/es\/mar-adalt\/\" \/>\n<meta property=\"og:locale\" content=\"es_ES\" \/>\n<meta property=\"og:type\" content=\"article\" \/>\n<meta property=\"og:title\" content=\"Mar Adalt - Atelier by Edificam\" \/>\n<meta property=\"og:description\" content=\"MAR ADALTMallorca, Espa\u00f1aMAR ADALT naci\u00f3 con un prop\u00f3sito: que cada metro cuadrado tuviera sentido. Esta sensaci\u00f3n se percibe observando c\u00f3mo la luz entra y recorre los espacios, c\u00f3mo cada rinc\u00f3n tiene un fin, pero tambi\u00e9n una calma. Dise\u00f1amos cada planta para que vivir en ella fuera f\u00e1cil, intuitivo, liberador. Ubicado en el enclave de Marivent, [&hellip;]\" \/>\n<meta property=\"og:url\" content=\"https:\/\/atelierbyedificam.com\/es\/mar-adalt\/\" \/>\n<meta property=\"og:site_name\" content=\"Atelier by Edificam\" \/>\n<meta property=\"article:modified_time\" content=\"2026-05-12T11:37:09+00:00\" \/>\n<meta name=\"twitter:card\" content=\"summary_large_image\" \/>\n<meta name=\"twitter:label1\" content=\"Tiempo de lectura\" \/>\n\t<meta name=\"twitter:data1\" content=\"9 minutos\" \/>\n<script type=\"application\/ld+json\" class=\"yoast-schema-graph\">{\"@context\":\"https:\\\/\\\/schema.org\",\"@graph\":[{\"@type\":\"WebPage\",\"@id\":\"https:\\\/\\\/atelierbyedificam.com\\\/es\\\/mar-adalt\\\/\",\"url\":\"https:\\\/\\\/atelierbyedificam.com\\\/es\\\/mar-adalt\\\/\",\"name\":\"Mar Adalt - Atelier by Edificam\",\"isPartOf\":{\"@id\":\"https:\\\/\\\/atelierbyedificam.com\\\/es\\\/#website\"},\"datePublished\":\"2026-03-17T10:29:13+00:00\",\"dateModified\":\"2026-05-12T11:37:09+00:00\",\"breadcrumb\":{\"@id\":\"https:\\\/\\\/atelierbyedificam.com\\\/es\\\/mar-adalt\\\/#breadcrumb\"},\"inLanguage\":\"es\",\"potentialAction\":[{\"@type\":\"ReadAction\",\"target\":[\"https:\\\/\\\/atelierbyedificam.com\\\/es\\\/mar-adalt\\\/\"]}]},{\"@type\":\"BreadcrumbList\",\"@id\":\"https:\\\/\\\/atelierbyedificam.com\\\/es\\\/mar-adalt\\\/#breadcrumb\",\"itemListElement\":[{\"@type\":\"ListItem\",\"position\":1,\"name\":\"Startseite\",\"item\":\"https:\\\/\\\/atelierbyedificam.com\\\/es\\\/\"},{\"@type\":\"ListItem\",\"position\":2,\"name\":\"Mar Adalt\"}]},{\"@type\":\"WebSite\",\"@id\":\"https:\\\/\\\/atelierbyedificam.com\\\/es\\\/#website\",\"url\":\"https:\\\/\\\/atelierbyedificam.com\\\/es\\\/\",\"name\":\"Atelier by Edificam\",\"description\":\"Interior design\",\"potentialAction\":[{\"@type\":\"SearchAction\",\"target\":{\"@type\":\"EntryPoint\",\"urlTemplate\":\"https:\\\/\\\/atelierbyedificam.com\\\/es\\\/?s={search_term_string}\"},\"query-input\":{\"@type\":\"PropertyValueSpecification\",\"valueRequired\":true,\"valueName\":\"search_term_string\"}}],\"inLanguage\":\"es\"}]}<\/script>\n<!-- \/ Yoast SEO plugin. -->","yoast_head_json":{"title":"Mar Adalt - Atelier by Edificam","robots":{"index":"index","follow":"follow","max-snippet":"max-snippet:-1","max-image-preview":"max-image-preview:large","max-video-preview":"max-video-preview:-1"},"canonical":"https:\/\/atelierbyedificam.com\/es\/mar-adalt\/","og_locale":"es_ES","og_type":"article","og_title":"Mar Adalt - Atelier by Edificam","og_description":"MAR ADALTMallorca, Espa\u00f1aMAR ADALT naci\u00f3 con un prop\u00f3sito: que cada metro cuadrado tuviera sentido. Esta sensaci\u00f3n se percibe observando c\u00f3mo la luz entra y recorre los espacios, c\u00f3mo cada rinc\u00f3n tiene un fin, pero tambi\u00e9n una calma. Dise\u00f1amos cada planta para que vivir en ella fuera f\u00e1cil, intuitivo, liberador. Ubicado en el enclave de Marivent, [&hellip;]","og_url":"https:\/\/atelierbyedificam.com\/es\/mar-adalt\/","og_site_name":"Atelier by Edificam","article_modified_time":"2026-05-12T11:37:09+00:00","twitter_card":"summary_large_image","twitter_misc":{"Tiempo de lectura":"9 minutos"},"schema":{"@context":"https:\/\/schema.org","@graph":[{"@type":"WebPage","@id":"https:\/\/atelierbyedificam.com\/es\/mar-adalt\/","url":"https:\/\/atelierbyedificam.com\/es\/mar-adalt\/","name":"Mar Adalt - Atelier by Edificam","isPartOf":{"@id":"https:\/\/atelierbyedificam.com\/es\/#website"},"datePublished":"2026-03-17T10:29:13+00:00","dateModified":"2026-05-12T11:37:09+00:00","breadcrumb":{"@id":"https:\/\/atelierbyedificam.com\/es\/mar-adalt\/#breadcrumb"},"inLanguage":"es","potentialAction":[{"@type":"ReadAction","target":["https:\/\/atelierbyedificam.com\/es\/mar-adalt\/"]}]},{"@type":"BreadcrumbList","@id":"https:\/\/atelierbyedificam.com\/es\/mar-adalt\/#breadcrumb","itemListElement":[{"@type":"ListItem","position":1,"name":"Startseite","item":"https:\/\/atelierbyedificam.com\/es\/"},{"@type":"ListItem","position":2,"name":"Mar Adalt"}]},{"@type":"WebSite","@id":"https:\/\/atelierbyedificam.com\/es\/#website","url":"https:\/\/atelierbyedificam.com\/es\/","name":"Atelier by Edificam","description":"Interior design","potentialAction":[{"@type":"SearchAction","target":{"@type":"EntryPoint","urlTemplate":"https:\/\/atelierbyedificam.com\/es\/?s={search_term_string}"},"query-input":{"@type":"PropertyValueSpecification","valueRequired":true,"valueName":"search_term_string"}}],"inLanguage":"es"}]}},"_links":{"self":[{"href":"https:\/\/atelierbyedificam.com\/es\/wp-json\/wp\/v2\/pages\/2893","targetHints":{"allow":["GET"]}}],"collection":[{"href":"https:\/\/atelierbyedificam.com\/es\/wp-json\/wp\/v2\/pages"}],"about":[{"href":"https:\/\/atelierbyedificam.com\/es\/wp-json\/wp\/v2\/types\/page"}],"author":[{"embeddable":true,"href":"https:\/\/atelierbyedificam.com\/es\/wp-json\/wp\/v2\/users\/1"}],"replies":[{"embeddable":true,"href":"https:\/\/atelierbyedificam.com\/es\/wp-json\/wp\/v2\/comments?post=2893"}],"version-history":[{"count":3,"href":"https:\/\/atelierbyedificam.com\/es\/wp-json\/wp\/v2\/pages\/2893\/revisions"}],"predecessor-version":[{"id":2957,"href":"https:\/\/atelierbyedificam.com\/es\/wp-json\/wp\/v2\/pages\/2893\/revisions\/2957"}],"wp:attachment":[{"href":"https:\/\/atelierbyedificam.com\/es\/wp-json\/wp\/v2\/media?parent=2893"}],"curies":[{"name":"wp","href":"https:\/\/api.w.org\/{rel}","templated":true}]}}