{"id":2865,"date":"2026-03-17T10:35:30","date_gmt":"2026-03-17T10:35:30","guid":{"rendered":"https:\/\/atelierbyedificam.com\/es-niuet\/"},"modified":"2026-05-12T11:34:45","modified_gmt":"2026-05-12T11:34:45","slug":"es-niuet","status":"publish","type":"page","link":"https:\/\/atelierbyedificam.com\/es\/es-niuet\/","title":{"rendered":"Es Niuet"},"content":{"rendered":"<p>[et_pb_section fb_built=\u00bb1&#8243; disabled_on=\u00bboff|off|on\u00bb module_id=\u00bbGalerie\u00bb _builder_version=\u00bb4.27.6&#8243; _module_preset=\u00bbdefault\u00bb background_color=\u00bb#F1ECE6&#8243; custom_margin=\u00bb-170px||||false|false\u00bb custom_padding=\u00bb170px||||false|false\u00bb locked=\u00bboff\u00bb global_colors_info=\u00bb{}\u00bb][et_pb_row disabled_on=\u00bboff|off|on\u00bb _builder_version=\u00bb4.27.6&#8243; _module_preset=\u00bbdefault\u00bb width=\u00bb95%\u00bb width_tablet=\u00bb95%\u00bb width_phone=\u00bb90%\u00bb width_last_edited=\u00bbon|phone\u00bb max_width=\u00bb90%\u00bb custom_margin=\u00bb0px||||false|false\u00bb custom_padding=\u00bb10px||||false|false\u00bb global_colors_info=\u00bb{}\u00bb][et_pb_column type=\u00bb4_4&#8243; _builder_version=\u00bb4.27.5&#8243; _module_preset=\u00bbdefault\u00bb global_colors_info=\u00bb{}\u00bb][et_pb_image src=\u00bbhttps:\/\/atelierbyedificam.com\/wp-content\/uploads\/2026\/04\/0.COVER-Niuet.jpg\u00bb alt=\u00bbVilla Atalaia\u00bb title_text=\u00bbVilla Atalaia\u00bb align=\u00bbcenter\u00bb _builder_version=\u00bb4.27.6&#8243; _module_preset=\u00bbdefault\u00bb global_colors_info=\u00bb{}\u00bb][\/et_pb_image][et_pb_text disabled_on=\u00bboff|off|off\u00bb _builder_version=\u00bb4.27.6&#8243; _module_preset=\u00bbdefault\u00bb header_font=\u00bbRoboto Condensed|||on|||||\u00bb header_text_color=\u00bb#626c5b\u00bb header_letter_spacing=\u00bb0.5px\u00bb max_width=\u00bb700px\u00bb custom_margin=\u00bb||0px||false|false\u00bb custom_padding=\u00bb||0px||false|false\u00bb header_font_size_tablet=\u00bb26px\u00bb header_font_size_phone=\u00bb22px\u00bb header_font_size_last_edited=\u00bbon|phone\u00bb global_colors_info=\u00bb{}\u00bb]<\/p>\n<h1>ES NIUET<\/h1>\n<p>[\/et_pb_text][et_pb_text disabled_on=\u00bboff|off|off\u00bb _builder_version=\u00bb4.27.6&#8243; _module_preset=\u00bbdefault\u00bb text_font=\u00bbRoboto||||||||\u00bb text_text_color=\u00bb#F1ECE6&#8243; text_font_size=\u00bb18px\u00bb header_4_font=\u00bbRoboto Condensed|||on|||||\u00bb header_4_text_color=\u00bb#9DA79B\u00bb header_4_font_size=\u00bb14px\u00bb custom_margin=\u00bb0px||5%||false|false\u00bb custom_padding=\u00bb0px||||false|false\u00bb locked=\u00bboff\u00bb global_colors_info=\u00bb{}\u00bb]<\/p>\n<h4>Mallorca, Espa\u00f1a<\/h4>\n<p>[\/et_pb_text][et_pb_text disabled_on=\u00bboff|off|on\u00bb _builder_version=\u00bb4.27.6&#8243; _module_preset=\u00bbdefault\u00bb text_font=\u00bbunivers|300|||||||\u00bb text_text_color=\u00bb#626c5b\u00bb text_font_size=\u00bb13px\u00bb text_letter_spacing=\u00bb-0.5px\u00bb text_line_height=\u00bb1.4em\u00bb header_4_font=\u00bbRoboto Condensed||||||||\u00bb header_4_text_color=\u00bb#F1ECE6&#8243; text_orientation=\u00bbjustified\u00bb hover_enabled=\u00bb0&#8243; locked=\u00bboff\u00bb global_colors_info=\u00bb{}\u00bb sticky_enabled=\u00bb0&#8243;]<\/p>\n<p><span style=\"font-weight: 400;\">ES NIUET es una vivienda pensada para quienes buscan un hogar que refleje su car\u00e1cter propio. <\/span><span style=\"font-weight: 400;\">Situada en Cas Catal\u00e0, una zona periurbana y moderna, Es Niuet se proyecta con una coherencia que no es casual: es el resultado de decisiones tomadas con criterio y con calma<\/span><span style=\"font-weight: 400;\">.<\/span><\/p>\n<p><span style=\"font-weight: 400;\">Los tonos oscuros aparecen en los detalles justos, combinando con colores claros para conseguir un contraste equilibrado. La madera, en distintas tonalidades, recorre el interior creando ritmo y calidez, un contrapunto natural a la contundencia de lo contempor\u00e1neo. Y el arte como protagonista, presente en cada rinc\u00f3n, no decora la casa: la completa.<\/span><\/p>\n<p><span style=\"font-weight: 400;\">Nuestro departamento de interiorismo ha asumido el proyecto de principio a fin: Desde el estilo y concepto de la vivienda en la FASE CONCEPTUAL hasta la FASE DESARROLLO, trabajando en la distribuci\u00f3n y elecci\u00f3n de los materiales.<\/span><\/p>\n<p><span style=\"font-weight: 400;\">Sin olvidar la FASE PROYECTO, definiendo todos los detalles necesarios para que la constructora lleva a cabo la vivienda. Actualmente en construcci\u00f3n, acompa\u00f1amos el proceso mediante visitas de obra para asegurarnos de que el resultado sea el esperado, antes de continuar con el proyecto de amueblamiento y el de decoraci\u00f3n y atrezzo. As\u00ed conseguiremos un llave en mano donde nada quedar\u00e1 al azar, y donde cada elecci\u00f3n responde a una misma idea: vivir bien es tambi\u00e9n vivir con belleza.<\/span><\/p>\n<p>[\/et_pb_text][et_pb_text disabled_on=\u00bboff|off|on\u00bb _builder_version=\u00bb4.27.6&#8243; _module_preset=\u00bbdefault\u00bb text_font=\u00bbRoboto||||||||\u00bb text_text_color=\u00bb#F1ECE6&#8243; text_font_size=\u00bb18px\u00bb header_4_font=\u00bbRoboto Condensed|||on|||||\u00bb header_4_text_color=\u00bb#626c5b\u00bb header_4_font_size=\u00bb13px\u00bb header_4_letter_spacing=\u00bb1px\u00bb header_4_line_height=\u00bb1.4em\u00bb custom_margin=\u00bb0px||0.5%||false|false\u00bb custom_padding=\u00bb0px||||false|false\u00bb locked=\u00bboff\u00bb global_colors_info=\u00bb{}\u00bb]<\/p>\n<h4 class=\"p1\"><span class=\"s1\"><span style=\"color: #9da79b;\">Constructora<\/span>\u00a0\u00b7 <a href=\"https:\/\/www.edificam.com\/\" target=\"_blank\" rel=\"noopener\">Edificam<\/a><br \/><\/span><span class=\"s1\"><span style=\"color: #9da79b;\">Arquitectura<\/span>\u00a0\u00b7 <a href=\"https:\/\/www.manelavila.com\/es\" target=\"_blank\" rel=\"noopener\">Avila Projects<\/a><br \/><\/span><span class=\"s1\"><span style=\"color: #9da79b;\">Promotor<\/span>\u00a0\u00b7 <a href=\"https:\/\/www.pni-baleares.com\/en\" target=\"_blank\" rel=\"noopener\">PNI immobilien<\/a><br \/><\/span><span class=\"s1\"><span style=\"color: #9da79b;\">Renders<\/span> \u00b7 <a href=\"https:\/\/www.archvizmallorca.com\/\" target=\"_blank\" rel=\"noopener\">Archviz<\/a><\/span><\/h4>\n<p>[\/et_pb_text][\/et_pb_column][\/et_pb_row][\/et_pb_section][et_pb_section fb_built=\u00bb1&#8243; _builder_version=\u00bb4.27.6&#8243; _module_preset=\u00bbdefault\u00bb background_color=\u00bb#F1ECE6&#8243; custom_padding=\u00bb0px||||false|false\u00bb custom_css_free_form=\u00bb.imagen-1 {||    width: 100% !important;||    clear: both !important;||    display: block !important;||    padding-top: 80px!important;||  \tmargin-left: 300px!important;||}||||.imagen-2 {||    width: 100% !important;||    clear: both !important;||    display: block !important;||    padding-top: 80px!important;||  \tmargin-left: 150px!important;||}||||.imagen-3 {||    width: 100% !important;||    clear: both !important;||    display: block !important;||    padding-top: 80px!important;||  \tmargin-left: 500px!important;||}||||.imagen-4 {||    width: 100% !important;||    clear: both !important;||    display: block !important;||    padding-top: 80px!important;||  \tmargin-left: 150px!important;||}||||.imagen-5 {||  padding-top: 80px!important;||  margin-left: 250px!important;||}||||.imagen-6 {||  margin-left: 50px!important;||  padding-top: 400px!important;||}||||.imagen-5, .imagen-6 {||    float: left !important;||    margin-bottom: 0 !important; ||}||||.imagen-7 {||    width: 100% !important;||    clear: both !important;||    display: block !important;||    padding-top: 100px!important;||  \tmargin-left: 230px!important;||}||||.imagen-8 {||    width: 100% !important;||    clear: both !important;||    display: block !important;||    padding-top: 50px!important;||  \tmargin-left: 480px!important;||}||||.imagen-9 {||    width: 100% !important;||    clear: both !important;||    display: block !important;||    padding-top: 50px!important;||  \tmargin-left: 150px!important;||}||||.imagen-10 {||    width: 100% !important;||    clear: both !important;||    display: block !important;||    padding-top: 50px!important;||  \tmargin-left: 520px!important;||}||||.imagen-11 {||    width: 100% !important;||    clear: both !important;||    display: block !important;||    padding-top: 50px!important;||  \tmargin-left: 330px!important;||}||||@media (max-width: 1600px) {||  .fila-proyecto.et_pb_row {||    display: flex !important;||    flex-direction: column !important;||    flex-wrap: nowrap !important;||  }||||  .fila-proyecto .et_pb_column {||    width: 100% !important;||    margin-left: 0 !important;||  }||||  .columna-sticky {||    order: 1 !important;||    position: relative !important;||    top: 0 !important;||    align-self: auto !important;||    max-width: 100% !important;||    padding: 40px 60px !important;||  }||||  .fila-proyecto .et_pb_column:not(.columna-sticky) {||    order: 2 !important;||    margin-top: 60px !important;||    padding: 60px !important;||  }||  ||  .imagen-1,||  .imagen-2,||  .imagen-3,||  .imagen-4,||  .imagen-5,||  .imagen-6,||  .imagen-7,||  .imagen-8,||  .imagen-9,||  .imagen-10,||  .imagen-11 {||    float: none !important;||    clear: both !important;||    display: block !important;||    width: 100% !important;||    height: auto !important;||    max-width: 95% !important;||    margin-left: auto !important;||    margin-right: auto !important;||    margin-bottom: 12px !important;||    padding-top: 8px !important;||    text-align: center !important;||  }||}||@media (max-width: 768px) {||  .fila-proyecto.et_pb_row .et_pb_column:not(.columna-sticky) {||    margin-top: 10px !important;||  }||}\u00bb global_colors_info=\u00bb{}\u00bb][et_pb_row column_structure=\u00bb3_5,2_5&#8243; module_class=\u00bbfila-proyecto\u00bb _builder_version=\u00bb4.27.6&#8243; _module_preset=\u00bbdefault\u00bb width=\u00bb100%\u00bb max_width=\u00bb100%\u00bb custom_padding=\u00bb0px||||false|false\u00bb custom_css_free_form=\u00bb.columna-sticky {||  position: sticky;||  top: 150px!important;||  align-self: flex-start;||}\u00bb global_colors_info=\u00bb{}\u00bb][et_pb_column type=\u00bb3_5&#8243; _builder_version=\u00bb4.27.6&#8243; _module_preset=\u00bbdefault\u00bb global_colors_info=\u00bb{}\u00bb][et_pb_image src=\u00bbhttps:\/\/atelierbyedificam.com\/wp-content\/uploads\/2026\/03\/Aliga-12-003-Lateral-Izq.jpg\u00bb module_class=\u00bbimagen-1&#8243; _builder_version=\u00bb4.27.6&#8243; _module_preset=\u00bbdefault\u00bb max_width=\u00bb65%\u00bb global_colors_info=\u00bb{}\u00bb][\/et_pb_image][et_pb_image src=\u00bbhttps:\/\/atelierbyedificam.com\/wp-content\/uploads\/2026\/03\/Aliga-12-007-Living-Room.jpg\u00bb module_class=\u00bbimagen-2&#8243; _builder_version=\u00bb4.27.6&#8243; _module_preset=\u00bbdefault\u00bb max_width=\u00bb62%\u00bb global_colors_info=\u00bb{}\u00bb][\/et_pb_image][et_pb_image src=\u00bbhttps:\/\/atelierbyedificam.com\/wp-content\/uploads\/2026\/05\/Aliga-12-007-Living-Room-Bonus.webp\u00bb title_text=\u00bbAliga-12-007-Living-Room-Bonus\u00bb module_class=\u00bbimagen-3&#8243; _builder_version=\u00bb4.27.6&#8243; _module_preset=\u00bbdefault\u00bb max_width=\u00bb50%\u00bb global_colors_info=\u00bb{}\u00bb][\/et_pb_image][et_pb_image src=\u00bbhttps:\/\/atelierbyedificam.com\/wp-content\/uploads\/2026\/03\/Aliga-12-008-Living-Views.jpg\u00bb module_class=\u00bbimagen-4&#8243; _builder_version=\u00bb4.27.6&#8243; _module_preset=\u00bbdefault\u00bb max_width=\u00bb65%\u00bb global_colors_info=\u00bb{}\u00bb][\/et_pb_image][et_pb_image src=\u00bbhttps:\/\/atelierbyedificam.com\/wp-content\/uploads\/2026\/05\/Aliga-12-011-Kitchen-Lateral.webp\u00bb title_text=\u00bbAliga-12-011-Kitchen-Lateral\u00bb module_class=\u00bbimagen-5&#8243; _builder_version=\u00bb4.27.6&#8243; _module_preset=\u00bbdefault\u00bb max_width=\u00bb37%\u00bb global_colors_info=\u00bb{}\u00bb][\/et_pb_image][et_pb_image src=\u00bbhttps:\/\/atelierbyedificam.com\/wp-content\/uploads\/2026\/05\/Aliga-12-011-Kitchen-Lateral-1.webp\u00bb title_text=\u00bbAliga-12-011-Kitchen-Lateral (1)\u00bb module_class=\u00bbimagen-6&#8243; _builder_version=\u00bb4.27.6&#8243; _module_preset=\u00bbdefault\u00bb max_width=\u00bb30%\u00bb global_colors_info=\u00bb{}\u00bb][\/et_pb_image][et_pb_image src=\u00bbhttps:\/\/atelierbyedificam.com\/wp-content\/uploads\/2026\/03\/Aliga-12-010-Kitchen-Frontal.jpg\u00bb module_class=\u00bbimagen-7&#8243; _builder_version=\u00bb4.27.6&#8243; _module_preset=\u00bbdefault\u00bb max_width=\u00bb75%\u00bb global_colors_info=\u00bb{}\u00bb][\/et_pb_image][et_pb_image src=\u00bbhttps:\/\/atelierbyedificam.com\/wp-content\/uploads\/2026\/05\/Aliga-12-009-Office.webp\u00bb title_text=\u00bbAliga-12-009-Office\u00bb module_class=\u00bbimagen-8&#8243; _builder_version=\u00bb4.27.6&#8243; _module_preset=\u00bbdefault\u00bb max_width=\u00bb40%\u00bb global_colors_info=\u00bb{}\u00bb][\/et_pb_image][et_pb_image src=\u00bbhttps:\/\/atelierbyedificam.com\/wp-content\/uploads\/2026\/03\/Aliga-12-012-Master.jpg\u00bb module_class=\u00bbimagen-9&#8243; _builder_version=\u00bb4.27.6&#8243; _module_preset=\u00bbdefault\u00bb max_width=\u00bb62%\u00bb global_colors_info=\u00bb{}\u00bb][\/et_pb_image][et_pb_image src=\u00bbhttps:\/\/atelierbyedificam.com\/wp-content\/uploads\/2026\/03\/Aliga-12-013-Bathroom-Master.jpg\u00bb module_class=\u00bbimagen-10&#8243; _builder_version=\u00bb4.27.6&#8243; _module_preset=\u00bbdefault\u00bb max_width=\u00bb40%\u00bb global_colors_info=\u00bb{}\u00bb][\/et_pb_image][et_pb_image src=\u00bbhttps:\/\/atelierbyedificam.com\/wp-content\/uploads\/2026\/03\/Aliga-12-014-Wellness.jpg\u00bb module_class=\u00bbimagen-11&#8243; _builder_version=\u00bb4.27.6&#8243; _module_preset=\u00bbdefault\u00bb max_width=\u00bb70%\u00bb global_colors_info=\u00bb{}\u00bb][\/et_pb_image][\/et_pb_column][et_pb_column type=\u00bb2_5&#8243; module_class=\u00bbcolumna-sticky\u00bb _builder_version=\u00bb4.27.6&#8243; _module_preset=\u00bbdefault\u00bb global_colors_info=\u00bb{}\u00bb][et_pb_text disabled_on=\u00bbon|on|off\u00bb _builder_version=\u00bb4.27.6&#8243; _module_preset=\u00bbdefault\u00bb header_font=\u00bbRoboto Condensed|||on|||||\u00bb header_text_color=\u00bb#626c5b\u00bb header_letter_spacing=\u00bb0.5px\u00bb max_width=\u00bb700px\u00bb custom_margin=\u00bb||0px|-20px|false|false\u00bb custom_padding=\u00bb||0px||false|false\u00bb header_font_size_tablet=\u00bb26px\u00bb header_font_size_phone=\u00bb18px\u00bb header_font_size_last_edited=\u00bbon|phone\u00bb locked=\u00bboff\u00bb global_colors_info=\u00bb{}\u00bb]<\/p>\n<h1>ES NIUET<\/h1>\n<p>[\/et_pb_text][et_pb_text disabled_on=\u00bbon|on|off\u00bb _builder_version=\u00bb4.27.6&#8243; _module_preset=\u00bbdefault\u00bb text_font=\u00bbRoboto||||||||\u00bb text_text_color=\u00bb#F1ECE6&#8243; text_font_size=\u00bb18px\u00bb header_4_font=\u00bbRoboto Condensed|||on|||||\u00bb header_4_text_color=\u00bb#9DA79B\u00bb header_4_font_size=\u00bb14px\u00bb custom_margin=\u00bb0px||5%|-20px|false|false\u00bb custom_padding=\u00bb0px||||false|false\u00bb locked=\u00bboff\u00bb global_colors_info=\u00bb{}\u00bb]<\/p>\n<h4>Mallorca, Espa\u00f1a<\/h4>\n<p>[\/et_pb_text][et_pb_text disabled_on=\u00bbon|on|off\u00bb _builder_version=\u00bb4.27.6&#8243; _module_preset=\u00bbdefault\u00bb text_font=\u00bbunivers|300|||||||\u00bb text_text_color=\u00bb#626c5b\u00bb text_letter_spacing=\u00bb-0.5px\u00bb text_line_height=\u00bb1.4em\u00bb header_4_font=\u00bbRoboto Condensed||||||||\u00bb header_4_text_color=\u00bb#F1ECE6&#8243; text_orientation=\u00bbjustified\u00bb max_width=\u00bb95%\u00bb custom_margin=\u00bb|||-20px|false|false\u00bb hover_enabled=\u00bb0&#8243; locked=\u00bboff\u00bb global_colors_info=\u00bb{}\u00bb sticky_enabled=\u00bb0&#8243;]<\/p>\n<p><span style=\"font-weight: 400;\">ES NIUET es una vivienda pensada para quienes buscan un hogar que refleje su car\u00e1cter propio. <\/span><span style=\"font-weight: 400;\">Situada en Cas Catal\u00e0, una zona periurbana y moderna, Es Niuet se proyecta con una coherencia que no es casual: es el resultado de decisiones tomadas con criterio y con calma<\/span><span style=\"font-weight: 400;\">.<\/span><\/p>\n<p><span style=\"font-weight: 400;\">Los tonos oscuros aparecen en los detalles justos, combinando con colores claros para conseguir un contraste equilibrado. La madera, en distintas tonalidades, recorre el interior creando ritmo y calidez, un contrapunto natural a la contundencia de lo contempor\u00e1neo. Y el arte como protagonista, presente en cada rinc\u00f3n, no decora la casa: la completa.<\/span><\/p>\n<p><span style=\"font-weight: 400;\">Nuestro departamento de interiorismo ha asumido el proyecto de principio a fin: Desde el estilo y concepto de la vivienda en la FASE CONCEPTUAL hasta la FASE DESARROLLO, trabajando en la distribuci\u00f3n y elecci\u00f3n de los materiales.<\/span><\/p>\n<p><span style=\"font-weight: 400;\">Sin olvidar la FASE PROYECTO, definiendo todos los detalles necesarios para que la constructora lleva a cabo la vivienda. Actualmente en construcci\u00f3n, acompa\u00f1amos el proceso mediante visitas de obra para asegurarnos de que el resultado sea el esperado, antes de continuar con el proyecto de amueblamiento y el de decoraci\u00f3n y atrezzo. As\u00ed conseguiremos un llave en mano donde nada quedar\u00e1 al azar, y donde cada elecci\u00f3n responde a una misma idea: vivir bien es tambi\u00e9n vivir con belleza.<\/span><\/p>\n<p>[\/et_pb_text][et_pb_text disabled_on=\u00bbon|on|off\u00bb _builder_version=\u00bb4.27.6&#8243; _module_preset=\u00bbdefault\u00bb text_font=\u00bbRoboto||||||||\u00bb text_text_color=\u00bb#F1ECE6&#8243; text_font_size=\u00bb18px\u00bb header_4_font=\u00bbRoboto Condensed|||on|||||\u00bb header_4_text_color=\u00bb#626c5b\u00bb header_4_font_size=\u00bb13px\u00bb header_4_letter_spacing=\u00bb1px\u00bb header_4_line_height=\u00bb1.4em\u00bb custom_margin=\u00bb||0.5%|-20px|false|false\u00bb custom_padding=\u00bb||||false|false\u00bb locked=\u00bboff\u00bb global_colors_info=\u00bb{}\u00bb]<\/p>\n<h4 class=\"p1\"><span class=\"s1\"><span style=\"color: #9da79b;\">Constructora<\/span>\u00a0\u00b7 <a href=\"https:\/\/www.edificam.com\/\" target=\"_blank\" rel=\"noopener\">Edificam<\/a><br \/><\/span><span class=\"s1\"><span style=\"color: #9da79b;\">Arquitectura<\/span>\u00a0\u00b7 <a href=\"https:\/\/www.manelavila.com\/es\" target=\"_blank\" rel=\"noopener\">Avila Projects<\/a><br \/><\/span><span class=\"s1\"><span style=\"color: #9da79b;\">Promotor<\/span>\u00a0\u00b7 <a href=\"https:\/\/www.pni-baleares.com\/en\" target=\"_blank\" rel=\"noopener\">PNI immobilien<\/a><br \/><\/span><span class=\"s1\"><span style=\"color: #9da79b;\">Renders<\/span> \u00b7 <a href=\"https:\/\/www.archvizmallorca.com\/\" target=\"_blank\" rel=\"noopener\">Archviz<\/a><\/span><\/h4>\n<p>[\/et_pb_text][\/et_pb_column][\/et_pb_row][\/et_pb_section]<\/p>\n","protected":false},"excerpt":{"rendered":"<p>ES NIUETMallorca, Espa\u00f1aES NIUET es una vivienda pensada para quienes buscan un hogar que refleje su car\u00e1cter propio. Situada en Cas Catal\u00e0, una zona periurbana y moderna, Es Niuet se proyecta con una coherencia que no es casual: es el resultado de decisiones tomadas con criterio y con calma. Los tonos oscuros aparecen en los [&hellip;]<\/p>\n","protected":false},"author":1,"featured_media":0,"parent":0,"menu_order":0,"comment_status":"closed","ping_status":"closed","template":"","meta":{"_et_pb_use_builder":"on","_et_pb_old_content":"","_et_gb_content_width":"","footnotes":""},"class_list":["post-2865","page","type-page","status-publish","hentry"],"yoast_head":"<!-- This site is optimized with the Yoast SEO plugin v27.6 - https:\/\/yoast.com\/product\/yoast-seo-wordpress\/ -->\n<title>Es Niuet - Atelier by Edificam<\/title>\n<meta name=\"robots\" content=\"index, follow, max-snippet:-1, max-image-preview:large, max-video-preview:-1\" \/>\n<link rel=\"canonical\" href=\"https:\/\/atelierbyedificam.com\/es\/es-niuet\/\" \/>\n<meta property=\"og:locale\" content=\"es_ES\" \/>\n<meta property=\"og:type\" content=\"article\" \/>\n<meta property=\"og:title\" content=\"Es Niuet - Atelier by Edificam\" \/>\n<meta property=\"og:description\" content=\"ES NIUETMallorca, Espa\u00f1aES NIUET es una vivienda pensada para quienes buscan un hogar que refleje su car\u00e1cter propio. Situada en Cas Catal\u00e0, una zona periurbana y moderna, Es Niuet se proyecta con una coherencia que no es casual: es el resultado de decisiones tomadas con criterio y con calma. Los tonos oscuros aparecen en los [&hellip;]\" \/>\n<meta property=\"og:url\" content=\"https:\/\/atelierbyedificam.com\/es\/es-niuet\/\" \/>\n<meta property=\"og:site_name\" content=\"Atelier by Edificam\" \/>\n<meta property=\"article:modified_time\" content=\"2026-05-12T11:34:45+00:00\" \/>\n<meta name=\"twitter:card\" content=\"summary_large_image\" \/>\n<meta name=\"twitter:label1\" content=\"Tiempo de lectura\" \/>\n\t<meta name=\"twitter:data1\" content=\"9 minutos\" \/>\n<script type=\"application\/ld+json\" class=\"yoast-schema-graph\">{\"@context\":\"https:\\\/\\\/schema.org\",\"@graph\":[{\"@type\":\"WebPage\",\"@id\":\"https:\\\/\\\/atelierbyedificam.com\\\/es\\\/es-niuet\\\/\",\"url\":\"https:\\\/\\\/atelierbyedificam.com\\\/es\\\/es-niuet\\\/\",\"name\":\"Es Niuet - Atelier by Edificam\",\"isPartOf\":{\"@id\":\"https:\\\/\\\/atelierbyedificam.com\\\/es\\\/#website\"},\"datePublished\":\"2026-03-17T10:35:30+00:00\",\"dateModified\":\"2026-05-12T11:34:45+00:00\",\"breadcrumb\":{\"@id\":\"https:\\\/\\\/atelierbyedificam.com\\\/es\\\/es-niuet\\\/#breadcrumb\"},\"inLanguage\":\"es\",\"potentialAction\":[{\"@type\":\"ReadAction\",\"target\":[\"https:\\\/\\\/atelierbyedificam.com\\\/es\\\/es-niuet\\\/\"]}]},{\"@type\":\"BreadcrumbList\",\"@id\":\"https:\\\/\\\/atelierbyedificam.com\\\/es\\\/es-niuet\\\/#breadcrumb\",\"itemListElement\":[{\"@type\":\"ListItem\",\"position\":1,\"name\":\"Startseite\",\"item\":\"https:\\\/\\\/atelierbyedificam.com\\\/es\\\/\"},{\"@type\":\"ListItem\",\"position\":2,\"name\":\"Es Niuet\"}]},{\"@type\":\"WebSite\",\"@id\":\"https:\\\/\\\/atelierbyedificam.com\\\/es\\\/#website\",\"url\":\"https:\\\/\\\/atelierbyedificam.com\\\/es\\\/\",\"name\":\"Atelier by Edificam\",\"description\":\"Interior design\",\"potentialAction\":[{\"@type\":\"SearchAction\",\"target\":{\"@type\":\"EntryPoint\",\"urlTemplate\":\"https:\\\/\\\/atelierbyedificam.com\\\/es\\\/?s={search_term_string}\"},\"query-input\":{\"@type\":\"PropertyValueSpecification\",\"valueRequired\":true,\"valueName\":\"search_term_string\"}}],\"inLanguage\":\"es\"}]}<\/script>\n<!-- \/ Yoast SEO plugin. -->","yoast_head_json":{"title":"Es Niuet - Atelier by Edificam","robots":{"index":"index","follow":"follow","max-snippet":"max-snippet:-1","max-image-preview":"max-image-preview:large","max-video-preview":"max-video-preview:-1"},"canonical":"https:\/\/atelierbyedificam.com\/es\/es-niuet\/","og_locale":"es_ES","og_type":"article","og_title":"Es Niuet - Atelier by Edificam","og_description":"ES NIUETMallorca, Espa\u00f1aES NIUET es una vivienda pensada para quienes buscan un hogar que refleje su car\u00e1cter propio. Situada en Cas Catal\u00e0, una zona periurbana y moderna, Es Niuet se proyecta con una coherencia que no es casual: es el resultado de decisiones tomadas con criterio y con calma. Los tonos oscuros aparecen en los [&hellip;]","og_url":"https:\/\/atelierbyedificam.com\/es\/es-niuet\/","og_site_name":"Atelier by Edificam","article_modified_time":"2026-05-12T11:34:45+00:00","twitter_card":"summary_large_image","twitter_misc":{"Tiempo de lectura":"9 minutos"},"schema":{"@context":"https:\/\/schema.org","@graph":[{"@type":"WebPage","@id":"https:\/\/atelierbyedificam.com\/es\/es-niuet\/","url":"https:\/\/atelierbyedificam.com\/es\/es-niuet\/","name":"Es Niuet - Atelier by Edificam","isPartOf":{"@id":"https:\/\/atelierbyedificam.com\/es\/#website"},"datePublished":"2026-03-17T10:35:30+00:00","dateModified":"2026-05-12T11:34:45+00:00","breadcrumb":{"@id":"https:\/\/atelierbyedificam.com\/es\/es-niuet\/#breadcrumb"},"inLanguage":"es","potentialAction":[{"@type":"ReadAction","target":["https:\/\/atelierbyedificam.com\/es\/es-niuet\/"]}]},{"@type":"BreadcrumbList","@id":"https:\/\/atelierbyedificam.com\/es\/es-niuet\/#breadcrumb","itemListElement":[{"@type":"ListItem","position":1,"name":"Startseite","item":"https:\/\/atelierbyedificam.com\/es\/"},{"@type":"ListItem","position":2,"name":"Es Niuet"}]},{"@type":"WebSite","@id":"https:\/\/atelierbyedificam.com\/es\/#website","url":"https:\/\/atelierbyedificam.com\/es\/","name":"Atelier by Edificam","description":"Interior design","potentialAction":[{"@type":"SearchAction","target":{"@type":"EntryPoint","urlTemplate":"https:\/\/atelierbyedificam.com\/es\/?s={search_term_string}"},"query-input":{"@type":"PropertyValueSpecification","valueRequired":true,"valueName":"search_term_string"}}],"inLanguage":"es"}]}},"_links":{"self":[{"href":"https:\/\/atelierbyedificam.com\/es\/wp-json\/wp\/v2\/pages\/2865","targetHints":{"allow":["GET"]}}],"collection":[{"href":"https:\/\/atelierbyedificam.com\/es\/wp-json\/wp\/v2\/pages"}],"about":[{"href":"https:\/\/atelierbyedificam.com\/es\/wp-json\/wp\/v2\/types\/page"}],"author":[{"embeddable":true,"href":"https:\/\/atelierbyedificam.com\/es\/wp-json\/wp\/v2\/users\/1"}],"replies":[{"embeddable":true,"href":"https:\/\/atelierbyedificam.com\/es\/wp-json\/wp\/v2\/comments?post=2865"}],"version-history":[{"count":3,"href":"https:\/\/atelierbyedificam.com\/es\/wp-json\/wp\/v2\/pages\/2865\/revisions"}],"predecessor-version":[{"id":2952,"href":"https:\/\/atelierbyedificam.com\/es\/wp-json\/wp\/v2\/pages\/2865\/revisions\/2952"}],"wp:attachment":[{"href":"https:\/\/atelierbyedificam.com\/es\/wp-json\/wp\/v2\/media?parent=2865"}],"curies":[{"name":"wp","href":"https:\/\/api.w.org\/{rel}","templated":true}]}}