{"id":2835,"date":"2026-01-29T18:22:46","date_gmt":"2026-01-29T18:22:46","guid":{"rendered":"https:\/\/atelierbyedificam.com\/atalaia\/"},"modified":"2026-05-12T11:30:27","modified_gmt":"2026-05-12T11:30:27","slug":"atalaia","status":"publish","type":"page","link":"https:\/\/atelierbyedificam.com\/es\/atalaia\/","title":{"rendered":"Atalaia"},"content":{"rendered":"<p>[et_pb_section fb_built=\u00bb1&#8243; disabled_on=\u00bboff|off|on\u00bb module_id=\u00bbGalerie\u00bb _builder_version=\u00bb4.27.6&#8243; _module_preset=\u00bbdefault\u00bb background_color=\u00bb#F1ECE6&#8243; custom_margin=\u00bb-170px||||false|false\u00bb custom_padding=\u00bb170px||||false|false\u00bb locked=\u00bboff\u00bb global_colors_info=\u00bb{}\u00bb][et_pb_row disabled_on=\u00bboff|off|on\u00bb _builder_version=\u00bb4.27.6&#8243; _module_preset=\u00bbdefault\u00bb width=\u00bb95%\u00bb width_tablet=\u00bb95%\u00bb width_phone=\u00bb90%\u00bb width_last_edited=\u00bbon|phone\u00bb max_width=\u00bb90%\u00bb custom_margin=\u00bb0px||||false|false\u00bb custom_padding=\u00bb10px||||false|false\u00bb global_colors_info=\u00bb{}\u00bb][et_pb_column type=\u00bb4_4&#8243; _builder_version=\u00bb4.27.5&#8243; _module_preset=\u00bbdefault\u00bb global_colors_info=\u00bb{}\u00bb][et_pb_image src=\u00bbhttps:\/\/atelierbyedificam.com\/wp-content\/uploads\/2026\/03\/MARGALIDA-COLL-35.jpg\u00bb alt=\u00bbVilla Atalaia\u00bb title_text=\u00bbVilla Atalaia\u00bb align=\u00bbcenter\u00bb _builder_version=\u00bb4.27.6&#8243; _module_preset=\u00bbdefault\u00bb global_colors_info=\u00bb{}\u00bb][\/et_pb_image][et_pb_text disabled_on=\u00bboff|off|off\u00bb _builder_version=\u00bb4.27.6&#8243; _module_preset=\u00bbdefault\u00bb header_font=\u00bbRoboto Condensed|||on|||||\u00bb header_text_color=\u00bb#626c5b\u00bb header_letter_spacing=\u00bb0.5px\u00bb max_width=\u00bb700px\u00bb custom_margin=\u00bb||0px||false|false\u00bb custom_padding=\u00bb||0px||false|false\u00bb header_font_size_tablet=\u00bb26px\u00bb header_font_size_phone=\u00bb22px\u00bb header_font_size_last_edited=\u00bbon|phone\u00bb global_colors_info=\u00bb{}\u00bb]<\/p>\n<h1>ATALAIA<\/h1>\n<p>[\/et_pb_text][et_pb_text disabled_on=\u00bboff|off|off\u00bb _builder_version=\u00bb4.27.6&#8243; _module_preset=\u00bbdefault\u00bb text_font=\u00bbRoboto||||||||\u00bb text_text_color=\u00bb#F1ECE6&#8243; text_font_size=\u00bb18px\u00bb header_4_font=\u00bbRoboto Condensed|||on|||||\u00bb header_4_text_color=\u00bb#9DA79B\u00bb header_4_font_size=\u00bb14px\u00bb custom_margin=\u00bb0px||5%||false|false\u00bb custom_padding=\u00bb0px||||false|false\u00bb locked=\u00bboff\u00bb global_colors_info=\u00bb{}\u00bb]<\/p>\n<h4>Mallorca, Espa\u00f1a<\/h4>\n<p>[\/et_pb_text][et_pb_text disabled_on=\u00bboff|off|on\u00bb _builder_version=\u00bb4.27.6&#8243; _module_preset=\u00bbdefault\u00bb text_font=\u00bbunivers|300|||||||\u00bb text_text_color=\u00bb#626c5b\u00bb text_font_size=\u00bb13px\u00bb text_letter_spacing=\u00bb-0.5px\u00bb text_line_height=\u00bb1.4em\u00bb header_4_font=\u00bbRoboto Condensed||||||||\u00bb header_4_text_color=\u00bb#F1ECE6&#8243; text_orientation=\u00bbjustified\u00bb hover_enabled=\u00bb0&#8243; locked=\u00bboff\u00bb global_colors_info=\u00bb{}\u00bb sticky_enabled=\u00bb0&#8243;]<\/p>\n<p><span style=\"font-weight: 400;\">Ubicada en Portals Nous, esta vivienda naci\u00f3 con la voluntad de ser un lugar donde cada detalle importa, pero donde lo primero que se siente al entrar es que apetece quedarse. Desde cualquier rinc\u00f3n, las vistas acompa\u00f1an sin imponerse, como parte natural de una casa dise\u00f1ada para ser vivida.<\/span><\/p>\n<p><span style=\"font-weight: 400;\">Tres plantas pensadas para la vida real: habitaciones con su propio ba\u00f1o, un gimnasio para empezar el d\u00eda con energ\u00eda, una sala de juegos donde los m\u00e1s peque\u00f1os tienen su propio mundo.<\/span><\/p>\n<p><span style=\"font-weight: 400;\">Empezando por la FASE CONCEPTUAL definimos el hilo conductor que acompa\u00f1ar\u00e1 todo el proceso de esta vivienda: el estilo, los materiales y la atm\u00f3sfera que da coherencia a todo lo que viene despu\u00e9s. La FASE DESARROLLO profundizamos en las distribuciones, construyendo los espacios con intenci\u00f3n. En la FASE PROYECTO volcamos esa visi\u00f3n en los detalles t\u00e9cnicos y las decisiones de obra, logrando que el resultado final respondiera con exactitud a lo que hab\u00edamos imaginado.<\/span><\/p>\n<p><span style=\"font-weight: 400;\">Pensar en el amueblamiento es pensar en las personas: elegimos cada pieza de mobiliario y cada material buscando que el confort y el car\u00e1cter del proyecto fueran de la mano. Y cuando lleg\u00f3 el momento del proyecto decorativo y de atrezzo, pusimos el foco en que nada faltara: cada objeto, cada textura, cada rinc\u00f3n listo para recibir a quien lo habitar\u00eda.\u00a0<\/span><\/p>\n<p>[\/et_pb_text][et_pb_text disabled_on=\u00bboff|off|on\u00bb _builder_version=\u00bb4.27.6&#8243; _module_preset=\u00bbdefault\u00bb text_font=\u00bbRoboto||||||||\u00bb text_text_color=\u00bb#F1ECE6&#8243; text_font_size=\u00bb18px\u00bb header_4_font=\u00bbRoboto Condensed|||on|||||\u00bb header_4_text_color=\u00bb#626c5b\u00bb header_4_font_size=\u00bb13px\u00bb header_4_letter_spacing=\u00bb1px\u00bb header_4_line_height=\u00bb1.4em\u00bb custom_margin=\u00bb0px||0.5%||false|false\u00bb custom_padding=\u00bb0px||||false|false\u00bb hover_enabled=\u00bb0&#8243; locked=\u00bboff\u00bb global_colors_info=\u00bb{}\u00bb sticky_enabled=\u00bb0&#8243;]<\/p>\n<h4 class=\"p1\"><span class=\"s1\"><span style=\"color: #9da79b;\">Empresa constructora<\/span>\u00a0\u00b7 <a href=\"https:\/\/www.edificam.com\/\" target=\"_blank\" rel=\"noopener\">Edificam<\/a><br \/><\/span><span class=\"s1\"><span style=\"color: #9da79b;\">Arquitectura<\/span>\u00a0\u00b7 <a href=\"https:\/\/www.manelavila.com\/es\" target=\"_blank\" rel=\"noopener\">Avila Projects<\/a><br \/><\/span><span class=\"s1\"><span style=\"color: #9da79b;\">Promotor<\/span>\u00a0\u00b7 <a href=\"https:\/\/www.pni-baleares.com\/en\" target=\"_blank\" rel=\"noopener\">PNI immobilien<\/a><br \/><\/span><span class=\"s1\"><span style=\"color: #9da79b;\">Fot\u00f3grafo \u00b7 <\/span><\/span>Jonatan Barzola<\/h4>\n<p>[\/et_pb_text][\/et_pb_column][\/et_pb_row][\/et_pb_section][et_pb_section fb_built=\u00bb1&#8243; _builder_version=\u00bb4.27.6&#8243; _module_preset=\u00bbdefault\u00bb background_color=\u00bb#F1ECE6&#8243; custom_padding=\u00bb0px||||false|false\u00bb custom_css_free_form=\u00bb.imagen-1 {||  padding-top: 0px!important;||  margin-left: 150px!important;||}||.imagen-2 {||  margin-left: 80px!important;||  padding-top: 300px!important;||}||.imagen-1, .imagen-2 {||    float: left !important;||    margin-bottom: 0 !important; ||}||.imagen-3 {||  margin-top: -80px!important;||\tmargin-left: 150px!important;||}||.imagen-4 {||  margin-left: 190px!important;||  padding-top: 350px!important;||}||.imagen-3, .imagen-4 {||    float: left !important;||    margin-bottom: 0 !important; ||}||.imagen-5 {||    width: 100% !important;||    clear: both !important;||    display: block !important;||    padding-top: 80px!important;||  \tmargin-left: 180px!important;||}||.imagen-6 {||  padding-top: 80px!important;||  margin-left: 180px!important;||}||.imagen-7 {||  margin-left: 70px!important;||  padding-top: 250px!important;||}||.imagen-6, .imagen-7 {||    float: left !important;||    margin-bottom: 0 !important; ||}||.imagen-8 {||    width: 100% !important;||    clear: both !important;||    display: block !important;||    padding-top: 100px!important;||  \tmargin-left: 250px!important;||}||.imagen-9 {||    width: 100% !important;||    clear: both !important;||    display: block !important;||    padding-top: 80px!important;||  \tmargin-left: 150px!important;||}||.imagen-10 {||    width: 100% !important;||    clear: both !important;||    display: block !important;||    padding-top: 80px!important;||  \tmargin-left: 650px!important;||}||.imagen-11 {||    width: 100% !important;||    clear: both !important;||    display: block !important;||  \tmargin-left: 150px!important;|| \t \tmargin-top: -180px;||}||.imagen-12 {||    width: 100% !important;||    clear: both !important;||    display: block !important;||    padding-top: 80px!important;||  \tmargin-left: 350px!important;||}||.imagen-13 {||    width: 100% !important;||    clear: both !important;||    display: block !important;||    padding-top: 80px!important;||  \tmargin-left: 150px!important;||}||@media (max-width: 1600px) {||  .fila-proyecto.et_pb_row {||    display: flex !important;||    flex-direction: column !important;||    flex-wrap: nowrap !important;||  }||||  .fila-proyecto .et_pb_column {||    width: 100% !important;||    margin-left: 0 !important;||  }||||  .columna-sticky {||    order: 1 !important;||    position: relative !important;||    top: 0 !important;||    align-self: auto !important;||    max-width: 100% !important;||    padding: 40px 60px !important;||  }||||  .fila-proyecto .et_pb_column:not(.columna-sticky) {||    order: 2 !important;||    margin-top: 60px !important;||    padding: 60px !important;||  }||  ||  .imagen-2, .imagen-3 {||    margin: 0 !important;||  }||  ||  .imagen-10, .imagen-11 {||    margin: 0 !important;||  }||  ||  .imagen-1,||  .imagen-2,||  .imagen-3,||  .imagen-4,||  .imagen-5,||  .imagen-6,||  .imagen-7,||  .imagen-8,||  .imagen-9,||  .imagen-10,||  .imagen-11,||  .imagen-12,||  .imagen-13,||  .imagen-14 {||    float: none !important;||    clear: both !important;||    display: block !important;||    width: 100% !important;||    height: auto !important;||    max-width: 95% !important;||    margin-left: auto !important;||    margin-right: auto !important;||    margin-bottom: 12px !important;||    padding-top: 8px !important;||    text-align: center !important;||  }||}||@media (max-width: 768px) {||  .fila-proyecto.et_pb_row .et_pb_column:not(.columna-sticky) {||    margin-top: 10px !important;||  }||}\u00bb global_colors_info=\u00bb{}\u00bb][et_pb_row column_structure=\u00bb3_5,2_5&#8243; module_class=\u00bbfila-proyecto\u00bb _builder_version=\u00bb4.27.6&#8243; _module_preset=\u00bbdefault\u00bb width=\u00bb100%\u00bb max_width=\u00bb100%\u00bb custom_padding=\u00bb0px||||false|false\u00bb custom_css_free_form=\u00bb.columna-sticky {||  position: sticky;||  top: 150px!important;||  align-self: flex-start;||}\u00bb global_colors_info=\u00bb{}\u00bb][et_pb_column type=\u00bb3_5&#8243; _builder_version=\u00bb4.27.6&#8243; _module_preset=\u00bbdefault\u00bb global_colors_info=\u00bb{}\u00bb][et_pb_image src=\u00bbhttps:\/\/atelierbyedificam.com\/wp-content\/uploads\/2026\/04\/MARGALIDA-COLL-6.jpg\u00bb module_class=\u00bbimagen-1&#8243; _builder_version=\u00bb4.27.6&#8243; _module_preset=\u00bbdefault\u00bb max_width=\u00bb35%\u00bb global_colors_info=\u00bb{}\u00bb][\/et_pb_image][et_pb_image src=\u00bbhttps:\/\/atelierbyedificam.com\/wp-content\/uploads\/2026\/04\/MARGALIDA-COLL-31.jpg\u00bb module_class=\u00bbimagen-2&#8243; _builder_version=\u00bb4.27.6&#8243; _module_preset=\u00bbdefault\u00bb max_width=\u00bb35%\u00bb global_colors_info=\u00bb{}\u00bb][\/et_pb_image][et_pb_image src=\u00bbhttps:\/\/atelierbyedificam.com\/wp-content\/uploads\/2026\/04\/MARGALIDA-COLL-13.jpg\u00bb module_class=\u00bbimagen-3&#8243; _builder_version=\u00bb4.27.6&#8243; _module_preset=\u00bbdefault\u00bb max_width=\u00bb35%\u00bb global_colors_info=\u00bb{}\u00bb][\/et_pb_image][et_pb_image src=\u00bbhttps:\/\/atelierbyedificam.com\/wp-content\/uploads\/2026\/02\/Villas_Atalaia.jpg\u00bb module_class=\u00bbimagen-4&#8243; _builder_version=\u00bb4.27.6&#8243; _module_preset=\u00bbdefault\u00bb max_width=\u00bb25%\u00bb global_colors_info=\u00bb{}\u00bb][\/et_pb_image][et_pb_image src=\u00bbhttps:\/\/atelierbyedificam.com\/wp-content\/uploads\/2026\/05\/MARGALIDA-COLL-2.jpg\u00bb title_text=\u00bbMARGALIDA-COLL-2&#8243; module_class=\u00bbimagen-5&#8243; _builder_version=\u00bb4.27.6&#8243; _module_preset=\u00bbdefault\u00bb max_width=\u00bb70%\u00bb global_colors_info=\u00bb{}\u00bb][\/et_pb_image][et_pb_image src=\u00bbhttps:\/\/atelierbyedificam.com\/wp-content\/uploads\/2026\/05\/MARGALIDA-COLL-8.jpg\u00bb title_text=\u00bbMARGALIDA-COLL-8&#8243; module_class=\u00bbimagen-6&#8243; _builder_version=\u00bb4.27.6&#8243; _module_preset=\u00bbdefault\u00bb max_width=\u00bb35%\u00bb global_colors_info=\u00bb{}\u00bb][\/et_pb_image][et_pb_image src=\u00bbhttps:\/\/atelierbyedificam.com\/wp-content\/uploads\/2026\/04\/MARGALIDA-COLL-21.jpg\u00bb module_class=\u00bbimagen-7&#8243; _builder_version=\u00bb4.27.6&#8243; _module_preset=\u00bbdefault\u00bb max_width=\u00bb35%\u00bb global_colors_info=\u00bb{}\u00bb][\/et_pb_image][et_pb_image src=\u00bbhttps:\/\/atelierbyedificam.com\/wp-content\/uploads\/2026\/04\/MARGALIDA-COLL-20.jpg\u00bb module_class=\u00bbimagen-8&#8243; _builder_version=\u00bb4.27.6&#8243; _module_preset=\u00bbdefault\u00bb max_width=\u00bb55%\u00bb global_colors_info=\u00bb{}\u00bb][\/et_pb_image][et_pb_image src=\u00bbhttps:\/\/atelierbyedificam.com\/wp-content\/uploads\/2026\/04\/MARGALIDA-COLL-15.jpg\u00bb module_class=\u00bbimagen-9&#8243; _builder_version=\u00bb4.27.6&#8243; _module_preset=\u00bbdefault\u00bb max_width=\u00bb55%\u00bb global_colors_info=\u00bb{}\u00bb][\/et_pb_image][et_pb_image src=\u00bbhttps:\/\/atelierbyedificam.com\/wp-content\/uploads\/2026\/04\/MARGALIDA-COLL-18.jpg\u00bb module_class=\u00bbimagen-10&#8243; _builder_version=\u00bb4.27.6&#8243; _module_preset=\u00bbdefault\u00bb max_width=\u00bb35%\u00bb global_colors_info=\u00bb{}\u00bb][\/et_pb_image][et_pb_image src=\u00bbhttps:\/\/atelierbyedificam.com\/wp-content\/uploads\/2026\/04\/MARGALIDA-COLL-33.jpg\u00bb module_class=\u00bbimagen-11&#8243; _builder_version=\u00bb4.27.6&#8243; _module_preset=\u00bbdefault\u00bb max_width=\u00bb35%\u00bb global_colors_info=\u00bb{}\u00bb][\/et_pb_image][et_pb_image src=\u00bbhttps:\/\/atelierbyedificam.com\/wp-content\/uploads\/2026\/04\/MARGALIDA-COLL-30.jpg\u00bb module_class=\u00bbimagen-12&#8243; _builder_version=\u00bb4.27.6&#8243; _module_preset=\u00bbdefault\u00bb max_width=\u00bb38%\u00bb global_colors_info=\u00bb{}\u00bb][\/et_pb_image][et_pb_image src=\u00bbhttps:\/\/atelierbyedificam.com\/wp-content\/uploads\/2026\/04\/MARGALIDA-COLL-25.jpg\u00bb module_class=\u00bbimagen-13&#8243; _builder_version=\u00bb4.27.6&#8243; _module_preset=\u00bbdefault\u00bb max_width=\u00bb70%\u00bb global_colors_info=\u00bb{}\u00bb][\/et_pb_image][\/et_pb_column][et_pb_column type=\u00bb2_5&#8243; module_class=\u00bbcolumna-sticky\u00bb _builder_version=\u00bb4.27.6&#8243; _module_preset=\u00bbdefault\u00bb global_colors_info=\u00bb{}\u00bb][et_pb_text disabled_on=\u00bbon|on|off\u00bb _builder_version=\u00bb4.27.6&#8243; _module_preset=\u00bbdefault\u00bb header_font=\u00bbRoboto Condensed|||on|||||\u00bb header_text_color=\u00bb#626c5b\u00bb header_letter_spacing=\u00bb0.5px\u00bb max_width=\u00bb700px\u00bb custom_margin=\u00bb||0px|-30px|false|false\u00bb custom_padding=\u00bb||0px||false|false\u00bb header_font_size_tablet=\u00bb26px\u00bb header_font_size_phone=\u00bb18px\u00bb header_font_size_last_edited=\u00bbon|phone\u00bb locked=\u00bboff\u00bb global_colors_info=\u00bb{}\u00bb]<\/p>\n<h1>ATALAIA<\/h1>\n<p>[\/et_pb_text][et_pb_text disabled_on=\u00bbon|on|off\u00bb _builder_version=\u00bb4.27.6&#8243; _module_preset=\u00bbdefault\u00bb text_font=\u00bbRoboto||||||||\u00bb text_text_color=\u00bb#F1ECE6&#8243; text_font_size=\u00bb18px\u00bb header_4_font=\u00bbRoboto Condensed|||on|||||\u00bb header_4_text_color=\u00bb#9DA79B\u00bb header_4_font_size=\u00bb14px\u00bb custom_margin=\u00bb0px||5%|-30px|false|false\u00bb custom_padding=\u00bb0px||||false|false\u00bb locked=\u00bboff\u00bb global_colors_info=\u00bb{}\u00bb]<\/p>\n<h4>Mallorca, Espa\u00f1a<\/h4>\n<p>[\/et_pb_text][et_pb_text disabled_on=\u00bbon|on|off\u00bb _builder_version=\u00bb4.27.6&#8243; _module_preset=\u00bbdefault\u00bb text_font=\u00bbunivers|300|||||||\u00bb text_text_color=\u00bb#626c5b\u00bb text_letter_spacing=\u00bb-0.5px\u00bb text_line_height=\u00bb1.4em\u00bb header_4_font=\u00bbRoboto Condensed||||||||\u00bb header_4_text_color=\u00bb#F1ECE6&#8243; text_orientation=\u00bbjustified\u00bb max_width=\u00bb95%\u00bb custom_margin=\u00bb|||-30px|false|false\u00bb hover_enabled=\u00bb0&#8243; locked=\u00bboff\u00bb global_colors_info=\u00bb{}\u00bb sticky_enabled=\u00bb0&#8243;]<\/p>\n<p><span style=\"font-weight: 400;\">Ubicada en Portals Nous, esta vivienda naci\u00f3 con la voluntad de ser un lugar donde cada detalle importa, pero donde lo primero que se siente al entrar es que apetece quedarse. Desde cualquier rinc\u00f3n, las vistas acompa\u00f1an sin imponerse, como parte natural de una casa dise\u00f1ada para ser vivida.<\/span><\/p>\n<p><span style=\"font-weight: 400;\">Tres plantas pensadas para la vida real: habitaciones con su propio ba\u00f1o, un gimnasio para empezar el d\u00eda con energ\u00eda, una sala de juegos donde los m\u00e1s peque\u00f1os tienen su propio mundo.<\/span><\/p>\n<p><span style=\"font-weight: 400;\">Empezando por la FASE CONCEPTUAL definimos el hilo conductor que acompa\u00f1ar\u00e1 todo el proceso de esta vivienda: el estilo, los materiales y la atm\u00f3sfera que da coherencia a todo lo que viene despu\u00e9s. La FASE DESARROLLO profundizamos en las distribuciones, construyendo los espacios con intenci\u00f3n. En la FASE PROYECTO volcamos esa visi\u00f3n en los detalles t\u00e9cnicos y las decisiones de obra, logrando que el resultado final respondiera con exactitud a lo que hab\u00edamos imaginado.<\/span><\/p>\n<p><span style=\"font-weight: 400;\">Pensar en el amueblamiento es pensar en las personas: elegimos cada pieza de mobiliario y cada material buscando que el confort y el car\u00e1cter del proyecto fueran de la mano. Y cuando lleg\u00f3 el momento del proyecto decorativo y de atrezzo, pusimos el foco en que nada faltara: cada objeto, cada textura, cada rinc\u00f3n listo para recibir a quien lo habitar\u00eda.\u00a0<\/span><\/p>\n<p>[\/et_pb_text][et_pb_text disabled_on=\u00bbon|on|off\u00bb _builder_version=\u00bb4.27.6&#8243; _module_preset=\u00bbdefault\u00bb text_font=\u00bbRoboto||||||||\u00bb text_text_color=\u00bb#F1ECE6&#8243; text_font_size=\u00bb18px\u00bb header_4_font=\u00bbRoboto Condensed|||on|||||\u00bb header_4_text_color=\u00bb#626c5b\u00bb header_4_font_size=\u00bb13px\u00bb header_4_letter_spacing=\u00bb1px\u00bb header_4_line_height=\u00bb1.4em\u00bb custom_margin=\u00bb||0.5%|-30px|false|false\u00bb custom_padding=\u00bb||||false|false\u00bb hover_enabled=\u00bb0&#8243; locked=\u00bboff\u00bb global_colors_info=\u00bb{}\u00bb sticky_enabled=\u00bb0&#8243;]<\/p>\n<h4 class=\"p1\"><span class=\"s1\"><span style=\"color: #9da79b;\">Empresa constructora<\/span>\u00a0\u00b7 <a href=\"https:\/\/www.edificam.com\/\" target=\"_blank\" rel=\"noopener\">Edificam<\/a><br \/><\/span><span class=\"s1\"><span style=\"color: #9da79b;\">Arquitectura<\/span>\u00a0\u00b7 <a href=\"https:\/\/www.manelavila.com\/es\" target=\"_blank\" rel=\"noopener\">Avila Projects<\/a><br \/><\/span><span class=\"s1\"><span style=\"color: #9da79b;\">Promotor<\/span>\u00a0\u00b7 <a href=\"https:\/\/www.pni-baleares.com\/en\" target=\"_blank\" rel=\"noopener\">PNI immobilien<\/a><br \/><\/span><span class=\"s1\"><span style=\"color: #9da79b;\">Fot\u00f3grafo \u00b7 <\/span><\/span>Jonatan Barzola<\/h4>\n<p>[\/et_pb_text][\/et_pb_column][\/et_pb_row][\/et_pb_section]<\/p>\n","protected":false},"excerpt":{"rendered":"<p>ATALAIAMallorca, Espa\u00f1aUbicada en Portals Nous, esta vivienda naci\u00f3 con la voluntad de ser un lugar donde cada detalle importa, pero donde lo primero que se siente al entrar es que apetece quedarse. Desde cualquier rinc\u00f3n, las vistas acompa\u00f1an sin imponerse, como parte natural de una casa dise\u00f1ada para ser vivida. Tres plantas pensadas para la [&hellip;]<\/p>\n","protected":false},"author":1,"featured_media":0,"parent":0,"menu_order":0,"comment_status":"closed","ping_status":"closed","template":"","meta":{"_et_pb_use_builder":"on","_et_pb_old_content":"","_et_gb_content_width":"","footnotes":""},"class_list":["post-2835","page","type-page","status-publish","hentry"],"yoast_head":"<!-- This site is optimized with the Yoast SEO plugin v27.6 - https:\/\/yoast.com\/product\/yoast-seo-wordpress\/ -->\n<title>Atalaia - Atelier by Edificam<\/title>\n<meta name=\"robots\" content=\"index, follow, max-snippet:-1, max-image-preview:large, max-video-preview:-1\" \/>\n<link rel=\"canonical\" href=\"https:\/\/atelierbyedificam.com\/es\/atalaia\/\" \/>\n<meta property=\"og:locale\" content=\"es_ES\" \/>\n<meta property=\"og:type\" content=\"article\" \/>\n<meta property=\"og:title\" content=\"Atalaia - Atelier by Edificam\" \/>\n<meta property=\"og:description\" content=\"ATALAIAMallorca, Espa\u00f1aUbicada en Portals Nous, esta vivienda naci\u00f3 con la voluntad de ser un lugar donde cada detalle importa, pero donde lo primero que se siente al entrar es que apetece quedarse. Desde cualquier rinc\u00f3n, las vistas acompa\u00f1an sin imponerse, como parte natural de una casa dise\u00f1ada para ser vivida. Tres plantas pensadas para la [&hellip;]\" \/>\n<meta property=\"og:url\" content=\"https:\/\/atelierbyedificam.com\/es\/atalaia\/\" \/>\n<meta property=\"og:site_name\" content=\"Atelier by Edificam\" \/>\n<meta property=\"article:modified_time\" content=\"2026-05-12T11:30:27+00:00\" \/>\n<meta name=\"twitter:card\" content=\"summary_large_image\" \/>\n<meta name=\"twitter:label1\" content=\"Tiempo de lectura\" \/>\n\t<meta name=\"twitter:data1\" content=\"9 minutos\" \/>\n<script type=\"application\/ld+json\" class=\"yoast-schema-graph\">{\"@context\":\"https:\\\/\\\/schema.org\",\"@graph\":[{\"@type\":\"WebPage\",\"@id\":\"https:\\\/\\\/atelierbyedificam.com\\\/es\\\/atalaia\\\/\",\"url\":\"https:\\\/\\\/atelierbyedificam.com\\\/es\\\/atalaia\\\/\",\"name\":\"Atalaia - Atelier by Edificam\",\"isPartOf\":{\"@id\":\"https:\\\/\\\/atelierbyedificam.com\\\/es\\\/#website\"},\"datePublished\":\"2026-01-29T18:22:46+00:00\",\"dateModified\":\"2026-05-12T11:30:27+00:00\",\"breadcrumb\":{\"@id\":\"https:\\\/\\\/atelierbyedificam.com\\\/es\\\/atalaia\\\/#breadcrumb\"},\"inLanguage\":\"es\",\"potentialAction\":[{\"@type\":\"ReadAction\",\"target\":[\"https:\\\/\\\/atelierbyedificam.com\\\/es\\\/atalaia\\\/\"]}]},{\"@type\":\"BreadcrumbList\",\"@id\":\"https:\\\/\\\/atelierbyedificam.com\\\/es\\\/atalaia\\\/#breadcrumb\",\"itemListElement\":[{\"@type\":\"ListItem\",\"position\":1,\"name\":\"Startseite\",\"item\":\"https:\\\/\\\/atelierbyedificam.com\\\/es\\\/\"},{\"@type\":\"ListItem\",\"position\":2,\"name\":\"Atalaia\"}]},{\"@type\":\"WebSite\",\"@id\":\"https:\\\/\\\/atelierbyedificam.com\\\/es\\\/#website\",\"url\":\"https:\\\/\\\/atelierbyedificam.com\\\/es\\\/\",\"name\":\"Atelier by Edificam\",\"description\":\"Interior design\",\"potentialAction\":[{\"@type\":\"SearchAction\",\"target\":{\"@type\":\"EntryPoint\",\"urlTemplate\":\"https:\\\/\\\/atelierbyedificam.com\\\/es\\\/?s={search_term_string}\"},\"query-input\":{\"@type\":\"PropertyValueSpecification\",\"valueRequired\":true,\"valueName\":\"search_term_string\"}}],\"inLanguage\":\"es\"}]}<\/script>\n<!-- \/ Yoast SEO plugin. -->","yoast_head_json":{"title":"Atalaia - Atelier by Edificam","robots":{"index":"index","follow":"follow","max-snippet":"max-snippet:-1","max-image-preview":"max-image-preview:large","max-video-preview":"max-video-preview:-1"},"canonical":"https:\/\/atelierbyedificam.com\/es\/atalaia\/","og_locale":"es_ES","og_type":"article","og_title":"Atalaia - Atelier by Edificam","og_description":"ATALAIAMallorca, Espa\u00f1aUbicada en Portals Nous, esta vivienda naci\u00f3 con la voluntad de ser un lugar donde cada detalle importa, pero donde lo primero que se siente al entrar es que apetece quedarse. Desde cualquier rinc\u00f3n, las vistas acompa\u00f1an sin imponerse, como parte natural de una casa dise\u00f1ada para ser vivida. Tres plantas pensadas para la [&hellip;]","og_url":"https:\/\/atelierbyedificam.com\/es\/atalaia\/","og_site_name":"Atelier by Edificam","article_modified_time":"2026-05-12T11:30:27+00:00","twitter_card":"summary_large_image","twitter_misc":{"Tiempo de lectura":"9 minutos"},"schema":{"@context":"https:\/\/schema.org","@graph":[{"@type":"WebPage","@id":"https:\/\/atelierbyedificam.com\/es\/atalaia\/","url":"https:\/\/atelierbyedificam.com\/es\/atalaia\/","name":"Atalaia - Atelier by Edificam","isPartOf":{"@id":"https:\/\/atelierbyedificam.com\/es\/#website"},"datePublished":"2026-01-29T18:22:46+00:00","dateModified":"2026-05-12T11:30:27+00:00","breadcrumb":{"@id":"https:\/\/atelierbyedificam.com\/es\/atalaia\/#breadcrumb"},"inLanguage":"es","potentialAction":[{"@type":"ReadAction","target":["https:\/\/atelierbyedificam.com\/es\/atalaia\/"]}]},{"@type":"BreadcrumbList","@id":"https:\/\/atelierbyedificam.com\/es\/atalaia\/#breadcrumb","itemListElement":[{"@type":"ListItem","position":1,"name":"Startseite","item":"https:\/\/atelierbyedificam.com\/es\/"},{"@type":"ListItem","position":2,"name":"Atalaia"}]},{"@type":"WebSite","@id":"https:\/\/atelierbyedificam.com\/es\/#website","url":"https:\/\/atelierbyedificam.com\/es\/","name":"Atelier by Edificam","description":"Interior design","potentialAction":[{"@type":"SearchAction","target":{"@type":"EntryPoint","urlTemplate":"https:\/\/atelierbyedificam.com\/es\/?s={search_term_string}"},"query-input":{"@type":"PropertyValueSpecification","valueRequired":true,"valueName":"search_term_string"}}],"inLanguage":"es"}]}},"_links":{"self":[{"href":"https:\/\/atelierbyedificam.com\/es\/wp-json\/wp\/v2\/pages\/2835","targetHints":{"allow":["GET"]}}],"collection":[{"href":"https:\/\/atelierbyedificam.com\/es\/wp-json\/wp\/v2\/pages"}],"about":[{"href":"https:\/\/atelierbyedificam.com\/es\/wp-json\/wp\/v2\/types\/page"}],"author":[{"embeddable":true,"href":"https:\/\/atelierbyedificam.com\/es\/wp-json\/wp\/v2\/users\/1"}],"replies":[{"embeddable":true,"href":"https:\/\/atelierbyedificam.com\/es\/wp-json\/wp\/v2\/comments?post=2835"}],"version-history":[{"count":6,"href":"https:\/\/atelierbyedificam.com\/es\/wp-json\/wp\/v2\/pages\/2835\/revisions"}],"predecessor-version":[{"id":2946,"href":"https:\/\/atelierbyedificam.com\/es\/wp-json\/wp\/v2\/pages\/2835\/revisions\/2946"}],"wp:attachment":[{"href":"https:\/\/atelierbyedificam.com\/es\/wp-json\/wp\/v2\/media?parent=2835"}],"curies":[{"name":"wp","href":"https:\/\/api.w.org\/{rel}","templated":true}]}}