{"id":2800,"date":"2026-01-28T15:19:05","date_gmt":"2026-01-28T15:19:05","guid":{"rendered":"https:\/\/atelierbyedificam.com\/politica-de-privacidad\/"},"modified":"2026-05-12T10:48:19","modified_gmt":"2026-05-12T10:48:19","slug":"politica-de-privacidad","status":"publish","type":"page","link":"https:\/\/atelierbyedificam.com\/es\/politica-de-privacidad\/","title":{"rendered":"Pol\u00edtica de privacidad"},"content":{"rendered":"<p>[et_pb_section fb_built=\u00bb1&#8243; _builder_version=\u00bb4.27.5&#8243; _module_preset=\u00bbdefault\u00bb background_color=\u00bb#F1ECE6&#8243; custom_margin=\u00bb-170px||||false|false\u00bb custom_padding=\u00bb170px||||false|false\u00bb locked=\u00bboff\u00bb global_colors_info=\u00bb{}\u00bb][et_pb_row column_structure=\u00bb2_3,1_3&#8243; _builder_version=\u00bb4.27.6&#8243; _module_preset=\u00bbdefault\u00bb width=\u00bb95%\u00bb max_width=\u00bb95%\u00bb custom_padding=\u00bb3%||||false|false\u00bb hover_enabled=\u00bb0&#8243; locked=\u00bboff\u00bb global_colors_info=\u00bb{}\u00bb sticky_enabled=\u00bb0&#8243; width_last_edited=\u00bbon|phone\u00bb width_tablet=\u00bb90%\u00bb width_phone=\u00bb90%\u00bb max_width__hover_enabled=\u00bboff|desktop\u00bb max_width_last_edited=\u00bbon|phone\u00bb max_width_tablet=\u00bb90%\u00bb max_width_phone=\u00bb90%\u00bb][et_pb_column type=\u00bb2_3&#8243; _builder_version=\u00bb4.27.5&#8243; _module_preset=\u00bbdefault\u00bb custom_padding=\u00bb|1%|||false|false\u00bb global_colors_info=\u00bb{}\u00bb][et_pb_text _builder_version=\u00bb4.27.6&#8243; _module_preset=\u00bbdefault\u00bb header_font=\u00bbRoboto Condensed|300||on|||||\u00bb header_text_color=\u00bb#626c5b\u00bb header_font_size=\u00bb20px\u00bb max_width=\u00bb700px\u00bb global_colors_info=\u00bb{}\u00bb]<\/p>\n<h1>Pol\u00edtica de privacidad<\/h1>\n<p>[\/et_pb_text][et_pb_text ul_type=\u00bbsquare\u00bb _builder_version=\u00bb4.27.6&#8243; _module_preset=\u00bbdefault\u00bb text_font=\u00bbRoboto Condensed||||||||\u00bb text_text_color=\u00bb#9DA79B\u00bb text_letter_spacing=\u00bb-0.5px\u00bb text_line_height=\u00bb1.3em\u00bb link_font=\u00bbRoboto Condensed||||||||\u00bb link_text_color=\u00bb#626C5B\u00bb ul_font=\u00bbRoboto Condensed||||||||\u00bb ul_text_color=\u00bb#9DA79B\u00bb header_font=\u00bbRoboto Condensed|||on|||||\u00bb header_font_size=\u00bb15px\u00bb header_2_font=\u00bbRoboto Condensed||||||||\u00bb header_2_text_color=\u00bb#626c5b\u00bb header_4_font=\u00bbRoboto Condensed|||on|||||\u00bb header_4_text_color=\u00bb#626c5b\u00bb header_4_font_size=\u00bb15px\u00bb global_colors_info=\u00bb{}\u00bb]<\/p>\n<p style=\"text-align: left;\">EDIFICAM ILLES SL, en adelante denominado el \u201cRESPONSABLE DEL TRATAMIENTO\u201d, es responsable del tratamiento de los datos personales del usuario y le informa que estos datos ser\u00e1n tratados de conformidad con lo dispuesto en el Reglamento (UE) 2016\/679, de 27 de abril (RGPD), y la Directiva de Protecci\u00f3n de Datos, Ley Org\u00e1nica 3\/2018, de 5 de diciembre (LOPDGDD), para lo cual se facilita la siguiente informaci\u00f3n sobre el tratamiento:<\/p>\n<p><\/p>\n<h4>Fin de uso<\/h4>\n<p><\/p>\n<p>Mantener una relaci\u00f3n comercial con el usuario. Las operaciones planificadas para llevar a cabo el uso son:<\/p>\n<p><\/p>\n<ul>\n<li>Transmisi\u00f3n de mensajes publicitarios comerciales por correo electr\u00f3nico, fax, SMS, MMS, redes sociales u otros medios electr\u00f3nicos o f\u00edsicos, presentes o futuros, que permitan la comunicaci\u00f3n comercial. Estos mensajes son enviados por el RESPONSABLE DEL TRATAMIENTO y se refieren a sus productos y servicios, o a sus empleados o proveedores con quienes mantiene un acuerdo publicitario. En este caso, terceros nunca tienen acceso a los datos personales.<\/li>\n<li>Realizaci\u00f3n de estudios estad\u00edsticos.<\/li>\n<li>Tramitar pedidos, consultas u otras solicitudes del usuario a trav\u00e9s de una de las opciones de contacto proporcionadas.<\/li>\n<li>Enviar el bolet\u00edn informativo desde el sitio web.<\/li>\n<\/ul>\n<p><\/p>\n<h4>Base legal para el tratamiento<\/h4>\n<p><\/p>\n<p>Consentimiento del interesado.<\/p>\n<p><\/p>\n<h4>Criterios de retenci\u00f3n de datos<\/h4>\n<p><\/p>\n<p>No se almacenar\u00e1n durante m\u00e1s tiempo del necesario para mantener la finalidad del tratamiento y, cuando ya no sean necesarios para dicha finalidad, se eliminar\u00e1n utilizando las medidas de seguridad adecuadas para garantizar la confidencialidad de los datos o la destrucci\u00f3n completa de los mismos.<\/p>\n<p><\/p>\n<ul>\n<li style=\"text-align: left;\">Los datos no se transmitir\u00e1n a terceros a menos que sea legalmente requerido.<\/li>\n<\/ul>\n<p><\/p>\n<h4>Derechos de usuario<\/h4>\n<p><\/p>\n<ul>\n<li>Derecho de desistimiento en cualquier momento.<\/li>\n<li style=\"text-align: left;\">Derecho a la informaci\u00f3n, rectificaci\u00f3n, portabilidad y supresi\u00f3n de sus datos, as\u00ed como a la limitaci\u00f3n u oposici\u00f3n a su tratamiento.<\/li>\n<li style=\"text-align: left;\">Usted tiene derecho a presentar una reclamaci\u00f3n ante la autoridad de control (<a href=\"http:\/\/www.aepd.es\">www.aepd.es<\/a>) si considera que el tratamiento no cumple con la legislaci\u00f3n aplicable.<\/li>\n<\/ul>\n<p><\/p>\n<h4>Datos de contacto para ejercer sus derechos<\/h4>\n<p><\/p>\n<p><strong>EDIFICAM ILLES SL.<\/strong><\/p>\n<p><\/p>\n<p>Cr. de la Mar Mediterr\u00e1nea 16<br \/>Pol. Son Bugadelles, 07180, Calvi\u00e0<br \/>Mallorca, Illes Balears, ESPA\u00d1A<\/p>\n<p><\/p>\n<p>E-Mail: <a href=\"mailto:rgpd@edificam.com\">rgpd@edificam.com<\/a><\/p>\n<p><\/p>\n<h4>Car\u00e1cter obligatorio u opcional de la informaci\u00f3n proporcionada por el usuario<\/h4>\n<p><\/p>\n<p>Al marcar las casillas correspondientes e introducir datos en los campos marcados con un asterisco (*) o mostrados en los formularios de descarga, los usuarios reconocen de forma expresa, libre e inequ\u00edvoca que sus datos son necesarios para que el proveedor procese su solicitud. Introducir datos en los dem\u00e1s campos es voluntario. El usuario garantiza que los datos personales facilitados al RESPONSABLE DEL TRATAMIENTO son veraces y se compromete a notificar al proveedor cualquier cambio.<\/p>\n<p><\/p>\n<p>El RESPONSABLE DEL TRATAMIENTO informa y garantiza expresamente a los usuarios que sus datos personales no ser\u00e1n divulgados a terceros bajo ninguna circunstancia y que cualquier divulgaci\u00f3n de datos personales estar\u00e1 precedida por el consentimiento expl\u00edcito, informado e inequ\u00edvoco del usuario. Todos los datos solicitados a trav\u00e9s del sitio web son obligatorios, ya que son necesarios para proporcionar al usuario un servicio \u00f3ptimo. Si no se facilitan todos los datos, no se puede garantizar que la informaci\u00f3n y los servicios proporcionados se adapten completamente a sus necesidades.<\/p>\n<p><\/p>\n<h2>Medidas de seguridad<\/h2>\n<p><\/p>\n<p>De conformidad con las disposiciones aplicables en materia de protecci\u00f3n de datos personales, el RESPONSABLE del tratamiento cumple con todas las disposiciones del RGPD para el tratamiento de datos personales dentro de su \u00e1mbito de responsabilidad y, obviamente, con los principios descritos en la pol\u00edtica de privacidad, el art\u00edculo 5 del RGPD, seg\u00fan el cual los datos personales se tratan de forma l\u00edcita, leal y transparente en relaci\u00f3n con el interesado y son adecuados, pertinentes y limitados a lo necesario en relaci\u00f3n con los fines para los que se tratan.<\/p>\n<p><\/p>\n<p>El RESPONSABLE del tratamiento garantiza que ha implementado las directrices t\u00e9cnicas y organizativas adecuadas para aplicar las medidas de seguridad establecidas por el RGPD para proteger los derechos y libertades de los usuarios y ha proporcionado la informaci\u00f3n pertinente para que puedan ejercer dichos derechos.<\/p>\n<p>[\/et_pb_text][\/et_pb_column][et_pb_column type=\u00bb1_3&#8243; _builder_version=\u00bb4.27.6&#8243; _module_preset=\u00bbdefault\u00bb positioning=\u00bbabsolute\u00bb position_origin_a=\u00bbbottom_right\u00bb custom_padding=\u00bb|1%|5%||false|false\u00bb sticky_position=\u00bbtop\u00bb sticky_offset_top=\u00bb20px\u00bb sticky_limit_bottom=\u00bbsection\u00bb sticky_transition=\u00bboff\u00bb motion_trigger_start=\u00bbbottom\u00bb hover_enabled=\u00bb0&#8243; global_colors_info=\u00bb{}\u00bb disabled_on=\u00bbon|on|off\u00bb sticky_enabled=\u00bb0&#8243;][et_pb_image src=\u00bbhttps:\/\/atelierbyedificam.com\/wp-content\/uploads\/2026\/03\/Logo_Edificam_Gris_Web.png\u00bb url=\u00bbhttps:\/\/www.edificam.com\/\u00bb url_new_window=\u00bbon\u00bb _builder_version=\u00bb4.27.6&#8243; _module_preset=\u00bbdefault\u00bb max_width=\u00bb30%\u00bb custom_margin=\u00bb||4%||false|false\u00bb locked=\u00bboff\u00bb global_colors_info=\u00bb{}\u00bb][\/et_pb_image][et_pb_text disabled_on=\u00bboff|off|off\u00bb _builder_version=\u00bb4.27.6&#8243; _module_preset=\u00bbdefault\u00bb text_font=\u00bbRoboto||||||||\u00bb text_text_color=\u00bb#F1ECE6&#8243; text_font_size=\u00bb18px\u00bb header_4_font=\u00bbRoboto Condensed|||on|||||\u00bb header_4_text_color=\u00bb#626c5b\u00bb header_4_font_size=\u00bb15px\u00bb header_4_letter_spacing=\u00bb0.5px\u00bb custom_margin=\u00bb||0.5%||false|false\u00bb custom_padding=\u00bb|||5.3%|false|false\u00bb locked=\u00bboff\u00bb global_colors_info=\u00bb{}\u00bb]<\/p>\n<h4>Contacto<\/h4>\n<p>[\/et_pb_text][et_pb_text disabled_on=\u00bboff|off|off\u00bb _builder_version=\u00bb4.27.6&#8243; _module_preset=\u00bbdefault\u00bb text_font=\u00bbRoboto Condensed||||||||\u00bb text_text_color=\u00bb#9DA79B\u00bb text_letter_spacing=\u00bb-0.5px\u00bb text_line_height=\u00bb1.3em\u00bb header_4_font=\u00bbRoboto Condensed||||||||\u00bb header_4_text_color=\u00bb#F1ECE6&#8243; custom_margin=\u00bb||4%|5%|false|false\u00bb custom_padding=\u00bb||||false|false\u00bb locked=\u00bboff\u00bb global_colors_info=\u00bb{}\u00bb]<\/p>\n<p>Cr. de la Mar Mediterr\u00e1nea 16<br \/>Pol. Son Bugadelles, 07180, Calvi\u00e0<br \/>Mallorca, Illes Balears, ESPA\u00d1A<\/p>\n<p>[\/et_pb_text][et_pb_text disabled_on=\u00bboff|off|off\u00bb _builder_version=\u00bb4.27.6&#8243; _module_preset=\u00bbdefault\u00bb text_font=\u00bbunivers||||||||\u00bb text_text_color=\u00bb#F1ECE6&#8243; text_line_height=\u00bb1.2em\u00bb link_font=\u00bbRoboto Condensed||||||||\u00bb link_text_color=\u00bb#626c5b\u00bb link_line_height=\u00bb1.2em\u00bb header_4_font=\u00bbRoboto Condensed||||||||\u00bb header_4_text_color=\u00bb#F1ECE6&#8243; max_width=\u00bb200px\u00bb custom_margin=\u00bb||0px|5%|false|false\u00bb custom_padding=\u00bb||0px||false|false\u00bb locked=\u00bboff\u00bb global_colors_info=\u00bb{}\u00bb link_text_color__hover_enabled=\u00bbon|hover\u00bb link_text_color__hover=\u00bb#9DA79B\u00bb]<\/p>\n<p><a href=\"mailto:info@edificam.com\">info@edificam.com<\/a><br \/><a href=\"https:\/\/www.instagram.com\/atelierbyedificam\/\" target=\"_blank\" rel=\"noopener\">@atelierbyedificam<\/a><\/p>\n<p>[\/et_pb_text][\/et_pb_column][\/et_pb_row][\/et_pb_section]<\/p>\n","protected":false},"excerpt":{"rendered":"<p>Pol\u00edtica de privacidadEDIFICAM ILLES SL, en adelante denominado el \u201cRESPONSABLE DEL TRATAMIENTO\u201d, es responsable del tratamiento de los datos personales del usuario y le informa que estos datos ser\u00e1n tratados de conformidad con lo dispuesto en el Reglamento (UE) 2016\/679, de 27 de abril (RGPD), y la Directiva de Protecci\u00f3n de Datos, Ley Org\u00e1nica 3\/2018, [&hellip;]<\/p>\n","protected":false},"author":1,"featured_media":0,"parent":0,"menu_order":0,"comment_status":"closed","ping_status":"closed","template":"","meta":{"_et_pb_use_builder":"on","_et_pb_old_content":"","_et_gb_content_width":"","footnotes":""},"class_list":["post-2800","page","type-page","status-publish","hentry"],"yoast_head":"<!-- This site is optimized with the Yoast SEO plugin v27.6 - https:\/\/yoast.com\/product\/yoast-seo-wordpress\/ -->\n<title>Pol\u00edtica de privacidad - Atelier by Edificam<\/title>\n<meta name=\"robots\" content=\"index, follow, max-snippet:-1, max-image-preview:large, max-video-preview:-1\" \/>\n<link rel=\"canonical\" href=\"https:\/\/atelierbyedificam.com\/es\/politica-de-privacidad\/\" \/>\n<meta property=\"og:locale\" content=\"es_ES\" \/>\n<meta property=\"og:type\" content=\"article\" \/>\n<meta property=\"og:title\" content=\"Pol\u00edtica de privacidad - Atelier by Edificam\" \/>\n<meta property=\"og:description\" content=\"Pol\u00edtica de privacidadEDIFICAM ILLES SL, en adelante denominado el \u201cRESPONSABLE DEL TRATAMIENTO\u201d, es responsable del tratamiento de los datos personales del usuario y le informa que estos datos ser\u00e1n tratados de conformidad con lo dispuesto en el Reglamento (UE) 2016\/679, de 27 de abril (RGPD), y la Directiva de Protecci\u00f3n de Datos, Ley Org\u00e1nica 3\/2018, [&hellip;]\" \/>\n<meta property=\"og:url\" content=\"https:\/\/atelierbyedificam.com\/es\/politica-de-privacidad\/\" \/>\n<meta property=\"og:site_name\" content=\"Atelier by Edificam\" \/>\n<meta property=\"article:modified_time\" content=\"2026-05-12T10:48:19+00:00\" \/>\n<meta name=\"twitter:card\" content=\"summary_large_image\" \/>\n<meta name=\"twitter:label1\" content=\"Tiempo de lectura\" \/>\n\t<meta name=\"twitter:data1\" content=\"6 minutos\" \/>\n<script type=\"application\/ld+json\" class=\"yoast-schema-graph\">{\"@context\":\"https:\\\/\\\/schema.org\",\"@graph\":[{\"@type\":\"WebPage\",\"@id\":\"https:\\\/\\\/atelierbyedificam.com\\\/es\\\/politica-de-privacidad\\\/\",\"url\":\"https:\\\/\\\/atelierbyedificam.com\\\/es\\\/politica-de-privacidad\\\/\",\"name\":\"Pol\u00edtica de privacidad - Atelier by Edificam\",\"isPartOf\":{\"@id\":\"https:\\\/\\\/atelierbyedificam.com\\\/es\\\/#website\"},\"datePublished\":\"2026-01-28T15:19:05+00:00\",\"dateModified\":\"2026-05-12T10:48:19+00:00\",\"breadcrumb\":{\"@id\":\"https:\\\/\\\/atelierbyedificam.com\\\/es\\\/politica-de-privacidad\\\/#breadcrumb\"},\"inLanguage\":\"es\",\"potentialAction\":[{\"@type\":\"ReadAction\",\"target\":[\"https:\\\/\\\/atelierbyedificam.com\\\/es\\\/politica-de-privacidad\\\/\"]}]},{\"@type\":\"BreadcrumbList\",\"@id\":\"https:\\\/\\\/atelierbyedificam.com\\\/es\\\/politica-de-privacidad\\\/#breadcrumb\",\"itemListElement\":[{\"@type\":\"ListItem\",\"position\":1,\"name\":\"Startseite\",\"item\":\"https:\\\/\\\/atelierbyedificam.com\\\/es\\\/\"},{\"@type\":\"ListItem\",\"position\":2,\"name\":\"Pol\u00edtica de privacidad\"}]},{\"@type\":\"WebSite\",\"@id\":\"https:\\\/\\\/atelierbyedificam.com\\\/es\\\/#website\",\"url\":\"https:\\\/\\\/atelierbyedificam.com\\\/es\\\/\",\"name\":\"Atelier by Edificam\",\"description\":\"Interior design\",\"potentialAction\":[{\"@type\":\"SearchAction\",\"target\":{\"@type\":\"EntryPoint\",\"urlTemplate\":\"https:\\\/\\\/atelierbyedificam.com\\\/es\\\/?s={search_term_string}\"},\"query-input\":{\"@type\":\"PropertyValueSpecification\",\"valueRequired\":true,\"valueName\":\"search_term_string\"}}],\"inLanguage\":\"es\"}]}<\/script>\n<!-- \/ Yoast SEO plugin. -->","yoast_head_json":{"title":"Pol\u00edtica de privacidad - Atelier by Edificam","robots":{"index":"index","follow":"follow","max-snippet":"max-snippet:-1","max-image-preview":"max-image-preview:large","max-video-preview":"max-video-preview:-1"},"canonical":"https:\/\/atelierbyedificam.com\/es\/politica-de-privacidad\/","og_locale":"es_ES","og_type":"article","og_title":"Pol\u00edtica de privacidad - Atelier by Edificam","og_description":"Pol\u00edtica de privacidadEDIFICAM ILLES SL, en adelante denominado el \u201cRESPONSABLE DEL TRATAMIENTO\u201d, es responsable del tratamiento de los datos personales del usuario y le informa que estos datos ser\u00e1n tratados de conformidad con lo dispuesto en el Reglamento (UE) 2016\/679, de 27 de abril (RGPD), y la Directiva de Protecci\u00f3n de Datos, Ley Org\u00e1nica 3\/2018, [&hellip;]","og_url":"https:\/\/atelierbyedificam.com\/es\/politica-de-privacidad\/","og_site_name":"Atelier by Edificam","article_modified_time":"2026-05-12T10:48:19+00:00","twitter_card":"summary_large_image","twitter_misc":{"Tiempo de lectura":"6 minutos"},"schema":{"@context":"https:\/\/schema.org","@graph":[{"@type":"WebPage","@id":"https:\/\/atelierbyedificam.com\/es\/politica-de-privacidad\/","url":"https:\/\/atelierbyedificam.com\/es\/politica-de-privacidad\/","name":"Pol\u00edtica de privacidad - Atelier by Edificam","isPartOf":{"@id":"https:\/\/atelierbyedificam.com\/es\/#website"},"datePublished":"2026-01-28T15:19:05+00:00","dateModified":"2026-05-12T10:48:19+00:00","breadcrumb":{"@id":"https:\/\/atelierbyedificam.com\/es\/politica-de-privacidad\/#breadcrumb"},"inLanguage":"es","potentialAction":[{"@type":"ReadAction","target":["https:\/\/atelierbyedificam.com\/es\/politica-de-privacidad\/"]}]},{"@type":"BreadcrumbList","@id":"https:\/\/atelierbyedificam.com\/es\/politica-de-privacidad\/#breadcrumb","itemListElement":[{"@type":"ListItem","position":1,"name":"Startseite","item":"https:\/\/atelierbyedificam.com\/es\/"},{"@type":"ListItem","position":2,"name":"Pol\u00edtica de privacidad"}]},{"@type":"WebSite","@id":"https:\/\/atelierbyedificam.com\/es\/#website","url":"https:\/\/atelierbyedificam.com\/es\/","name":"Atelier by Edificam","description":"Interior design","potentialAction":[{"@type":"SearchAction","target":{"@type":"EntryPoint","urlTemplate":"https:\/\/atelierbyedificam.com\/es\/?s={search_term_string}"},"query-input":{"@type":"PropertyValueSpecification","valueRequired":true,"valueName":"search_term_string"}}],"inLanguage":"es"}]}},"_links":{"self":[{"href":"https:\/\/atelierbyedificam.com\/es\/wp-json\/wp\/v2\/pages\/2800","targetHints":{"allow":["GET"]}}],"collection":[{"href":"https:\/\/atelierbyedificam.com\/es\/wp-json\/wp\/v2\/pages"}],"about":[{"href":"https:\/\/atelierbyedificam.com\/es\/wp-json\/wp\/v2\/types\/page"}],"author":[{"embeddable":true,"href":"https:\/\/atelierbyedificam.com\/es\/wp-json\/wp\/v2\/users\/1"}],"replies":[{"embeddable":true,"href":"https:\/\/atelierbyedificam.com\/es\/wp-json\/wp\/v2\/comments?post=2800"}],"version-history":[{"count":2,"href":"https:\/\/atelierbyedificam.com\/es\/wp-json\/wp\/v2\/pages\/2800\/revisions"}],"predecessor-version":[{"id":2802,"href":"https:\/\/atelierbyedificam.com\/es\/wp-json\/wp\/v2\/pages\/2800\/revisions\/2802"}],"wp:attachment":[{"href":"https:\/\/atelierbyedificam.com\/es\/wp-json\/wp\/v2\/media?parent=2800"}],"curies":[{"name":"wp","href":"https:\/\/api.w.org\/{rel}","templated":true}]}}