{"id":2792,"date":"2026-01-28T15:19:17","date_gmt":"2026-01-28T15:19:17","guid":{"rendered":"https:\/\/atelierbyedificam.com\/politica-de-cookies\/"},"modified":"2026-05-12T10:38:58","modified_gmt":"2026-05-12T10:38:58","slug":"politica-de-cookies","status":"publish","type":"page","link":"https:\/\/atelierbyedificam.com\/es\/politica-de-cookies\/","title":{"rendered":"Pol\u00edtica de cookies"},"content":{"rendered":"<p>[et_pb_section fb_built=\u00bb1&#8243; _builder_version=\u00bb4.27.5&#8243; _module_preset=\u00bbdefault\u00bb background_color=\u00bb#F1ECE6&#8243; custom_margin=\u00bb-170px||||false|false\u00bb custom_padding=\u00bb170px||||false|false\u00bb locked=\u00bboff\u00bb global_colors_info=\u00bb{}\u00bb][et_pb_row column_structure=\u00bb2_3,1_3&#8243; _builder_version=\u00bb4.27.6&#8243; _module_preset=\u00bbdefault\u00bb width=\u00bb95%\u00bb width_tablet=\u00bb90%\u00bb width_phone=\u00bb90%\u00bb width_last_edited=\u00bbon|phone\u00bb max_width=\u00bb95%\u00bb custom_padding=\u00bb3%||||false|false\u00bb hover_enabled=\u00bb0&#8243; global_colors_info=\u00bb{}\u00bb sticky_enabled=\u00bb0&#8243; max_width_last_edited=\u00bbon|tablet\u00bb max_width_phone=\u00bb90%\u00bb max_width_tablet=\u00bb90%\u00bb][et_pb_column type=\u00bb2_3&#8243; _builder_version=\u00bb4.27.5&#8243; _module_preset=\u00bbdefault\u00bb custom_padding=\u00bb|1%|||false|false\u00bb global_colors_info=\u00bb{}\u00bb][et_pb_text _builder_version=\u00bb4.27.6&#8243; _module_preset=\u00bbdefault\u00bb header_font=\u00bbRoboto Condensed|300||on|||||\u00bb header_text_color=\u00bb#626c5b\u00bb header_font_size=\u00bb20px\u00bb max_width=\u00bb700px\u00bb global_colors_info=\u00bb{}\u00bb]<\/p>\n<h1>Pol\u00edtica de cookies<\/h1>\n<p>[\/et_pb_text][et_pb_text ul_type=\u00bbsquare\u00bb _builder_version=\u00bb4.27.6&#8243; _module_preset=\u00bbdefault\u00bb text_font=\u00bbRoboto Condensed||||||||\u00bb text_text_color=\u00bb#9DA79B\u00bb text_letter_spacing=\u00bb-0.5px\u00bb text_line_height=\u00bb1.3em\u00bb link_font=\u00bbRoboto Condensed||||||||\u00bb link_text_color=\u00bb#626C5B\u00bb ul_font=\u00bbRoboto Condensed||||||||\u00bb ul_text_color=\u00bb#9DA79B\u00bb header_font=\u00bbRoboto Condensed|||on|||||\u00bb header_font_size=\u00bb15px\u00bb header_2_font=\u00bbRoboto Condensed||||||||\u00bb header_2_text_color=\u00bb#626c5b\u00bb header_4_font=\u00bbRoboto Condensed|||on|||||\u00bb header_4_text_color=\u00bb#626c5b\u00bb header_4_font_size=\u00bb15px\u00bb global_colors_info=\u00bb{}\u00bb]<\/p>\n<p style=\"text-align: left;\">Seg\u00fan lo determinado por la Secretar\u00eda de Estado de Telecomunicaciones y Sociedad de la Informaci\u00f3n, dependiente del Ministerio de Industria, Energ\u00eda y Turismo, la LSSI (Ley de Servicios de la Sociedad de la Informaci\u00f3n) generalmente no se aplica en el \u00e1mbito de la administraci\u00f3n p\u00fablica, ya que esta no se considera proveedora de servicios de la sociedad de la informaci\u00f3n seg\u00fan la definici\u00f3n del anexo. Solo se aplica cuando la actividad administrativa es de car\u00e1cter econ\u00f3mico. No obstante lo anterior, le informamos sobre la instalaci\u00f3n de cookies en su dispositivo:<\/p>\n<p><\/p>\n<h4>\u00bfQu\u00e9 es una cookie y para qu\u00e9 se utiliza?<\/h4>\n<p><\/p>\n<p style=\"text-align: left;\">Las cookies son peque\u00f1os archivos de texto que los sitios web almacenan en el dispositivo (ordenador, smartphone, tableta, Smart TV, etc.) o navegador utilizado para visitar el sitio web. Este archivo contiene informaci\u00f3n sobre las p\u00e1ginas visitadas, lo que permite recordar tus preferencias en tu pr\u00f3xima visita y facilita tu experiencia de navegaci\u00f3n con los datos que contiene. Asimismo, las cookies pueden utilizarse para generar informaci\u00f3n estad\u00edstica an\u00f3nima o para garantizar el correcto funcionamiento de los sitios web.<\/p>\n<p><\/p>\n<h4>Tipos de cookies<\/h4>\n<p><\/p>\n<p style=\"text-align: left;\">Las cookies se pueden clasificar en cookies de sesi\u00f3n y cookies persistentes seg\u00fan su duraci\u00f3n. Las cookies de sesi\u00f3n se eliminan en cuanto el usuario cierra el navegador, mientras que las cookies persistentes permanecen v\u00e1lidas hasta que se cumple el prop\u00f3sito para el que se crearon o hasta que el usuario las elimina manualmente. En cuanto a su administrador, las cookies pueden ser de origen, en este caso de Edificam, o de terceros, normalmente de empresas que procesan datos de cookies. Seg\u00fan su finalidad, se puede distinguir entre: Cookies t\u00e9cnicas: permiten al usuario navegar por un sitio web o aplicaci\u00f3n y utilizar sus diversas opciones y servicios. Ejemplos de ello son los identificadores de sesi\u00f3n y el intercambio de contenido a trav\u00e9s de redes sociales. Cookies de personalizaci\u00f3n: permiten al usuario acceder a un servicio con ciertas caracter\u00edsticas generales en funci\u00f3n de un conjunto predefinido de criterios en la configuraci\u00f3n del usuario, como el idioma o la ubicaci\u00f3n geogr\u00e1fica. Cookies anal\u00edticas: permiten al remitente de la cookie rastrear y analizar el comportamiento del usuario en sitios web vinculados, con el objetivo de iniciar mejoras basadas en el an\u00e1lisis de los datos de uso del usuario. Cookies publicitarias: permiten la gesti\u00f3n del espacio publicitario para mostrar anuncios que el propietario del sitio web o aplicaci\u00f3n haya integrado. Cookies de publicidad conductual: Permiten gestionar el espacio publicitario almacenando informaci\u00f3n sobre el comportamiento del usuario obtenida mediante el seguimiento continuo de sus h\u00e1bitos de navegaci\u00f3n.<\/p>\n<p><\/p>\n<h4>\u00bfC\u00f3mo se puede desactivar el uso de cookies?<\/h4>\n<p><\/p>\n<p style=\"text-align: left;\">Puedes desactivar el uso de cookies en la configuraci\u00f3n de tu navegador. Esta opci\u00f3n suele encontrarse en el men\u00fa \u00abOpciones\u00bb o \u00abConfiguraci\u00f3n\u00bb. As\u00ed podr\u00e1s configurar tu navegador para aceptar cookies o bloquearlas de un servicio espec\u00edfico. Puedes obtener m\u00e1s informaci\u00f3n sobre las distintas opciones de gesti\u00f3n de cookies consultando la ayuda de tu navegador.<\/p>\n<p><\/p>\n<ul>\n<li style=\"text-align: left;\">Google Chrome: <a href=\"http:\/\/support.google.com\/chrome\/bin\/answer.py?hl=es&amp;answer=95647\">http:\/\/support.google.com\/chrome\/bin\/answer.py?hl=es&amp;answer=95647<\/a>\u00a0<\/li>\n<li style=\"text-align: left;\">Internet Explorer:\u00a0<a href=\"http:\/\/windows.microsoft.com\/es-es\/windows7\/how-to-manage-cookies-in-internet-explorer-9\">http:\/\/windows.microsoft.com\/es-es\/windows7\/how-to-manage-cookies-in-internet-explorer-9<\/a>\u00a0<\/li>\n<li style=\"text-align: left;\">Mozilla Firefox:\u00a0<a href=\"http:\/\/support.mozilla.org\/es\/kb\/habilitar-y-deshabilitar-cookies-que-los-sitios-we\">http:\/\/support.mozilla.org\/es\/kb\/habilitar-y-deshabilitar-cookies-que-los-sitios-we<\/a>\u00a0<\/li>\n<li style=\"text-align: left;\">Apple Safari:\u00a0<a href=\"http:\/\/support.apple.com\/kb\/ph5042\">http:\/\/support.apple.com\/kb\/ph5042<\/a>\u00a0<\/li>\n<\/ul>\n<p><\/p>\n<p>Tambi\u00e9n puede optar por no utilizar las cookies de Google Analytics mediante el sistema de exclusi\u00f3n voluntaria que ofrece Google en el siguiente enlace: <a href=\"https:\/\/tools.google.com\/dlpage\/gaoptout\">https:\/\/tools.google.com\/dlpage\/gaoptout<\/a>. En cuanto al uso de cookies de redes sociales, puede desactivarlas cerrando sesi\u00f3n en las redes sociales correspondientes antes de visitar el sitio web de Edificam. En cualquier caso, tenga en cuenta que la desactivaci\u00f3n de las cookies puede restringir o impedir el acceso a ciertas secciones del sitio web de Edificam o afectar negativamente a su experiencia de navegaci\u00f3n.<\/p>\n<p>[\/et_pb_text][\/et_pb_column][et_pb_column type=\u00bb1_3&#8243; disabled_on=\u00bbon|on|off\u00bb _builder_version=\u00bb4.27.6&#8243; _module_preset=\u00bbdefault\u00bb positioning=\u00bbabsolute\u00bb position_origin_a=\u00bbbottom_right\u00bb custom_padding=\u00bb|1%|5%||false|false\u00bb sticky_position=\u00bbtop\u00bb sticky_offset_top=\u00bb20px\u00bb sticky_limit_bottom=\u00bbsection\u00bb sticky_transition=\u00bboff\u00bb motion_trigger_start=\u00bbbottom\u00bb global_colors_info=\u00bb{}\u00bb][et_pb_image src=\u00bbhttps:\/\/atelierbyedificam.com\/wp-content\/uploads\/2026\/03\/Logo_Edificam_Gris_Web.png\u00bb url=\u00bbhttps:\/\/www.edificam.com\/\u00bb url_new_window=\u00bbon\u00bb _builder_version=\u00bb4.27.6&#8243; _module_preset=\u00bbdefault\u00bb max_width=\u00bb30%\u00bb custom_margin=\u00bb||4%||false|false\u00bb locked=\u00bboff\u00bb global_colors_info=\u00bb{}\u00bb][\/et_pb_image][et_pb_text disabled_on=\u00bboff|off|off\u00bb _builder_version=\u00bb4.27.6&#8243; _module_preset=\u00bbdefault\u00bb text_font=\u00bbRoboto||||||||\u00bb text_text_color=\u00bb#F1ECE6&#8243; text_font_size=\u00bb18px\u00bb header_4_font=\u00bbRoboto Condensed|||on|||||\u00bb header_4_text_color=\u00bb#626c5b\u00bb header_4_font_size=\u00bb15px\u00bb header_4_letter_spacing=\u00bb0.5px\u00bb custom_margin=\u00bb||0.5%||false|false\u00bb custom_padding=\u00bb|||5.3%|false|false\u00bb locked=\u00bboff\u00bb global_colors_info=\u00bb{}\u00bb]<\/p>\n<h4>Contacto<\/h4>\n<p>[\/et_pb_text][et_pb_text disabled_on=\u00bboff|off|off\u00bb _builder_version=\u00bb4.27.6&#8243; _module_preset=\u00bbdefault\u00bb text_font=\u00bbRoboto Condensed||||||||\u00bb text_text_color=\u00bb#9DA79B\u00bb text_letter_spacing=\u00bb-0.5px\u00bb text_line_height=\u00bb1.3em\u00bb header_4_font=\u00bbRoboto Condensed||||||||\u00bb header_4_text_color=\u00bb#F1ECE6&#8243; custom_margin=\u00bb||4%|5%|false|false\u00bb custom_padding=\u00bb||||false|false\u00bb locked=\u00bboff\u00bb global_colors_info=\u00bb{}\u00bb]<\/p>\n<p>Cr. de la Mar Mediterr\u00e1nea 16<br \/>Pol. Son Bugadelles, 07180, Calvi\u00e0<br \/>Mallorca, Illes Balears, ESPA\u00d1A<\/p>\n<p>[\/et_pb_text][et_pb_text disabled_on=\u00bboff|off|off\u00bb _builder_version=\u00bb4.27.6&#8243; _module_preset=\u00bbdefault\u00bb text_font=\u00bbunivers||||||||\u00bb text_text_color=\u00bb#F1ECE6&#8243; text_line_height=\u00bb1.2em\u00bb link_font=\u00bbRoboto Condensed||||||||\u00bb link_text_color=\u00bb#626c5b\u00bb link_line_height=\u00bb1.2em\u00bb header_4_font=\u00bbRoboto Condensed||||||||\u00bb header_4_text_color=\u00bb#F1ECE6&#8243; max_width=\u00bb200px\u00bb custom_margin=\u00bb||0px|5%|false|false\u00bb custom_padding=\u00bb||0px||false|false\u00bb locked=\u00bboff\u00bb global_colors_info=\u00bb{}\u00bb link_text_color__hover_enabled=\u00bbon|hover\u00bb link_text_color__hover=\u00bb#9DA79B\u00bb]<\/p>\n<p><a href=\"mailto:info@edificam.com\">info@edificam.com<\/a><br \/><a href=\"https:\/\/www.instagram.com\/atelierbyedificam\/\" target=\"_blank\" rel=\"noopener\">@atelierbyedificam<\/a><\/p>\n<p>[\/et_pb_text][\/et_pb_column][\/et_pb_row][\/et_pb_section]<\/p>\n","protected":false},"excerpt":{"rendered":"<p>Pol\u00edtica de cookiesSeg\u00fan lo determinado por la Secretar\u00eda de Estado de Telecomunicaciones y Sociedad de la Informaci\u00f3n, dependiente del Ministerio de Industria, Energ\u00eda y Turismo, la LSSI (Ley de Servicios de la Sociedad de la Informaci\u00f3n) generalmente no se aplica en el \u00e1mbito de la administraci\u00f3n p\u00fablica, ya que esta no se considera proveedora de [&hellip;]<\/p>\n","protected":false},"author":1,"featured_media":0,"parent":0,"menu_order":0,"comment_status":"closed","ping_status":"closed","template":"","meta":{"_et_pb_use_builder":"on","_et_pb_old_content":"","_et_gb_content_width":"","footnotes":""},"class_list":["post-2792","page","type-page","status-publish","hentry"],"yoast_head":"<!-- This site is optimized with the Yoast SEO plugin v27.6 - https:\/\/yoast.com\/product\/yoast-seo-wordpress\/ -->\n<title>Pol\u00edtica de cookies - Atelier by Edificam<\/title>\n<meta name=\"robots\" content=\"index, follow, max-snippet:-1, max-image-preview:large, max-video-preview:-1\" \/>\n<link rel=\"canonical\" href=\"https:\/\/atelierbyedificam.com\/es\/politica-de-cookies\/\" \/>\n<meta property=\"og:locale\" content=\"es_ES\" \/>\n<meta property=\"og:type\" content=\"article\" \/>\n<meta property=\"og:title\" content=\"Pol\u00edtica de cookies - Atelier by Edificam\" \/>\n<meta property=\"og:description\" content=\"Pol\u00edtica de cookiesSeg\u00fan lo determinado por la Secretar\u00eda de Estado de Telecomunicaciones y Sociedad de la Informaci\u00f3n, dependiente del Ministerio de Industria, Energ\u00eda y Turismo, la LSSI (Ley de Servicios de la Sociedad de la Informaci\u00f3n) generalmente no se aplica en el \u00e1mbito de la administraci\u00f3n p\u00fablica, ya que esta no se considera proveedora de [&hellip;]\" \/>\n<meta property=\"og:url\" content=\"https:\/\/atelierbyedificam.com\/es\/politica-de-cookies\/\" \/>\n<meta property=\"og:site_name\" content=\"Atelier by Edificam\" \/>\n<meta property=\"article:modified_time\" content=\"2026-05-12T10:38:58+00:00\" \/>\n<meta name=\"twitter:card\" content=\"summary_large_image\" \/>\n<meta name=\"twitter:label1\" content=\"Tiempo de lectura\" \/>\n\t<meta name=\"twitter:data1\" content=\"6 minutos\" \/>\n<script type=\"application\/ld+json\" class=\"yoast-schema-graph\">{\"@context\":\"https:\\\/\\\/schema.org\",\"@graph\":[{\"@type\":\"WebPage\",\"@id\":\"https:\\\/\\\/atelierbyedificam.com\\\/es\\\/politica-de-cookies\\\/\",\"url\":\"https:\\\/\\\/atelierbyedificam.com\\\/es\\\/politica-de-cookies\\\/\",\"name\":\"Pol\u00edtica de cookies - Atelier by Edificam\",\"isPartOf\":{\"@id\":\"https:\\\/\\\/atelierbyedificam.com\\\/es\\\/#website\"},\"datePublished\":\"2026-01-28T15:19:17+00:00\",\"dateModified\":\"2026-05-12T10:38:58+00:00\",\"breadcrumb\":{\"@id\":\"https:\\\/\\\/atelierbyedificam.com\\\/es\\\/politica-de-cookies\\\/#breadcrumb\"},\"inLanguage\":\"es\",\"potentialAction\":[{\"@type\":\"ReadAction\",\"target\":[\"https:\\\/\\\/atelierbyedificam.com\\\/es\\\/politica-de-cookies\\\/\"]}]},{\"@type\":\"BreadcrumbList\",\"@id\":\"https:\\\/\\\/atelierbyedificam.com\\\/es\\\/politica-de-cookies\\\/#breadcrumb\",\"itemListElement\":[{\"@type\":\"ListItem\",\"position\":1,\"name\":\"Startseite\",\"item\":\"https:\\\/\\\/atelierbyedificam.com\\\/es\\\/\"},{\"@type\":\"ListItem\",\"position\":2,\"name\":\"Pol\u00edtica de cookies\"}]},{\"@type\":\"WebSite\",\"@id\":\"https:\\\/\\\/atelierbyedificam.com\\\/es\\\/#website\",\"url\":\"https:\\\/\\\/atelierbyedificam.com\\\/es\\\/\",\"name\":\"Atelier by Edificam\",\"description\":\"Interior design\",\"potentialAction\":[{\"@type\":\"SearchAction\",\"target\":{\"@type\":\"EntryPoint\",\"urlTemplate\":\"https:\\\/\\\/atelierbyedificam.com\\\/es\\\/?s={search_term_string}\"},\"query-input\":{\"@type\":\"PropertyValueSpecification\",\"valueRequired\":true,\"valueName\":\"search_term_string\"}}],\"inLanguage\":\"es\"}]}<\/script>\n<!-- \/ Yoast SEO plugin. -->","yoast_head_json":{"title":"Pol\u00edtica de cookies - Atelier by Edificam","robots":{"index":"index","follow":"follow","max-snippet":"max-snippet:-1","max-image-preview":"max-image-preview:large","max-video-preview":"max-video-preview:-1"},"canonical":"https:\/\/atelierbyedificam.com\/es\/politica-de-cookies\/","og_locale":"es_ES","og_type":"article","og_title":"Pol\u00edtica de cookies - Atelier by Edificam","og_description":"Pol\u00edtica de cookiesSeg\u00fan lo determinado por la Secretar\u00eda de Estado de Telecomunicaciones y Sociedad de la Informaci\u00f3n, dependiente del Ministerio de Industria, Energ\u00eda y Turismo, la LSSI (Ley de Servicios de la Sociedad de la Informaci\u00f3n) generalmente no se aplica en el \u00e1mbito de la administraci\u00f3n p\u00fablica, ya que esta no se considera proveedora de [&hellip;]","og_url":"https:\/\/atelierbyedificam.com\/es\/politica-de-cookies\/","og_site_name":"Atelier by Edificam","article_modified_time":"2026-05-12T10:38:58+00:00","twitter_card":"summary_large_image","twitter_misc":{"Tiempo de lectura":"6 minutos"},"schema":{"@context":"https:\/\/schema.org","@graph":[{"@type":"WebPage","@id":"https:\/\/atelierbyedificam.com\/es\/politica-de-cookies\/","url":"https:\/\/atelierbyedificam.com\/es\/politica-de-cookies\/","name":"Pol\u00edtica de cookies - Atelier by Edificam","isPartOf":{"@id":"https:\/\/atelierbyedificam.com\/es\/#website"},"datePublished":"2026-01-28T15:19:17+00:00","dateModified":"2026-05-12T10:38:58+00:00","breadcrumb":{"@id":"https:\/\/atelierbyedificam.com\/es\/politica-de-cookies\/#breadcrumb"},"inLanguage":"es","potentialAction":[{"@type":"ReadAction","target":["https:\/\/atelierbyedificam.com\/es\/politica-de-cookies\/"]}]},{"@type":"BreadcrumbList","@id":"https:\/\/atelierbyedificam.com\/es\/politica-de-cookies\/#breadcrumb","itemListElement":[{"@type":"ListItem","position":1,"name":"Startseite","item":"https:\/\/atelierbyedificam.com\/es\/"},{"@type":"ListItem","position":2,"name":"Pol\u00edtica de cookies"}]},{"@type":"WebSite","@id":"https:\/\/atelierbyedificam.com\/es\/#website","url":"https:\/\/atelierbyedificam.com\/es\/","name":"Atelier by Edificam","description":"Interior design","potentialAction":[{"@type":"SearchAction","target":{"@type":"EntryPoint","urlTemplate":"https:\/\/atelierbyedificam.com\/es\/?s={search_term_string}"},"query-input":{"@type":"PropertyValueSpecification","valueRequired":true,"valueName":"search_term_string"}}],"inLanguage":"es"}]}},"_links":{"self":[{"href":"https:\/\/atelierbyedificam.com\/es\/wp-json\/wp\/v2\/pages\/2792","targetHints":{"allow":["GET"]}}],"collection":[{"href":"https:\/\/atelierbyedificam.com\/es\/wp-json\/wp\/v2\/pages"}],"about":[{"href":"https:\/\/atelierbyedificam.com\/es\/wp-json\/wp\/v2\/types\/page"}],"author":[{"embeddable":true,"href":"https:\/\/atelierbyedificam.com\/es\/wp-json\/wp\/v2\/users\/1"}],"replies":[{"embeddable":true,"href":"https:\/\/atelierbyedificam.com\/es\/wp-json\/wp\/v2\/comments?post=2792"}],"version-history":[{"count":2,"href":"https:\/\/atelierbyedificam.com\/es\/wp-json\/wp\/v2\/pages\/2792\/revisions"}],"predecessor-version":[{"id":2794,"href":"https:\/\/atelierbyedificam.com\/es\/wp-json\/wp\/v2\/pages\/2792\/revisions\/2794"}],"wp:attachment":[{"href":"https:\/\/atelierbyedificam.com\/es\/wp-json\/wp\/v2\/media?parent=2792"}],"curies":[{"name":"wp","href":"https:\/\/api.w.org\/{rel}","templated":true}]}}