{"id":2784,"date":"2026-01-28T15:18:36","date_gmt":"2026-01-28T15:18:36","guid":{"rendered":"https:\/\/atelierbyedificam.com\/estudio\/"},"modified":"2026-05-12T10:35:00","modified_gmt":"2026-05-12T10:35:00","slug":"estudio","status":"publish","type":"page","link":"https:\/\/atelierbyedificam.com\/es\/estudio\/","title":{"rendered":"Estudio"},"content":{"rendered":"<p>[et_pb_section fb_built=\u00bb1&#8243; module_id=\u00bbGalerie\u00bb _builder_version=\u00bb4.27.6&#8243; _module_preset=\u00bbdefault\u00bb background_color=\u00bb#F1ECE6&#8243; custom_margin=\u00bb-170px||||false|false\u00bb custom_padding=\u00bb170px||2px||false|false\u00bb locked=\u00bboff\u00bb global_colors_info=\u00bb{}\u00bb][et_pb_row disabled_on=\u00bboff|off|on\u00bb _builder_version=\u00bb4.27.6&#8243; _module_preset=\u00bbdefault\u00bb width=\u00bb95%\u00bb width_tablet=\u00bb95%\u00bb width_phone=\u00bb90%\u00bb width_last_edited=\u00bbon|phone\u00bb max_width=\u00bb90%\u00bb custom_margin=\u00bb0px||||false|false\u00bb custom_padding=\u00bb10px||||false|false\u00bb locked=\u00bboff\u00bb global_colors_info=\u00bb{}\u00bb][et_pb_column type=\u00bb4_4&#8243; _builder_version=\u00bb4.27.5&#8243; _module_preset=\u00bbdefault\u00bb global_colors_info=\u00bb{}\u00bb][et_pb_text disabled_on=\u00bboff|off|on\u00bb _builder_version=\u00bb4.27.6&#8243; _module_preset=\u00bbdefault\u00bb text_font=\u00bbunivers|300|||||||\u00bb text_text_color=\u00bb#626c5b\u00bb text_letter_spacing=\u00bb-0.5px\u00bb text_line_height=\u00bb1.4em\u00bb header_4_font=\u00bbRoboto Condensed||||||||\u00bb header_4_text_color=\u00bb#F1ECE6&#8243; text_orientation=\u00bbjustified\u00bb locked=\u00bboff\u00bb global_colors_info=\u00bb{}\u00bb]<\/p>\n<p style=\"text-align: left;\">creamos, pensamos, ponemos en pr\u00e1ctica, desarrollamos, organizamos, sentimos, planificamos, dise\u00f1amos, nos ponemos de acuerdo, calculamos, investigamos, exploramos, debatimos, comparamos, tocamos, coordinamos, so\u00f1amos, reinventamos, reciclamos, experimentamos, intercambiamos ideas, medimos, planificamos, seleccionamos, reflexionamos<\/p>\n<p>[\/et_pb_text][\/et_pb_column][\/et_pb_row][et_pb_row column_structure=\u00bb2_3,1_3&#8243; use_custom_gutter=\u00bbon\u00bb gutter_width=\u00bb2&#8243; _builder_version=\u00bb4.27.6&#8243; _module_preset=\u00bbdefault\u00bb width=\u00bb95%\u00bb width_tablet=\u00bb95%\u00bb width_phone=\u00bb90%\u00bb width_last_edited=\u00bboff|desktop\u00bb max_width=\u00bb95%\u00bb max_width_tablet=\u00bb95%\u00bb max_width_phone=\u00bb90%\u00bb max_width_last_edited=\u00bbon|phone\u00bb max_height_last_edited=\u00bboff|desktop\u00bb overflow-x=\u00bbhidden\u00bb overflow-y=\u00bbhidden\u00bb custom_margin=\u00bb||0px||false|false\u00bb custom_padding=\u00bb||0px||false|false\u00bb custom_css_main_element=\u00bbdisplay: flex;||align-items: center;\u00bb global_colors_info=\u00bb{}\u00bb custom_css_main_element_last_edited=\u00bbon|phone\u00bb custom_css_main_element_tablet=\u00bbdisplay: inherit;||align-items: inherit;\u00bb custom_css_main_element_phone=\u00bbdisplay: inherit;||align-items: inherit;\u00bb][et_pb_column type=\u00bb2_3&#8243; _builder_version=\u00bb4.27.6&#8243; _module_preset=\u00bbdefault\u00bb custom_padding=\u00bb|1%|||false|false\u00bb global_colors_info=\u00bb{}\u00bb][et_pb_image src=\u00bbhttps:\/\/atelierbyedificam.com\/wp-content\/uploads\/2026\/04\/Miscelanea_studio.png\u00bb disabled_on=\u00bbon|on|off\u00bb _builder_version=\u00bb4.27.6&#8243; _module_preset=\u00bbdefault\u00bb max_width=\u00bb90%\u00bb global_colors_info=\u00bb{}\u00bb][\/et_pb_image][el_dynamic_masonry_gallery number_of_images=\u00bb5&#8243; gallery_order_by=\u00bbtitle\u00bb include_categories=\u00bb27&#8243; number_of_columns=\u00bb3&#8243; column_spacing=\u00bb20px\u00bb image_size=\u00bblarge\u00bb enable_lightbox=\u00bbon\u00bb lightbox_effect=\u00bbzoom\u00bb number_of_columns_tablet=\u00bb2&#8243; number_of_columns_phone=\u00bb1&#8243; number_of_columns_last_edited=\u00bbon|phone\u00bb column_spacing_tablet=\u00bb100px\u00bb column_spacing_phone=\u00bb35px\u00bb column_spacing_last_edited=\u00bbon|phone\u00bb disabled_on=\u00bboff|off|on\u00bb _builder_version=\u00bb4.27.6&#8243; _module_preset=\u00bbdefault\u00bb global_colors_info=\u00bb{}\u00bb][\/el_dynamic_masonry_gallery][\/et_pb_column][et_pb_column type=\u00bb1_3&#8243; _builder_version=\u00bb4.27.6&#8243; _module_preset=\u00bbdefault\u00bb custom_padding=\u00bb|1%|5%||false|false\u00bb sticky_position=\u00bbtop\u00bb sticky_offset_top=\u00bb20px\u00bb sticky_limit_bottom=\u00bbsection\u00bb sticky_transition=\u00bboff\u00bb overflow-y_last_edited=\u00bboff|desktop\u00bb sticky_position_tablet=\u00bbnone\u00bb sticky_position_phone=\u00bbnone\u00bb sticky_position_last_edited=\u00bbon|desktop\u00bb custom_css_main_element=\u00bborder: 1;||\u00bb global_colors_info=\u00bb{}\u00bb][et_pb_text disabled_on=\u00bbon|on|off\u00bb _builder_version=\u00bb4.27.6&#8243; _module_preset=\u00bbdefault\u00bb text_font=\u00bbunivers|300|||||||\u00bb text_text_color=\u00bb#626c5b\u00bb text_letter_spacing=\u00bb-0.5px\u00bb text_line_height=\u00bb1.4em\u00bb header_4_font=\u00bbRoboto Condensed||||||||\u00bb header_4_text_color=\u00bb#F1ECE6&#8243; text_orientation=\u00bbjustified\u00bb custom_margin=\u00bb||35.4%|-150px|false|false\u00bb locked=\u00bboff\u00bb global_colors_info=\u00bb{}\u00bb]<\/p>\n<p style=\"text-align: left;\">creamos, pensamos, ponemos en pr\u00e1ctica, desarrollamos, organizamos, sentimos, planificamos, dise\u00f1amos, nos ponemos de acuerdo, calculamos, investigamos, exploramos, debatimos, comparamos, tocamos, coordinamos, so\u00f1amos, reinventamos, reciclamos, experimentamos, intercambiamos ideas, medimos, planificamos, seleccionamos, reflexionamos<\/p>\n<p>[\/et_pb_text][et_pb_blurb title=\u00bbCONTACTO\u00bb url=\u00bbhttps:\/\/www.edificam.com\/\u00bb image=\u00bbhttps:\/\/atelierbyedificam.com\/wp-content\/uploads\/2026\/02\/Logo_Edificam_Web.png\u00bb image_icon_width=\u00bb34%\u00bb icon_alignment=\u00bbleft\u00bb _builder_version=\u00bb4.27.6&#8243; _module_preset=\u00bbdefault\u00bb header_font=\u00bbRoboto Condensed||||||||\u00bb header_text_color=\u00bb#61685f\u00bb header_font_size=\u00bb15px\u00bb body_font=\u00bbRoboto Condensed||||||||\u00bb body_text_align=\u00bbleft\u00bb body_text_color=\u00bb#9DA79B\u00bb body_font_size=\u00bb15px\u00bb body_line_height=\u00bb1.2em\u00bb body_link_font=\u00bbRoboto Condensed||||||||\u00bb body_link_text_color=\u00bb#626C5B\u00bb image_icon_custom_margin=\u00bb||||false|false\u00bb image_icon_custom_padding=\u00bb|||0px|false|false\u00bb positioning=\u00bbabsolute\u00bb position_origin_a=\u00bbbottom_right\u00bb vertical_offset=\u00bb-229px\u00bb horizontal_offset=\u00bb-260px\u00bb z_index=\u00bb255&#8243; position_origin_a_tablet=\u00bbbottom_right\u00bb position_origin_a_phone=\u00bbbottom_right\u00bb position_origin_a_last_edited=\u00bbon|desktop\u00bb position_origin_f_tablet=\u00bb\u00bb position_origin_f_phone=\u00bb\u00bb position_origin_f_last_edited=\u00bbon|desktop\u00bb position_origin_r_tablet=\u00bb\u00bb position_origin_r_phone=\u00bb\u00bb position_origin_r_last_edited=\u00bbon|desktop\u00bb width=\u00bb100%\u00bb custom_margin=\u00bb||||false|false\u00bb custom_margin_tablet=\u00bb||||false|false\u00bb custom_margin_phone=\u00bb|||100px|false|false\u00bb custom_margin_last_edited=\u00bbon|phone\u00bb custom_padding=\u00bb||||false|false\u00bb link_option_url=\u00bbhttps:\/\/www.edificam.com\/\u00bb positioning_tablet=\u00bbabsolute\u00bb positioning_phone=\u00bbnone\u00bb positioning_last_edited=\u00bbon|phone\u00bb custom_css_blurb_image=\u00bbmargin-left: -22px !important;       \/* pegado a la izquierda *\/||  margin-right: auto;   \/* empuja hacia la izquierda *\/\u00bb global_colors_info=\u00bb{}\u00bb]<\/p>\n<p>Cr. de la Mar Mediterr\u00e1nea 16<br \/>Pol. Son Bugadelles, 07180, Calvi\u00e0<br \/>Mallorca, Illes Balears, ESPA\u00d1A<\/p>\n<p><\/p>\n<p><span style=\"color: #808080;\"><a href=\"mailto:info@edificam.com\" style=\"color: #808080;\">info@edificam.com<\/a><\/span><br \/><span style=\"color: #808080;\"><a href=\"https:\/\/www.instagram.com\/atelierbyedificam\/\" target=\"_blank\" rel=\"noopener\" style=\"color: #808080;\">@atelierbyedificam<\/a><\/span><\/p>\n<p>[\/et_pb_blurb][\/et_pb_column][\/et_pb_row][\/et_pb_section]<\/p>\n","protected":false},"excerpt":{"rendered":"<p>creamos, pensamos, ponemos en pr\u00e1ctica, desarrollamos, organizamos, sentimos, planificamos, dise\u00f1amos, nos ponemos de acuerdo, calculamos, investigamos, exploramos, debatimos, comparamos, tocamos, coordinamos, so\u00f1amos, reinventamos, reciclamos, experimentamos, intercambiamos ideas, medimos, planificamos, seleccionamos, reflexionamos<div class=\"et_pb_module el_dynamic_masonry_gallery el_dynamic_masonry_gallery_0\">\n\t\t\t\t\n\t\t\t\t\n\t\t\t\t\n\t\t\t\t\n\t\t\t\t\n\t\t\t\t\n\t\t\t\t<div class=\"et_pb_module_inner\">\n\t\t\t\t\t\n\t\t\t\t<\/div>\n\t\t\t<\/div>creamos, pensamos, ponemos en pr\u00e1ctica, desarrollamos, organizamos, [&hellip;]<\/p>\n","protected":false},"author":1,"featured_media":0,"parent":0,"menu_order":0,"comment_status":"closed","ping_status":"closed","template":"","meta":{"_et_pb_use_builder":"on","_et_pb_old_content":"","_et_gb_content_width":"","footnotes":""},"class_list":["post-2784","page","type-page","status-publish","hentry"],"yoast_head":"<!-- This site is optimized with the Yoast SEO plugin v27.6 - https:\/\/yoast.com\/product\/yoast-seo-wordpress\/ -->\n<title>Estudio - Atelier by Edificam<\/title>\n<meta name=\"robots\" content=\"index, follow, max-snippet:-1, max-image-preview:large, max-video-preview:-1\" \/>\n<link rel=\"canonical\" href=\"https:\/\/atelierbyedificam.com\/es\/estudio\/\" \/>\n<meta property=\"og:locale\" content=\"es_ES\" \/>\n<meta property=\"og:type\" content=\"article\" \/>\n<meta property=\"og:title\" content=\"Estudio - Atelier by Edificam\" \/>\n<meta property=\"og:description\" content=\"creamos, pensamos, ponemos en pr\u00e1ctica, desarrollamos, organizamos, sentimos, planificamos, dise\u00f1amos, nos ponemos de acuerdo, calculamos, investigamos, exploramos, debatimos, comparamos, tocamos, coordinamos, so\u00f1amos, reinventamos, reciclamos, experimentamos, intercambiamos ideas, medimos, planificamos, seleccionamos, reflexionamoscreamos, pensamos, ponemos en pr\u00e1ctica, desarrollamos, organizamos, [&hellip;]\" \/>\n<meta property=\"og:url\" content=\"https:\/\/atelierbyedificam.com\/es\/estudio\/\" \/>\n<meta property=\"og:site_name\" content=\"Atelier by Edificam\" \/>\n<meta property=\"article:modified_time\" content=\"2026-05-12T10:35:00+00:00\" \/>\n<meta name=\"twitter:card\" content=\"summary_large_image\" \/>\n<meta name=\"twitter:label1\" content=\"Tiempo de lectura\" \/>\n\t<meta name=\"twitter:data1\" content=\"4 minutos\" \/>\n<script type=\"application\/ld+json\" class=\"yoast-schema-graph\">{\"@context\":\"https:\\\/\\\/schema.org\",\"@graph\":[{\"@type\":\"WebPage\",\"@id\":\"https:\\\/\\\/atelierbyedificam.com\\\/es\\\/estudio\\\/\",\"url\":\"https:\\\/\\\/atelierbyedificam.com\\\/es\\\/estudio\\\/\",\"name\":\"Estudio - Atelier by Edificam\",\"isPartOf\":{\"@id\":\"https:\\\/\\\/atelierbyedificam.com\\\/es\\\/#website\"},\"datePublished\":\"2026-01-28T15:18:36+00:00\",\"dateModified\":\"2026-05-12T10:35:00+00:00\",\"breadcrumb\":{\"@id\":\"https:\\\/\\\/atelierbyedificam.com\\\/es\\\/estudio\\\/#breadcrumb\"},\"inLanguage\":\"es\",\"potentialAction\":[{\"@type\":\"ReadAction\",\"target\":[\"https:\\\/\\\/atelierbyedificam.com\\\/es\\\/estudio\\\/\"]}]},{\"@type\":\"BreadcrumbList\",\"@id\":\"https:\\\/\\\/atelierbyedificam.com\\\/es\\\/estudio\\\/#breadcrumb\",\"itemListElement\":[{\"@type\":\"ListItem\",\"position\":1,\"name\":\"Startseite\",\"item\":\"https:\\\/\\\/atelierbyedificam.com\\\/es\\\/\"},{\"@type\":\"ListItem\",\"position\":2,\"name\":\"Estudio\"}]},{\"@type\":\"WebSite\",\"@id\":\"https:\\\/\\\/atelierbyedificam.com\\\/es\\\/#website\",\"url\":\"https:\\\/\\\/atelierbyedificam.com\\\/es\\\/\",\"name\":\"Atelier by Edificam\",\"description\":\"Interior design\",\"potentialAction\":[{\"@type\":\"SearchAction\",\"target\":{\"@type\":\"EntryPoint\",\"urlTemplate\":\"https:\\\/\\\/atelierbyedificam.com\\\/es\\\/?s={search_term_string}\"},\"query-input\":{\"@type\":\"PropertyValueSpecification\",\"valueRequired\":true,\"valueName\":\"search_term_string\"}}],\"inLanguage\":\"es\"}]}<\/script>\n<!-- \/ Yoast SEO plugin. -->","yoast_head_json":{"title":"Estudio - Atelier by Edificam","robots":{"index":"index","follow":"follow","max-snippet":"max-snippet:-1","max-image-preview":"max-image-preview:large","max-video-preview":"max-video-preview:-1"},"canonical":"https:\/\/atelierbyedificam.com\/es\/estudio\/","og_locale":"es_ES","og_type":"article","og_title":"Estudio - Atelier by Edificam","og_description":"creamos, pensamos, ponemos en pr\u00e1ctica, desarrollamos, organizamos, sentimos, planificamos, dise\u00f1amos, nos ponemos de acuerdo, calculamos, investigamos, exploramos, debatimos, comparamos, tocamos, coordinamos, so\u00f1amos, reinventamos, reciclamos, experimentamos, intercambiamos ideas, medimos, planificamos, seleccionamos, reflexionamoscreamos, pensamos, ponemos en pr\u00e1ctica, desarrollamos, organizamos, [&hellip;]","og_url":"https:\/\/atelierbyedificam.com\/es\/estudio\/","og_site_name":"Atelier by Edificam","article_modified_time":"2026-05-12T10:35:00+00:00","twitter_card":"summary_large_image","twitter_misc":{"Tiempo de lectura":"4 minutos"},"schema":{"@context":"https:\/\/schema.org","@graph":[{"@type":"WebPage","@id":"https:\/\/atelierbyedificam.com\/es\/estudio\/","url":"https:\/\/atelierbyedificam.com\/es\/estudio\/","name":"Estudio - Atelier by Edificam","isPartOf":{"@id":"https:\/\/atelierbyedificam.com\/es\/#website"},"datePublished":"2026-01-28T15:18:36+00:00","dateModified":"2026-05-12T10:35:00+00:00","breadcrumb":{"@id":"https:\/\/atelierbyedificam.com\/es\/estudio\/#breadcrumb"},"inLanguage":"es","potentialAction":[{"@type":"ReadAction","target":["https:\/\/atelierbyedificam.com\/es\/estudio\/"]}]},{"@type":"BreadcrumbList","@id":"https:\/\/atelierbyedificam.com\/es\/estudio\/#breadcrumb","itemListElement":[{"@type":"ListItem","position":1,"name":"Startseite","item":"https:\/\/atelierbyedificam.com\/es\/"},{"@type":"ListItem","position":2,"name":"Estudio"}]},{"@type":"WebSite","@id":"https:\/\/atelierbyedificam.com\/es\/#website","url":"https:\/\/atelierbyedificam.com\/es\/","name":"Atelier by Edificam","description":"Interior design","potentialAction":[{"@type":"SearchAction","target":{"@type":"EntryPoint","urlTemplate":"https:\/\/atelierbyedificam.com\/es\/?s={search_term_string}"},"query-input":{"@type":"PropertyValueSpecification","valueRequired":true,"valueName":"search_term_string"}}],"inLanguage":"es"}]}},"_links":{"self":[{"href":"https:\/\/atelierbyedificam.com\/es\/wp-json\/wp\/v2\/pages\/2784","targetHints":{"allow":["GET"]}}],"collection":[{"href":"https:\/\/atelierbyedificam.com\/es\/wp-json\/wp\/v2\/pages"}],"about":[{"href":"https:\/\/atelierbyedificam.com\/es\/wp-json\/wp\/v2\/types\/page"}],"author":[{"embeddable":true,"href":"https:\/\/atelierbyedificam.com\/es\/wp-json\/wp\/v2\/users\/1"}],"replies":[{"embeddable":true,"href":"https:\/\/atelierbyedificam.com\/es\/wp-json\/wp\/v2\/comments?post=2784"}],"version-history":[{"count":2,"href":"https:\/\/atelierbyedificam.com\/es\/wp-json\/wp\/v2\/pages\/2784\/revisions"}],"predecessor-version":[{"id":2786,"href":"https:\/\/atelierbyedificam.com\/es\/wp-json\/wp\/v2\/pages\/2784\/revisions\/2786"}],"wp:attachment":[{"href":"https:\/\/atelierbyedificam.com\/es\/wp-json\/wp\/v2\/media?parent=2784"}],"curies":[{"name":"wp","href":"https:\/\/api.w.org\/{rel}","templated":true}]}}