{"id":3092,"date":"2026-03-17T10:28:44","date_gmt":"2026-03-17T10:28:44","guid":{"rendered":"https:\/\/atelierbyedificam.com\/villa-ma\/"},"modified":"2026-05-12T12:21:24","modified_gmt":"2026-05-12T12:21:24","slug":"villa-ma","status":"publish","type":"page","link":"https:\/\/atelierbyedificam.com\/en\/villa-ma\/","title":{"rendered":"Villa Ma"},"content":{"rendered":"<p>[et_pb_section fb_built=&#8221;1&#8243; module_id=&#8221;Galerie&#8221; _builder_version=&#8221;4.27.6&#8243; _module_preset=&#8221;default&#8221; background_color=&#8221;#F1ECE6&#8243; custom_margin=&#8221;-170px||||false|false&#8221; custom_padding=&#8221;170px||0px||false|false&#8221; locked=&#8221;off&#8221; global_colors_info=&#8221;{}&#8221;][et_pb_row disabled_on=&#8221;off|off|on&#8221; _builder_version=&#8221;4.27.6&#8243; _module_preset=&#8221;default&#8221; width=&#8221;95%&#8221; width_tablet=&#8221;95%&#8221; width_phone=&#8221;90%&#8221; width_last_edited=&#8221;on|phone&#8221; max_width=&#8221;90%&#8221; custom_margin=&#8221;0px||||false|false&#8221; custom_padding=&#8221;10px||||false|false&#8221; global_colors_info=&#8221;{}&#8221;][et_pb_column type=&#8221;4_4&#8243; _builder_version=&#8221;4.27.5&#8243; _module_preset=&#8221;default&#8221; global_colors_info=&#8221;{}&#8221;][et_pb_image src=&#8221;https:\/\/atelierbyedificam.com\/wp-content\/uploads\/2026\/04\/0.COVER_.jpg&#8221; alt=&#8221;Villa Atalaia&#8221; title_text=&#8221;Villa Atalaia&#8221; align=&#8221;center&#8221; _builder_version=&#8221;4.27.6&#8243; _module_preset=&#8221;default&#8221; global_colors_info=&#8221;{}&#8221;][\/et_pb_image][et_pb_text disabled_on=&#8221;off|off|off&#8221; _builder_version=&#8221;4.27.6&#8243; _module_preset=&#8221;default&#8221; header_font=&#8221;Roboto Condensed|||on|||||&#8221; header_text_color=&#8221;#626c5b&#8221; header_letter_spacing=&#8221;0.5px&#8221; max_width=&#8221;700px&#8221; custom_margin=&#8221;||0px||false|false&#8221; custom_padding=&#8221;||0px||false|false&#8221; header_font_size_tablet=&#8221;26px&#8221; header_font_size_phone=&#8221;22px&#8221; header_font_size_last_edited=&#8221;on|phone&#8221; global_colors_info=&#8221;{}&#8221;]<\/p>\n<h1>VILLA MA<\/h1>\n<p>[\/et_pb_text][et_pb_text disabled_on=&#8221;off|off|off&#8221; _builder_version=&#8221;4.27.6&#8243; _module_preset=&#8221;default&#8221; text_font=&#8221;Roboto||||||||&#8221; text_text_color=&#8221;#F1ECE6&#8243; text_font_size=&#8221;18px&#8221; header_4_font=&#8221;Roboto Condensed|||on|||||&#8221; header_4_text_color=&#8221;#9DA79B&#8221; header_4_font_size=&#8221;14px&#8221; custom_margin=&#8221;0px||5%||false|false&#8221; custom_padding=&#8221;0px||||false|false&#8221; locked=&#8221;off&#8221; global_colors_info=&#8221;{}&#8221;]<\/p>\n<h4>Mallorca, Spain<\/h4>\n<p>[\/et_pb_text][et_pb_text disabled_on=&#8221;off|off|on&#8221; _builder_version=&#8221;4.27.6&#8243; _module_preset=&#8221;default&#8221; text_font=&#8221;univers|300|||||||&#8221; text_text_color=&#8221;#626c5b&#8221; text_font_size=&#8221;13px&#8221; text_letter_spacing=&#8221;-0.5px&#8221; text_line_height=&#8221;1.4em&#8221; header_4_font=&#8221;Roboto Condensed||||||||&#8221; header_4_text_color=&#8221;#F1ECE6&#8243; text_orientation=&#8221;justified&#8221; hover_enabled=&#8221;0&#8243; locked=&#8221;off&#8221; global_colors_info=&#8221;{}&#8221; sticky_enabled=&#8221;0&#8243;]<\/p>\n<p>Their projects are not made with a simple concept, but with the prop\u00f3sito de cumplir una promesa. This is the case of this villa in the Golf de Bendinat, which is now an absolute reinvention of a part of a pre-existing structure. La tratamos como un lienzo en blanco, permitiendo que la propia topograf\u00eda del terreno dictara el alma del proyecto.<\/p>\n<p>The heart of the house is in the hall of double altura, a space that breathes and plays with the levels, like Alvar Aalto lo hizo in the Villa Mairea donde the architecture no function like tel\u00f3n de fondo, sino that it is a living experience.<\/p>\n<p>The materials reflect the history of its origins: the local stone is hand-crafted, made in high-quality materials that reflect the Mallorcan tradition in modern times. Cada estancia conversa con la siguiente a trav\u00e9s de lenguaje coherente, mediterr\u00e1neo en esencia, pero construido con la precisi\u00f3n de quien no deja nada al azar.<\/p>\n<p>The FASE CONCEPTUAL defines the essence of Villa Ma: the concept, the style and the materials that capture the Mediterranean character and that guide the subsequent decision. The work that is part of the FASE DESARROLLO has been destroyed by the hecho of respetar the structure exists, no obstante, pudimos implementar este recorrido organic a trav\u00e9s de spaces de double altura, desniveles, celos\u00edas de madera y vegetaci\u00f3n interior. The FASE PROYECTO defines the different technical techniques, the materials and all the components that come from the Mediterranean. Para finalizar, hemos estado haciendo visitas de obra, coordinaci\u00f3n with los arquitectos y all the industriales implicados para que cada detalle quede exactamente aso nuestros dibujos.<\/p>\n<p>[\/et_pb_text][et_pb_text disabled_on=&#8221;off|off|on&#8221; _builder_version=&#8221;4.27.6&#8243; _module_preset=&#8221;default&#8221; text_font=&#8221;Roboto||||||||&#8221; text_text_color=&#8221;#F1ECE6&#8243; text_font_size=&#8221;18px&#8221; header_4_font=&#8221;Roboto Condensed|||on|||||&#8221; header_4_text_color=&#8221;#626c5b&#8221; header_4_font_size=&#8221;13px&#8221; header_4_letter_spacing=&#8221;1px&#8221; header_4_line_height=&#8221;1.4em&#8221; custom_margin=&#8221;0px||0.5%||false|false&#8221; custom_padding=&#8221;0px||||false|false&#8221; locked=&#8221;off&#8221; global_colors_info=&#8221;{}&#8221;]<\/p>\n<h4 class=\"p1\"><span class=\"s1\"><span style=\"color: #9da79b;\">Construction<\/span>\u00a0\u00b7 <a href=\"https:\/\/www.edificam.com\/\" target=\"_blank\" rel=\"noopener\">Edificam Illes<\/a><br \/><\/span><span class=\"s1\"><span style=\"color: #9da79b;\">Architecture:<\/span>\u00a0\u00b7 <a href=\"https:\/\/www.manelavila.com\/es\" target=\"_blank\" rel=\"noopener\">Avila Projects<\/a><br \/><\/span><span class=\"s1\"><span style=\"color: #9da79b;\">Promoter<\/span>\u00a0\u00b7 Grupo Big Sixdificam<br \/><\/span><span class=\"s1\"><span style=\"color: #9da79b;\">Photographer<\/span>\u00a0\u00b7 Ayala Terra<\/span><\/h4>\n<p>[\/et_pb_text][\/et_pb_column][\/et_pb_row][\/et_pb_section][et_pb_section fb_built=&#8221;1&#8243; _builder_version=&#8221;4.27.6&#8243; _module_preset=&#8221;default&#8221; background_color=&#8221;#F1ECE6&#8243; custom_padding=&#8221;0px||||false|false&#8221; custom_css_free_form=&#8221;.imagen-1 {||    width: 100% !important;||    clear: both !important;||    display: block !important;||    padding-top: 80px!important;||  \tmargin-left: 500px!important;||}||||.imagen-2 {||  padding-top: 20px!important;||  margin-left: 85px!important;||}||||.imagen-3 {||  margin-left: 30px!important;||  padding-top: 300px!important;||}||||.imagen-2, .imagen-3 {||    float: left !important;||    margin-bottom: 0 !important; ||}||||.imagen-4 {||    width: 100% !important;||    clear: both !important;||    display: block !important;||    padding-top: 80px!important;||  \tmargin-left: 100px!important;||}||||.imagen-5 {||    width: 100% !important;||    clear: both !important;||    display: block !important;||    padding-top: 80px!important;||  \tmargin-left: 720px!important;||}||||.imagen-6 {||  padding-top: 20px!important;||  margin-left: 170px!important;||}||||.imagen-7 {||  margin-left: 30px!important;||  padding-top: 90px!important;||}||||.imagen-6, .imagen-7 {||    float: left !important;||    margin-bottom: 0 !important; ||}||||.imagen-8 {||    width: 100% !important;||    clear: both !important;||    display: block !important;||    padding-top: 80px!important;||  \tmargin-left: 200px!important;||}||||.imagen-9 {||  margin-left: 30px!important;||  padding-top: 350px!important;||}||||.imagen-8, .imagen-9 {||    float: left !important;||    margin-bottom: 0 !important; ||}||||.imagen-10 {||    width: 100% !important;||    clear: both !important;||    display: block !important;||    padding-top: 80px!important;||  \tmargin-left: 300px!important;||}||||.imagen-11 {||    width: 100% !important;||    clear: both !important;||    display: block !important;||    padding-top: 80px!important;||  \tmargin-left: 200px!important;||}||||||||@media (max-width: 1600px) {||  .fila-proyecto.et_pb_row {||    display: flex !important;||    flex-direction: column !important;||    flex-wrap: nowrap !important;||  }||||  .fila-proyecto .et_pb_column {||    width: 100% !important;||    margin-left: 0 !important;||  }||||  .columna-sticky {||    order: 1 !important;||    position: relative !important;||    top: 0 !important;||    align-self: auto !important;||    max-width: 100% !important;||    padding: 40px 60px !important;||  }||||  .fila-proyecto .et_pb_column:not(.columna-sticky) {||    order: 2 !important;||    margin-top: 60px !important;||    padding: 60px !important;||  }||||  .imagen-1,||  .imagen-2,||  .imagen-3,||  .imagen-4,||  .imagen-5,||  .imagen-6,||  .imagen-7,||  .imagen-8,||  .imagen-9,||  .imagen-10,||  .imagen-11,||  .imagen-12||  {||    float: none !important;||    clear: both !important;||    display: block !important;||    width: 100% !important;||    height: auto !important;||    max-width: 95% !important;||    margin-left: auto !important;||    margin-right: auto !important;||    margin-bottom: 12px !important;||    padding-top: 8px !important;||    text-align: center !important;||  }||}||||@media (max-width: 768px) {||  .fila-proyecto.et_pb_row .et_pb_column:not(.columna-sticky) {||    margin-top: 10px !important;||  }||}&#8221; global_colors_info=&#8221;{}&#8221;][et_pb_row column_structure=&#8221;3_5,2_5&#8243; module_class=&#8221;fila-proyecto&#8221; _builder_version=&#8221;4.27.6&#8243; _module_preset=&#8221;default&#8221; width=&#8221;100%&#8221; max_width=&#8221;100%&#8221; custom_padding=&#8221;0px||||false|false&#8221; custom_css_free_form=&#8221;.columna-sticky {||  position: sticky;||  top: 150px!important;||  align-self: flex-start;||}&#8221; global_colors_info=&#8221;{}&#8221;][et_pb_column type=&#8221;3_5&#8243; _builder_version=&#8221;4.27.6&#8243; _module_preset=&#8221;default&#8221; global_colors_info=&#8221;{}&#8221;][et_pb_image src=&#8221;https:\/\/atelierbyedificam.com\/wp-content\/uploads\/2026\/04\/bendinat_22_03.jpg&#8221; module_class=&#8221;imagen-1&#8243; _builder_version=&#8221;4.27.6&#8243; _module_preset=&#8221;default&#8221; max_width=&#8221;50%&#8221; global_colors_info=&#8221;{}&#8221;][\/et_pb_image][et_pb_image src=&#8221;https:\/\/atelierbyedificam.com\/wp-content\/uploads\/2026\/04\/bendinat_22_04.jpg&#8221; module_class=&#8221;imagen-2&#8243; _builder_version=&#8221;4.27.6&#8243; _module_preset=&#8221;default&#8221; max_width=&#8221;50%&#8221; global_colors_info=&#8221;{}&#8221;][\/et_pb_image][et_pb_image src=&#8221;https:\/\/atelierbyedificam.com\/wp-content\/uploads\/2026\/04\/bendinat_22_06.jpg&#8221; module_class=&#8221;imagen-3&#8243; _builder_version=&#8221;4.27.6&#8243; _module_preset=&#8221;default&#8221; max_width=&#8221;35%&#8221; global_colors_info=&#8221;{}&#8221;][\/et_pb_image][et_pb_image src=&#8221;https:\/\/atelierbyedificam.com\/wp-content\/uploads\/2026\/04\/bendinat_22_11.jpg&#8221; module_class=&#8221;imagen-4&#8243; _builder_version=&#8221;4.27.6&#8243; _module_preset=&#8221;default&#8221; max_width=&#8221;65%&#8221; global_colors_info=&#8221;{}&#8221;][\/et_pb_image][et_pb_image src=&#8221;https:\/\/atelierbyedificam.com\/wp-content\/uploads\/2026\/04\/bendinat_22_09.jpg&#8221; module_class=&#8221;imagen-5&#8243; _builder_version=&#8221;4.27.6&#8243; _module_preset=&#8221;default&#8221; max_width=&#8221;30%&#8221; global_colors_info=&#8221;{}&#8221;][\/et_pb_image][et_pb_image src=&#8221;https:\/\/atelierbyedificam.com\/wp-content\/uploads\/2026\/04\/bendinat_22_32.jpg&#8221; module_class=&#8221;imagen-6&#8243; _builder_version=&#8221;4.27.6&#8243; _module_preset=&#8221;default&#8221; max_width=&#8221;38%&#8221; global_colors_info=&#8221;{}&#8221;][\/et_pb_image][et_pb_image src=&#8221;https:\/\/atelierbyedificam.com\/wp-content\/uploads\/2026\/04\/bendinat_22_27.jpg&#8221; module_class=&#8221;imagen-7&#8243; _builder_version=&#8221;4.27.6&#8243; _module_preset=&#8221;default&#8221; max_width=&#8221;28%&#8221; global_colors_info=&#8221;{}&#8221;][\/et_pb_image][et_pb_image src=&#8221;https:\/\/atelierbyedificam.com\/wp-content\/uploads\/2026\/04\/bendinat_22_35.jpg&#8221; module_class=&#8221;imagen-8&#8243; _builder_version=&#8221;4.27.6&#8243; _module_preset=&#8221;default&#8221; max_width=&#8221;35%&#8221; global_colors_info=&#8221;{}&#8221;][\/et_pb_image][et_pb_image src=&#8221;https:\/\/atelierbyedificam.com\/wp-content\/uploads\/2026\/04\/bendinat_22_30.jpg&#8221; module_class=&#8221;imagen-9&#8243; _builder_version=&#8221;4.27.6&#8243; _module_preset=&#8221;default&#8221; max_width=&#8221;34%&#8221; global_colors_info=&#8221;{}&#8221;][\/et_pb_image][et_pb_image src=&#8221;https:\/\/atelierbyedificam.com\/wp-content\/uploads\/2026\/04\/bendinat_22_34.jpg&#8221; module_class=&#8221;imagen-10&#8243; _builder_version=&#8221;4.27.6&#8243; _module_preset=&#8221;default&#8221; max_width=&#8221;45%&#8221; global_colors_info=&#8221;{}&#8221;][\/et_pb_image][et_pb_image src=&#8221;https:\/\/atelierbyedificam.com\/wp-content\/uploads\/2026\/04\/bendinat_22_23.jpg&#8221; title_text=&#8221;bendinat_22_23&#8243; module_class=&#8221;imagen-11&#8243; _builder_version=&#8221;4.27.6&#8243; _module_preset=&#8221;default&#8221; max_width=&#8221;60%&#8221; global_colors_info=&#8221;{}&#8221;][\/et_pb_image][\/et_pb_column][et_pb_column type=&#8221;2_5&#8243; module_class=&#8221;columna-sticky&#8221; _builder_version=&#8221;4.27.6&#8243; _module_preset=&#8221;default&#8221; global_colors_info=&#8221;{}&#8221;][et_pb_text disabled_on=&#8221;on|on|off&#8221; _builder_version=&#8221;4.27.6&#8243; _module_preset=&#8221;default&#8221; header_font=&#8221;Roboto Condensed|||on|||||&#8221; header_text_color=&#8221;#626c5b&#8221; header_letter_spacing=&#8221;0.5px&#8221; max_width=&#8221;700px&#8221; custom_margin=&#8221;||0px|-30px|false|false&#8221; custom_padding=&#8221;||0px||false|false&#8221; header_font_size_tablet=&#8221;26px&#8221; header_font_size_phone=&#8221;18px&#8221; header_font_size_last_edited=&#8221;on|phone&#8221; locked=&#8221;off&#8221; global_colors_info=&#8221;{}&#8221;]<\/p>\n<h1>VILLA MA<\/h1>\n<p>[\/et_pb_text][et_pb_text disabled_on=&#8221;on|on|off&#8221; _builder_version=&#8221;4.27.6&#8243; _module_preset=&#8221;default&#8221; text_font=&#8221;Roboto||||||||&#8221; text_text_color=&#8221;#F1ECE6&#8243; text_font_size=&#8221;18px&#8221; header_4_font=&#8221;Roboto Condensed|||on|||||&#8221; header_4_text_color=&#8221;#9DA79B&#8221; header_4_font_size=&#8221;14px&#8221; custom_margin=&#8221;0px||5%|-30px|false|false&#8221; custom_padding=&#8221;0px||||false|false&#8221; locked=&#8221;off&#8221; global_colors_info=&#8221;{}&#8221;]<\/p>\n<h4>Mallorca, Spain<\/h4>\n<p>[\/et_pb_text][et_pb_text disabled_on=&#8221;on|on|off&#8221; _builder_version=&#8221;4.27.6&#8243; _module_preset=&#8221;default&#8221; text_font=&#8221;univers|300|||||||&#8221; text_text_color=&#8221;#626c5b&#8221; text_letter_spacing=&#8221;-0.5px&#8221; text_line_height=&#8221;1.4em&#8221; header_4_font=&#8221;Roboto Condensed||||||||&#8221; header_4_text_color=&#8221;#F1ECE6&#8243; text_orientation=&#8221;justified&#8221; max_width=&#8221;95%&#8221; custom_margin=&#8221;|||-30px|false|false&#8221; hover_enabled=&#8221;0&#8243; locked=&#8221;off&#8221; global_colors_info=&#8221;{}&#8221; sticky_enabled=&#8221;0&#8243;]<\/p>\n<p>Their projects are not made with a simple concept, but with the prop\u00f3sito de cumplir una promesa. This is the case of this villa in the Golf de Bendinat, which is now an absolute reinvention of a part of a pre-existing structure. La tratamos como un lienzo en blanco, permitiendo que la propia topograf\u00eda del terreno dictara el alma del proyecto.<\/p>\n<p>The heart of the house is in the hall of double altura, a space that breathes and plays with the levels, like Alvar Aalto lo hizo in the Villa Mairea donde the architecture no function like tel\u00f3n de fondo, sino that it is a living experience.<\/p>\n<p>The materials reflect the history of its origins: the local stone is hand-crafted, made in high-quality materials that reflect the Mallorcan tradition in modern times. Cada estancia conversa con la siguiente a trav\u00e9s de lenguaje coherente, mediterr\u00e1neo en esencia, pero construido con la precisi\u00f3n de quien no deja nada al azar.<\/p>\n<p>The FASE CONCEPTUAL defines the essence of Villa Ma: the concept, the style and the materials that capture the Mediterranean character and that guide the subsequent decision. The work that is part of the FASE DESARROLLO has been destroyed by the hecho of respetar the structure exists, no obstante, pudimos implementar este recorrido organic a trav\u00e9s de spaces de double altura, desniveles, celos\u00edas de madera y vegetaci\u00f3n interior. The FASE PROYECTO defines the different technical techniques, the materials and all the components that come from the Mediterranean. Para finalizar, hemos estado haciendo visitas de obra, coordinaci\u00f3n with los arquitectos y all the industriales implicados para que cada detalle quede exactamente aso nuestros dibujos.<\/p>\n<p>[\/et_pb_text][et_pb_text disabled_on=&#8221;on|on|off&#8221; _builder_version=&#8221;4.27.6&#8243; _module_preset=&#8221;default&#8221; text_font=&#8221;Roboto||||||||&#8221; text_text_color=&#8221;#F1ECE6&#8243; text_font_size=&#8221;18px&#8221; header_4_font=&#8221;Roboto Condensed|||on|||||&#8221; header_4_text_color=&#8221;#626c5b&#8221; header_4_font_size=&#8221;13px&#8221; header_4_letter_spacing=&#8221;1px&#8221; header_4_line_height=&#8221;1.4em&#8221; custom_margin=&#8221;||0.5%|-30px|false|false&#8221; custom_padding=&#8221;||||false|false&#8221; locked=&#8221;off&#8221; global_colors_info=&#8221;{}&#8221;]<\/p>\n<h4 class=\"p1\"><span class=\"s1\"><span style=\"color: #9da79b;\">Construction<\/span>\u00a0\u00b7 <a href=\"https:\/\/www.edificam.com\/\" target=\"_blank\" rel=\"noopener\">Edificam Illes<\/a><br \/><\/span><span class=\"s1\"><span style=\"color: #9da79b;\">Architecture:<\/span>\u00a0\u00b7 <a href=\"https:\/\/www.manelavila.com\/es\" target=\"_blank\" rel=\"noopener\">Avila Projects<\/a><br \/><\/span><span class=\"s1\"><span style=\"color: #9da79b;\">Promoter<\/span>\u00a0\u00b7 Grupo Big Sixdificam<br \/><\/span><span class=\"s1\"><span style=\"color: #9da79b;\">Photographer<\/span>\u00a0\u00b7 Ayala Terra<\/span><\/h4>\n<p>[\/et_pb_text][\/et_pb_column][\/et_pb_row][\/et_pb_section]<\/p>\n","protected":false},"excerpt":{"rendered":"<p>VILLA MAMallorca, SpainTheir projects are not made with a simple concept, but with the prop\u00f3sito de cumplir una promesa. This is the case of this villa in the Golf de Bendinat, which is now an absolute reinvention of a part of a pre-existing structure. La tratamos como un lienzo en blanco, permitiendo que la propia [&hellip;]<\/p>\n","protected":false},"author":1,"featured_media":0,"parent":0,"menu_order":0,"comment_status":"closed","ping_status":"closed","template":"","meta":{"_et_pb_use_builder":"on","_et_pb_old_content":"","_et_gb_content_width":"","footnotes":""},"class_list":["post-3092","page","type-page","status-publish","hentry"],"yoast_head":"<!-- This site is optimized with the Yoast SEO plugin v27.6 - https:\/\/yoast.com\/product\/yoast-seo-wordpress\/ -->\n<title>Villa Ma - Atelier by Edificam<\/title>\n<meta name=\"robots\" content=\"index, follow, max-snippet:-1, max-image-preview:large, max-video-preview:-1\" \/>\n<link rel=\"canonical\" href=\"https:\/\/atelierbyedificam.com\/en\/villa-ma\/\" \/>\n<meta property=\"og:locale\" content=\"en_US\" \/>\n<meta property=\"og:type\" content=\"article\" \/>\n<meta property=\"og:title\" content=\"Villa Ma - Atelier by Edificam\" \/>\n<meta property=\"og:description\" content=\"VILLA MAMallorca, SpainTheir projects are not made with a simple concept, but with the prop\u00f3sito de cumplir una promesa. This is the case of this villa in the Golf de Bendinat, which is now an absolute reinvention of a part of a pre-existing structure. La tratamos como un lienzo en blanco, permitiendo que la propia [&hellip;]\" \/>\n<meta property=\"og:url\" content=\"https:\/\/atelierbyedificam.com\/en\/villa-ma\/\" \/>\n<meta property=\"og:site_name\" content=\"Atelier by Edificam\" \/>\n<meta property=\"article:modified_time\" content=\"2026-05-12T12:21:24+00:00\" \/>\n<meta name=\"twitter:card\" content=\"summary_large_image\" \/>\n<meta name=\"twitter:label1\" content=\"Est. reading time\" \/>\n\t<meta name=\"twitter:data1\" content=\"9 minutes\" \/>\n<script type=\"application\/ld+json\" class=\"yoast-schema-graph\">{\"@context\":\"https:\\\/\\\/schema.org\",\"@graph\":[{\"@type\":\"WebPage\",\"@id\":\"https:\\\/\\\/atelierbyedificam.com\\\/en\\\/villa-ma\\\/\",\"url\":\"https:\\\/\\\/atelierbyedificam.com\\\/en\\\/villa-ma\\\/\",\"name\":\"Villa Ma - Atelier by Edificam\",\"isPartOf\":{\"@id\":\"https:\\\/\\\/atelierbyedificam.com\\\/en\\\/#website\"},\"datePublished\":\"2026-03-17T10:28:44+00:00\",\"dateModified\":\"2026-05-12T12:21:24+00:00\",\"breadcrumb\":{\"@id\":\"https:\\\/\\\/atelierbyedificam.com\\\/en\\\/villa-ma\\\/#breadcrumb\"},\"inLanguage\":\"en-US\",\"potentialAction\":[{\"@type\":\"ReadAction\",\"target\":[\"https:\\\/\\\/atelierbyedificam.com\\\/en\\\/villa-ma\\\/\"]}]},{\"@type\":\"BreadcrumbList\",\"@id\":\"https:\\\/\\\/atelierbyedificam.com\\\/en\\\/villa-ma\\\/#breadcrumb\",\"itemListElement\":[{\"@type\":\"ListItem\",\"position\":1,\"name\":\"Startseite\",\"item\":\"https:\\\/\\\/atelierbyedificam.com\\\/en\\\/\"},{\"@type\":\"ListItem\",\"position\":2,\"name\":\"Villa Ma\"}]},{\"@type\":\"WebSite\",\"@id\":\"https:\\\/\\\/atelierbyedificam.com\\\/en\\\/#website\",\"url\":\"https:\\\/\\\/atelierbyedificam.com\\\/en\\\/\",\"name\":\"Atelier by Edificam\",\"description\":\"Interior design\",\"potentialAction\":[{\"@type\":\"SearchAction\",\"target\":{\"@type\":\"EntryPoint\",\"urlTemplate\":\"https:\\\/\\\/atelierbyedificam.com\\\/en\\\/?s={search_term_string}\"},\"query-input\":{\"@type\":\"PropertyValueSpecification\",\"valueRequired\":true,\"valueName\":\"search_term_string\"}}],\"inLanguage\":\"en-US\"}]}<\/script>\n<!-- \/ Yoast SEO plugin. -->","yoast_head_json":{"title":"Villa Ma - Atelier by Edificam","robots":{"index":"index","follow":"follow","max-snippet":"max-snippet:-1","max-image-preview":"max-image-preview:large","max-video-preview":"max-video-preview:-1"},"canonical":"https:\/\/atelierbyedificam.com\/en\/villa-ma\/","og_locale":"en_US","og_type":"article","og_title":"Villa Ma - Atelier by Edificam","og_description":"VILLA MAMallorca, SpainTheir projects are not made with a simple concept, but with the prop\u00f3sito de cumplir una promesa. This is the case of this villa in the Golf de Bendinat, which is now an absolute reinvention of a part of a pre-existing structure. La tratamos como un lienzo en blanco, permitiendo que la propia [&hellip;]","og_url":"https:\/\/atelierbyedificam.com\/en\/villa-ma\/","og_site_name":"Atelier by Edificam","article_modified_time":"2026-05-12T12:21:24+00:00","twitter_card":"summary_large_image","twitter_misc":{"Est. reading time":"9 minutes"},"schema":{"@context":"https:\/\/schema.org","@graph":[{"@type":"WebPage","@id":"https:\/\/atelierbyedificam.com\/en\/villa-ma\/","url":"https:\/\/atelierbyedificam.com\/en\/villa-ma\/","name":"Villa Ma - Atelier by Edificam","isPartOf":{"@id":"https:\/\/atelierbyedificam.com\/en\/#website"},"datePublished":"2026-03-17T10:28:44+00:00","dateModified":"2026-05-12T12:21:24+00:00","breadcrumb":{"@id":"https:\/\/atelierbyedificam.com\/en\/villa-ma\/#breadcrumb"},"inLanguage":"en-US","potentialAction":[{"@type":"ReadAction","target":["https:\/\/atelierbyedificam.com\/en\/villa-ma\/"]}]},{"@type":"BreadcrumbList","@id":"https:\/\/atelierbyedificam.com\/en\/villa-ma\/#breadcrumb","itemListElement":[{"@type":"ListItem","position":1,"name":"Startseite","item":"https:\/\/atelierbyedificam.com\/en\/"},{"@type":"ListItem","position":2,"name":"Villa Ma"}]},{"@type":"WebSite","@id":"https:\/\/atelierbyedificam.com\/en\/#website","url":"https:\/\/atelierbyedificam.com\/en\/","name":"Atelier by Edificam","description":"Interior design","potentialAction":[{"@type":"SearchAction","target":{"@type":"EntryPoint","urlTemplate":"https:\/\/atelierbyedificam.com\/en\/?s={search_term_string}"},"query-input":{"@type":"PropertyValueSpecification","valueRequired":true,"valueName":"search_term_string"}}],"inLanguage":"en-US"}]}},"_links":{"self":[{"href":"https:\/\/atelierbyedificam.com\/en\/wp-json\/wp\/v2\/pages\/3092","targetHints":{"allow":["GET"]}}],"collection":[{"href":"https:\/\/atelierbyedificam.com\/en\/wp-json\/wp\/v2\/pages"}],"about":[{"href":"https:\/\/atelierbyedificam.com\/en\/wp-json\/wp\/v2\/types\/page"}],"author":[{"embeddable":true,"href":"https:\/\/atelierbyedificam.com\/en\/wp-json\/wp\/v2\/users\/1"}],"replies":[{"embeddable":true,"href":"https:\/\/atelierbyedificam.com\/en\/wp-json\/wp\/v2\/comments?post=3092"}],"version-history":[{"count":3,"href":"https:\/\/atelierbyedificam.com\/en\/wp-json\/wp\/v2\/pages\/3092\/revisions"}],"predecessor-version":[{"id":3113,"href":"https:\/\/atelierbyedificam.com\/en\/wp-json\/wp\/v2\/pages\/3092\/revisions\/3113"}],"wp:attachment":[{"href":"https:\/\/atelierbyedificam.com\/en\/wp-json\/wp\/v2\/media?parent=3092"}],"curies":[{"name":"wp","href":"https:\/\/api.w.org\/{rel}","templated":true}]}}